{"id":1062,"date":"2019-12-16T23:03:57","date_gmt":"2019-12-16T22:03:57","guid":{"rendered":"https:\/\/clockwork-origins.com\/support-us\/"},"modified":"2023-10-01T09:48:41","modified_gmt":"2023-10-01T07:48:41","slug":"support-us","status":"publish","type":"page","link":"https:\/\/clockwork-origins.com\/de\/support-us\/","title":{"rendered":"Unterst\u00fctze uns"},"content":{"rendered":"\n<p>Du magst unsere Arbeit und willst uns unterst\u00fctzen? Wir haben zahlreiche Wege, wie du das machen kannst!<\/p>\n\n\n\n<h2 class=\"wp-block-heading\">Feedback<\/h2>\n\n\n\n<p>Der g\u00fcnstigste Weg ist nat\u00fcrlich uns Feedback zu geben. Wir nehmen es ernst f\u00fcr alle unsere Projekte und es kann viel helfen. Dabei macht es keinen Unterschied, ob es positiv oder negativ ist, wichtig ist nur, dass es konstruktiv ist.<\/p>\n\n\n\n<p>Wir versuchen alle unsere Projekte lange am Leben zu halten auch ver\u00f6ffentlichen auch Jahre nach Release nochmal Updates, wenn wir es f\u00fcr n\u00f6tig halten.<\/p>\n\n\n\n<p>Der beste Weg uns Feedback zu geben, ist \u00fcber unseren <a rel=\"noreferrer noopener\" aria-label=\"Discord (opens in a new tab)\" href=\"https:\/\/discord.gg\/bwnuXq9\" target=\"_blank\">Discord<\/a> Server. Wir sind dort sehr aktiv und reden viel mit den Leuten.<\/p>\n\n\n\n<p>Du kannst auch deinen Freunden von uns erz\u00e4hlen, unsere Videos auf <a rel=\"noreferrer noopener\" aria-label=\"YouTube (opens in a new tab)\" href=\"https:\/\/www.youtube.com\/channel\/UCFIOQnAhPOnZiNC3zfc8qsQ\" target=\"_blank\">YouTube<\/a> liken und teilen oder auch unsere Tweets auf <a rel=\"noreferrer noopener\" aria-label=\"Twitter (opens in a new tab)\" href=\"https:\/\/twitter.com\/CWO_Games\" target=\"_blank\">Twitter<\/a>. Um \u00fcber unsere Steam-Releases und gro\u00dfe Updates auf dem Laufenden zu bleiben kannst du auch unserer <a rel=\"noreferrer noopener\" aria-label=\"Steam developer page (opens in a new tab)\" href=\"https:\/\/store.steampowered.com\/developer\/clockwork-origins\" target=\"_blank\">Steam-Entwicklerseite<\/a> folgen.<\/p>\n\n\n\n<div style=\"padding:0\" class=\"wp-block-tnp-minimal\"><p>Um auf dem aktuellen Stand zu bleiben, kannst du dich ebenfalls bei unserem Newsletter anmelden!<\/p><div><div class=\"tnp tnp-subscription-minimal  \"><form action=\"https:\/\/clockwork-origins.com\/wp-admin\/admin-ajax.php?action=tnp&amp;na=s\" method=\"post\" style=\"text-align: center\"><input type=\"hidden\" name=\"nr\" value=\"minimal\">\n<input type=\"hidden\" name=\"nlang\" value=\"de\">\n<input class=\"tnp-email\" type=\"email\" required name=\"ne\" value=\"\" placeholder=\"Email\"><input class=\"tnp-submit\" type=\"submit\" value=\"Subscribe\" style=\"background-color:undefined;\">\n<div class=\"tnp-field tnp-privacy-field\"><label><input type=\"checkbox\" name=\"ny\" required class=\"tnp-privacy\"> <a target=\"_blank\" href=\"https:\/\/clockwork-origins.com\/privacy\">By continuing, you accept the privacy policy<\/a><\/label><\/div><\/form><\/div>\n<\/div><\/div>\n\n\n\n<h2 class=\"wp-block-heading\">Kaufe unsere Spiele<\/h2>\n\n\n\n<p>Feedback ist zwar nett, aber es bezahlt nicht unsere Rechnungen. Bisher haben wir nur ein Spiel ver\u00f6ffentlicht und das war nicht der gro\u00dfe Durchbruch, auch wenn es gut genug ist, um im Moment unsere laufenden Kosten zu decken. Wenn du uns finanziell unterst\u00fctzen m\u00f6chtest, w\u00fcrden wir uns nat\u00fcrlich freuen, wenn du unsere Spiele kaufst. Das Gute daran ist, dass du direkt etwas daf\u00fcr bekommst.<\/p>\n\n\n\n<p>Wenn du unsere Spiele kaufst und spielst, vergiss nicht uns Feedback zu geben und ein Review zu schreiben.<\/p>\n\n\n<div class=\"alignwide-wrap\" data-block=\"media-text\">\n<div class=\"wp-block-media-text alignwide is-stacked-on-mobile\" style=\"grid-template-columns:15% auto\"><figure class=\"wp-block-media-text__media\"><img fetchpriority=\"high\" decoding=\"async\" width=\"512\" height=\"512\" src=\"https:\/\/clockwork-origins.com\/wp-content\/uploads\/ctd_icon_droneA-512x512.png\" alt=\"\" class=\"wp-image-2174 size-full\" srcset=\"https:\/\/clockwork-origins.com\/wp-content\/uploads\/ctd_icon_droneA-512x512.png 512w, https:\/\/clockwork-origins.com\/wp-content\/uploads\/ctd_icon_droneA-300x300.png 300w, https:\/\/clockwork-origins.com\/wp-content\/uploads\/ctd_icon_droneA-768x768.png 768w, https:\/\/clockwork-origins.com\/wp-content\/uploads\/ctd_icon_droneA.png 1024w\" sizes=\"(max-width: 512px) 100vw, 512px\" \/><\/figure><div class=\"wp-block-media-text__content\">\n<p class=\"has-large-font-size\"><a href=\"https:\/\/cyber-td.com\/\" target=\"_blank\" rel=\"noreferrer noopener\">CyberTD<\/a><\/p>\n<\/div><\/div>\n<\/div>\n\n<div class=\"alignwide-wrap\" data-block=\"media-text\">\n<div class=\"wp-block-media-text alignwide is-stacked-on-mobile\" style=\"grid-template-columns:15% auto\"><figure class=\"wp-block-media-text__media\"><img decoding=\"async\" width=\"256\" height=\"256\" src=\"https:\/\/clockwork-origins.com\/wp-content\/uploads\/ew_icon_256.png\" alt=\"\" class=\"wp-image-858 size-full\"\/><\/figure><div class=\"wp-block-media-text__content\">\n<p class=\"has-large-font-size\"><a href=\"https:\/\/elemental-war.com\/elemental-war\" target=\"_blank\" rel=\"noreferrer noopener\">Elemental War<\/a><\/p>\n<\/div><\/div>\n<\/div>\n\n<div class=\"alignwide-wrap\" data-block=\"media-text\">\n<div class=\"wp-block-media-text alignwide is-stacked-on-mobile\" style=\"grid-template-columns:15% auto\"><figure class=\"wp-block-media-text__media\"><img decoding=\"async\" width=\"512\" height=\"512\" src=\"https:\/\/clockwork-origins.com\/wp-content\/uploads\/ew_icon_512_transparent.png\" alt=\"\" class=\"wp-image-1827 size-full\" srcset=\"https:\/\/clockwork-origins.com\/wp-content\/uploads\/ew_icon_512_transparent.png 512w, https:\/\/clockwork-origins.com\/wp-content\/uploads\/ew_icon_512_transparent-300x300.png 300w\" sizes=\"(max-width: 512px) 100vw, 512px\" \/><\/figure><div class=\"wp-block-media-text__content\">\n<p class=\"has-large-font-size\"><a href=\"https:\/\/elemental-war.com\/elemental-war-2\" target=\"_blank\" rel=\"noreferrer noopener\">Elemental War 2<\/a><\/p>\n<\/div><\/div>\n<\/div>\n\n<div class=\"alignwide-wrap\" data-block=\"media-text\">\n<div class=\"wp-block-media-text alignwide is-stacked-on-mobile\" style=\"grid-template-columns:15% auto\"><figure class=\"wp-block-media-text__media\"><img loading=\"lazy\" decoding=\"async\" width=\"512\" height=\"512\" src=\"https:\/\/clockwork-origins.com\/wp-content\/uploads\/tri6infinite_symbol_icon_1024x1024-512x512.png\" alt=\"\" class=\"wp-image-1225 size-full\" srcset=\"https:\/\/clockwork-origins.com\/wp-content\/uploads\/tri6infinite_symbol_icon_1024x1024-512x512.png 512w, https:\/\/clockwork-origins.com\/wp-content\/uploads\/tri6infinite_symbol_icon_1024x1024-300x300.png 300w, https:\/\/clockwork-origins.com\/wp-content\/uploads\/tri6infinite_symbol_icon_1024x1024-768x768.png 768w, https:\/\/clockwork-origins.com\/wp-content\/uploads\/tri6infinite_symbol_icon_1024x1024.png 1024w\" sizes=\"(max-width: 512px) 100vw, 512px\" \/><\/figure><div class=\"wp-block-media-text__content\">\n<p class=\"has-large-font-size\"><a href=\"https:\/\/tri6game.com\/\" target=\"_blank\" rel=\"noreferrer noopener\">Tri6: Infinite<\/a><\/p>\n<\/div><\/div>\n<\/div>\n\n\n<h2 class=\"wp-block-heading\">Unterst\u00fctze uns auf Patreon oder Paypal<\/h2>\n\n\n\n<p>W\u00e4hrend unsere Spiele ihre Entwicklungskosten selbst decken sollen kann Spine das als nicht-kommerzielles Projekt nicht tun. Daf\u00fcr k\u00f6nnt ihr uns da mit einer kleinen Spende unterst\u00fctzen, damit wir die Server- und Entwicklungskosten decken k\u00f6nnen.<\/p>\n\n\n\n<p>Das k\u00f6nnt ihr \u00fcber <a aria-label=\"Paypal (opens in a new tab)\" href=\"https:\/\/paypal.me\/ClockworkOrigins\" target=\"_blank\" rel=\"noreferrer noopener\">Paypal<\/a> und <a href=\"https:\/\/www.patreon.com\/spineforgothic\" target=\"_blank\" rel=\"noreferrer noopener\">Patreon<\/a> tun.<\/p>\n","protected":false},"excerpt":{"rendered":"<div class=\"entry-summary\">\nDu magst unsere Arbeit und willst uns unterst\u00fctzen? Wir haben zahlreiche Wege, wie du das machen kannst! Feedback Der g\u00fcnstigste Weg ist nat\u00fcrlich uns Feedback zu geben. Wir nehmen es ernst f\u00fcr alle unsere Projekte und es kann viel helfen.&hellip;\n<\/div>\n<div class=\"link-more\"><a href=\"https:\/\/clockwork-origins.com\/de\/support-us\/\" class=\"more-link\"><span class=\"screen-reader-text\"> &ldquo;Unterst\u00fctze uns&rdquo;<\/span> weiterlesen\u00a0&hellip;<\/a><\/div>\n","protected":false},"author":1,"featured_media":0,"parent":0,"menu_order":0,"comment_status":"closed","ping_status":"closed","template":"","meta":{"iawp_total_views":11,"footnotes":""},"tags":[],"class_list":["post-1062","page","type-page","status-publish","hentry","entry"],"yoast_head":"<!-- This site is optimized with the Yoast SEO plugin v27.4 - https:\/\/yoast.com\/product\/yoast-seo-wordpress\/ -->\n<title>Unterst\u00fctze uns - Clockwork Origins<\/title>\n<meta name=\"robots\" content=\"index, follow, max-snippet:-1, max-image-preview:large, max-video-preview:-1\" \/>\n<link rel=\"canonical\" href=\"https:\/\/clockwork-origins.com\/de\/support-us\/\" \/>\n<meta property=\"og:locale\" content=\"de_DE\" \/>\n<meta property=\"og:type\" content=\"article\" \/>\n<meta property=\"og:title\" content=\"Unterst\u00fctze uns - Clockwork Origins\" \/>\n<meta property=\"og:description\" content=\"Du magst unsere Arbeit und willst uns unterst\u00fctzen? Wir haben zahlreiche Wege, wie du das machen kannst! Feedback Der g\u00fcnstigste Weg ist nat\u00fcrlich uns Feedback zu geben. Wir nehmen es ernst f\u00fcr alle unsere Projekte und es kann viel helfen.&hellip; &ldquo;Unterst\u00fctze uns&rdquo; weiterlesen\u00a0&hellip;\" \/>\n<meta property=\"og:url\" content=\"https:\/\/clockwork-origins.com\/de\/support-us\/\" \/>\n<meta property=\"og:site_name\" content=\"Clockwork Origins\" \/>\n<meta property=\"article:modified_time\" content=\"2023-10-01T07:48:41+00:00\" \/>\n<meta property=\"og:image\" content=\"https:\/\/clockwork-origins.com\/wp-content\/uploads\/ctd_icon_droneA-512x512.png\" \/>\n<meta name=\"twitter:card\" content=\"summary_large_image\" \/>\n<meta name=\"twitter:label1\" content=\"Gesch\u00e4tzte Lesezeit\" \/>\n\t<meta name=\"twitter:data1\" content=\"3\u00a0Minuten\" \/>\n<script type=\"application\/ld+json\" class=\"yoast-schema-graph\">{\"@context\":\"https:\\\/\\\/schema.org\",\"@graph\":[{\"@type\":\"WebPage\",\"@id\":\"https:\\\/\\\/clockwork-origins.com\\\/de\\\/support-us\\\/\",\"url\":\"https:\\\/\\\/clockwork-origins.com\\\/de\\\/support-us\\\/\",\"name\":\"Unterst\u00fctze uns - Clockwork Origins\",\"isPartOf\":{\"@id\":\"https:\\\/\\\/clockwork-origins.com\\\/#website\"},\"primaryImageOfPage\":{\"@id\":\"https:\\\/\\\/clockwork-origins.com\\\/de\\\/support-us\\\/#primaryimage\"},\"image\":{\"@id\":\"https:\\\/\\\/clockwork-origins.com\\\/de\\\/support-us\\\/#primaryimage\"},\"thumbnailUrl\":\"https:\\\/\\\/clockwork-origins.com\\\/wp-content\\\/uploads\\\/ctd_icon_droneA-512x512.png\",\"datePublished\":\"2019-12-16T22:03:57+00:00\",\"dateModified\":\"2023-10-01T07:48:41+00:00\",\"breadcrumb\":{\"@id\":\"https:\\\/\\\/clockwork-origins.com\\\/de\\\/support-us\\\/#breadcrumb\"},\"inLanguage\":\"de\",\"potentialAction\":[{\"@type\":\"ReadAction\",\"target\":[\"https:\\\/\\\/clockwork-origins.com\\\/de\\\/support-us\\\/\"]}]},{\"@type\":\"ImageObject\",\"inLanguage\":\"de\",\"@id\":\"https:\\\/\\\/clockwork-origins.com\\\/de\\\/support-us\\\/#primaryimage\",\"url\":\"https:\\\/\\\/clockwork-origins.com\\\/wp-content\\\/uploads\\\/ctd_icon_droneA-512x512.png\",\"contentUrl\":\"https:\\\/\\\/clockwork-origins.com\\\/wp-content\\\/uploads\\\/ctd_icon_droneA-512x512.png\"},{\"@type\":\"BreadcrumbList\",\"@id\":\"https:\\\/\\\/clockwork-origins.com\\\/de\\\/support-us\\\/#breadcrumb\",\"itemListElement\":[{\"@type\":\"ListItem\",\"position\":1,\"name\":\"Home\",\"item\":\"https:\\\/\\\/clockwork-origins.com\\\/de\\\/\"},{\"@type\":\"ListItem\",\"position\":2,\"name\":\"Unterst\u00fctze uns\"}]},{\"@type\":\"WebSite\",\"@id\":\"https:\\\/\\\/clockwork-origins.com\\\/#website\",\"url\":\"https:\\\/\\\/clockwork-origins.com\\\/\",\"name\":\"Clockwork Origins\",\"description\":\"\",\"publisher\":{\"@id\":\"https:\\\/\\\/clockwork-origins.com\\\/#organization\"},\"potentialAction\":[{\"@type\":\"SearchAction\",\"target\":{\"@type\":\"EntryPoint\",\"urlTemplate\":\"https:\\\/\\\/clockwork-origins.com\\\/?s={search_term_string}\"},\"query-input\":{\"@type\":\"PropertyValueSpecification\",\"valueRequired\":true,\"valueName\":\"search_term_string\"}}],\"inLanguage\":\"de\"},{\"@type\":\"Organization\",\"@id\":\"https:\\\/\\\/clockwork-origins.com\\\/#organization\",\"name\":\"Clockwork Origins\",\"url\":\"https:\\\/\\\/clockwork-origins.com\\\/\",\"logo\":{\"@type\":\"ImageObject\",\"inLanguage\":\"de\",\"@id\":\"https:\\\/\\\/clockwork-origins.com\\\/#\\\/schema\\\/logo\\\/image\\\/\",\"url\":\"https:\\\/\\\/clockwork-origins.com\\\/wp-content\\\/uploads\\\/2018\\\/02\\\/cropped-ClockworkOrigins_Icon_256xx-1.png\",\"contentUrl\":\"https:\\\/\\\/clockwork-origins.com\\\/wp-content\\\/uploads\\\/2018\\\/02\\\/cropped-ClockworkOrigins_Icon_256xx-1.png\",\"width\":256,\"height\":256,\"caption\":\"Clockwork Origins\"},\"image\":{\"@id\":\"https:\\\/\\\/clockwork-origins.com\\\/#\\\/schema\\\/logo\\\/image\\\/\"}}]}<\/script>\n<!-- \/ Yoast SEO plugin. -->","yoast_head_json":{"title":"Unterst\u00fctze uns - Clockwork Origins","robots":{"index":"index","follow":"follow","max-snippet":"max-snippet:-1","max-image-preview":"max-image-preview:large","max-video-preview":"max-video-preview:-1"},"canonical":"https:\/\/clockwork-origins.com\/de\/support-us\/","og_locale":"de_DE","og_type":"article","og_title":"Unterst\u00fctze uns - Clockwork Origins","og_description":"Du magst unsere Arbeit und willst uns unterst\u00fctzen? Wir haben zahlreiche Wege, wie du das machen kannst! Feedback Der g\u00fcnstigste Weg ist nat\u00fcrlich uns Feedback zu geben. Wir nehmen es ernst f\u00fcr alle unsere Projekte und es kann viel helfen.&hellip; &ldquo;Unterst\u00fctze uns&rdquo; weiterlesen\u00a0&hellip;","og_url":"https:\/\/clockwork-origins.com\/de\/support-us\/","og_site_name":"Clockwork Origins","article_modified_time":"2023-10-01T07:48:41+00:00","og_image":[{"url":"https:\/\/clockwork-origins.com\/wp-content\/uploads\/ctd_icon_droneA-512x512.png","type":"","width":"","height":""}],"twitter_card":"summary_large_image","twitter_misc":{"Gesch\u00e4tzte Lesezeit":"3\u00a0Minuten"},"schema":{"@context":"https:\/\/schema.org","@graph":[{"@type":"WebPage","@id":"https:\/\/clockwork-origins.com\/de\/support-us\/","url":"https:\/\/clockwork-origins.com\/de\/support-us\/","name":"Unterst\u00fctze uns - Clockwork Origins","isPartOf":{"@id":"https:\/\/clockwork-origins.com\/#website"},"primaryImageOfPage":{"@id":"https:\/\/clockwork-origins.com\/de\/support-us\/#primaryimage"},"image":{"@id":"https:\/\/clockwork-origins.com\/de\/support-us\/#primaryimage"},"thumbnailUrl":"https:\/\/clockwork-origins.com\/wp-content\/uploads\/ctd_icon_droneA-512x512.png","datePublished":"2019-12-16T22:03:57+00:00","dateModified":"2023-10-01T07:48:41+00:00","breadcrumb":{"@id":"https:\/\/clockwork-origins.com\/de\/support-us\/#breadcrumb"},"inLanguage":"de","potentialAction":[{"@type":"ReadAction","target":["https:\/\/clockwork-origins.com\/de\/support-us\/"]}]},{"@type":"ImageObject","inLanguage":"de","@id":"https:\/\/clockwork-origins.com\/de\/support-us\/#primaryimage","url":"https:\/\/clockwork-origins.com\/wp-content\/uploads\/ctd_icon_droneA-512x512.png","contentUrl":"https:\/\/clockwork-origins.com\/wp-content\/uploads\/ctd_icon_droneA-512x512.png"},{"@type":"BreadcrumbList","@id":"https:\/\/clockwork-origins.com\/de\/support-us\/#breadcrumb","itemListElement":[{"@type":"ListItem","position":1,"name":"Home","item":"https:\/\/clockwork-origins.com\/de\/"},{"@type":"ListItem","position":2,"name":"Unterst\u00fctze uns"}]},{"@type":"WebSite","@id":"https:\/\/clockwork-origins.com\/#website","url":"https:\/\/clockwork-origins.com\/","name":"Clockwork Origins","description":"","publisher":{"@id":"https:\/\/clockwork-origins.com\/#organization"},"potentialAction":[{"@type":"SearchAction","target":{"@type":"EntryPoint","urlTemplate":"https:\/\/clockwork-origins.com\/?s={search_term_string}"},"query-input":{"@type":"PropertyValueSpecification","valueRequired":true,"valueName":"search_term_string"}}],"inLanguage":"de"},{"@type":"Organization","@id":"https:\/\/clockwork-origins.com\/#organization","name":"Clockwork Origins","url":"https:\/\/clockwork-origins.com\/","logo":{"@type":"ImageObject","inLanguage":"de","@id":"https:\/\/clockwork-origins.com\/#\/schema\/logo\/image\/","url":"https:\/\/clockwork-origins.com\/wp-content\/uploads\/2018\/02\/cropped-ClockworkOrigins_Icon_256xx-1.png","contentUrl":"https:\/\/clockwork-origins.com\/wp-content\/uploads\/2018\/02\/cropped-ClockworkOrigins_Icon_256xx-1.png","width":256,"height":256,"caption":"Clockwork Origins"},"image":{"@id":"https:\/\/clockwork-origins.com\/#\/schema\/logo\/image\/"}}]}},"_links":{"self":[{"href":"https:\/\/clockwork-origins.com\/de\/wp-json\/wp\/v2\/pages\/1062","targetHints":{"allow":["GET"]}}],"collection":[{"href":"https:\/\/clockwork-origins.com\/de\/wp-json\/wp\/v2\/pages"}],"about":[{"href":"https:\/\/clockwork-origins.com\/de\/wp-json\/wp\/v2\/types\/page"}],"author":[{"embeddable":true,"href":"https:\/\/clockwork-origins.com\/de\/wp-json\/wp\/v2\/users\/1"}],"replies":[{"embeddable":true,"href":"https:\/\/clockwork-origins.com\/de\/wp-json\/wp\/v2\/comments?post=1062"}],"version-history":[{"count":4,"href":"https:\/\/clockwork-origins.com\/de\/wp-json\/wp\/v2\/pages\/1062\/revisions"}],"predecessor-version":[{"id":2512,"href":"https:\/\/clockwork-origins.com\/de\/wp-json\/wp\/v2\/pages\/1062\/revisions\/2512"}],"wp:attachment":[{"href":"https:\/\/clockwork-origins.com\/de\/wp-json\/wp\/v2\/media?parent=1062"}],"wp:term":[{"taxonomy":"post_tag","embeddable":true,"href":"https:\/\/clockwork-origins.com\/de\/wp-json\/wp\/v2\/tags?post=1062"}],"curies":[{"name":"wp","href":"https:\/\/api.w.org\/{rel}","templated":true}]}}