{"id":1082,"date":"2019-12-21T13:15:29","date_gmt":"2019-12-21T12:15:29","guid":{"rendered":"https:\/\/clockwork-origins.com\/spine-tutorial-translating-modifications\/"},"modified":"2019-12-21T13:43:37","modified_gmt":"2019-12-21T12:43:37","slug":"spine-tutorial-translating-modifications","status":"publish","type":"page","link":"https:\/\/clockwork-origins.com\/de\/spine-tutorial-translating-modifications\/","title":{"rendered":"Spine Tutorial &#8211; Modifikationen \u00fcbersetzen"},"content":{"rendered":"\n<h2 class=\"wp-block-heading\">Einleitung<\/h2>\n\n\n\n<p>Seit Jahren gibt es zahlreiche Modifikationen in verschiedenen Sprachen, die h\u00e4ufigsten darunter sind Deutsch, Polnisch und Russisch. Und viele dieser Mods sind nur in einer der Sprachen verf\u00fcgbar, weil das \u00dcbersetzen von Mods schwierig und zeitaufw\u00e4ndig ist, besonders f\u00fcr gro\u00dfe Mods.<\/p>\n\n\n\n<p>Spine hat daf\u00fcr ein \u00dcbersetzungs-Tool, das dazu gedacht ist, den gesamten Prozess einer \u00dcbersetzung zu vereinfachen.<\/p>\n\n\n\n<h2 class=\"wp-block-heading\">\u00dcberblick<\/h2>\n\n\n\n<p>Die grundlegende Idee ist es das manuelle Teilen von Scripts zum \u00dcbersetzen der Mods zu vermeiden und im Gegenteil die \u00dcbersetzungen \u00fcber mehrere Mods zu teilen. Das funktioniert f\u00fcr Erweiterungsmods am besten, aber auch Total Conversions k\u00f6nnen davon profitieren.<\/p>\n\n\n\n<p>Jeder Name, Text und Dialog in einer Mod muss nur ein einziges Mal \u00fcbersetzt werden. Wenn der Text f\u00fcr Modifikation A \u00fcbersetzt wurde, werden Modifikationen B, C, D&#8230; den Text ebenfalls nutzen. Das spart einige Zeit, wenn Mods z.B. SVMs, Monster, Items, Zauber&#8230; teilen.<\/p>\n\n\n\n<h2 class=\"wp-block-heading\">Eine \u00dcbersetzung anfordern<\/h2>\n\n\n\n<p>Wenn du eine Mod erstellt hast und sie \u00fcbersetzen willst, ist das nicht besonders schwierig. Im Spine-Client klickst du in der <em>Men\u00fcleiste<\/em> auf <em>Entwickler<\/em> und dort auf <em>\u00dcbersetzung anfordern<\/em>. Ein neuer Dialog wird erscheinen. Hier kannst du den Pfad zu deinem Scripts-Ordner angeben. Das ist der oberste Script-Ordner (_work\/data\/Scripts). Dann musst du noch einen Projektnamen angeben (z.B. den Namen der Mod) und sowohl die Ausgangs- als auch die Zielsprache ausw\u00e4hlen. Die Ausgangssprache ist die, in der die Scripts geschrieben sind, die Zielsprache die, in die \u00fcbersetzt werden soll. Wenn das erledigt ist, kannst du direkt die Scripts parsen lassen. Das kann eine Weile dauern und wenn es erledigt ist, siehst du die Statistiken f\u00fcr dein Projekt, das hei\u00dft wie viele Texte die Mod enth\u00e4lt. Jetzt kannst du \u00fcber einen Klick auf <em>\u00dcbersetzung anfordern<\/em> die Texte auf den Server hochladen und ein neues \u00dcbersetzungsprojekt anlegen.<\/p>\n\n\n\n<h2 class=\"wp-block-heading\">Verwaltung deiner \u00dcbersetzung<\/h2>\n\n\n\n<p>Jetzt hast du eine \u00dcbersetzungs-Anfrage erstellt, aber keiner kann sie \u00fcbersetzen. Im selben Dialog siehst du einen \u00dcberblick \u00fcber deine \u00dcbersetzungsprojekte (das Update kann ein bisschen dauern). Jedes von ihnen zeigt den Fortschritt und zwei Buttons an, einen zur Verwaltung welche Nutzer die Erlaubnis haben, bei der \u00dcbersetzung mitzuarbeiten, der andere, um die \u00dcbersetzung anzuwenden. Zur Anwendung der \u00dcbersetzung kommen wir sp\u00e4ter.<\/p>\n\n\n\n<p>Um Leute dein Projekt \u00fcbersetzen zu lassen, musst du sie in der Benutzerverwaltung hinzuf\u00fcgen. W\u00e4hle dazu jemanden auf der linken Seite aus und klicke auf den Pfeil, um ihn zur rechten Seite hinzuzuf\u00fcgen. Jeder Benutzer auf der rechten Seite kann auf die \u00dcbersetzung des Projekts zugreifen. Um jemanden wieder zu entfernen muss der Benutzer nur von der rechten Liste wieder in die linke geschoben werden.<\/p>\n\n\n\n<h2 class=\"wp-block-heading\">Eine \u00dcbersetzung anwenden<\/h2>\n\n\n\n<p>Wenn eine \u00dcbersetzung fertig ist oder sogar w\u00e4hrend der \u00dcbersetzung kann sie auf die Scripts angewandt werden. Das funktioniert auch noch, wenn die Scripts sich in der Zwischenzeit ge\u00e4ndert haben, aber ge\u00e4nderte Texte werden nat\u00fcrlich dann nicht \u00fcbersetzt.<\/p>\n\n\n\n<p>Wenn eine \u00dcbersetzung angewandt wird, w\u00e4hle den gleichen Ordner aus wie f\u00fcr die Anfrage. Das dauert auch wieder eine Weile und danach hast du einen neuen Ordner oberhalb des Scripts-Ordners namens <em>translated<\/em>. Jetzt musst du diesen Ordner nur noch kompilieren, die Untertitel neu bauen und schon hast du eine \u00dcbersetzung deiner Scripts.<\/p>\n\n\n\n<p>HINWEIS: Texte, die noch nicht \u00fcbersetzt wurden wenn die \u00dcbersetzung angewandt wird werden automatisch mit Texten ausgetauscht, die \u00fcbe DeepL automatisch \u00fcbersetzt wurden. Das ist nat\u00fcrlich nicht so gut wie eine manuelle \u00dcbersetzung, aber besser als gar keine \u00dcbersetzung. Beachte dabei, dass neue Texte auch erstmal \u00fcber DeepL \u00fcbersetzt werden m\u00fcssen. Du kannst also nicht eine \u00dcbersetzung anfragen und direkt danach die \u00dcbersetzung anwenden.<\/p>\n\n\n\n<h2 class=\"wp-block-heading\">Eine Modifikation \u00fcbersetzen<\/h2>\n\n\n\n<p>Die \u00dcbersetzung kann von jedem mit Zugriff auf das \u00dcbersetzungsprojekt angefertigt werden, also von Entwicklern und Spielern. Zuerst muss der \u00dcbersetzer \u00fcber <em>Entwickler<\/em> => <em>\u00dcbersetzer<\/em> ge\u00f6ffnet werden. Links oben ist ein Dropdown mit allen \u00dcbersetzungsprojekten. Das enth\u00e4lt ebenfalls die Projekte, f\u00fcr die du nicht freigeschaltet bist. Wenn eines ausgew\u00e4hlt wird, wird der Gesamtfortschritt \u00fcber die <em>fertigen<\/em> Texte auf der rechten Seite angezeigt.<\/p>\n\n\n\n<p>Dann hast du zwei Optionen:<\/p>\n\n\n\n<ul class=\"wp-block-list\"><li>Text f\u00fcr \u00dcbersetzung anfordern<\/li><li>Text f\u00fcr Review anfordern<\/li><\/ul>\n\n\n\n<p>Der ganze \u00dcbersetzungsprozess ist in zwei Schritte aufgeteilt. Zuerst muss jeder Text von der Ausgangs- in die Zielsprache \u00fcbersetzt werden. Dazu bekommst du Hinweise von \u00e4hnlichen \u00fcbersetzten Texten und der automatischen \u00dcbersetzung, wenn verf\u00fcgbar. Dann kannst du den Text \u00fcbersetzen und abschicken.<\/p>\n\n\n\n<p>Der andere Teil ist der Review-Prozess. Jeder \u00fcbersetzte Text muss von einem anderen Benutzer zur Qualit\u00e4tskontrolle \u00fcberpr\u00fcft werden. Wenn der Text korrekt ist, kann der Reviewer ihn abschicken und die Gesamtzahl der \u00dcbersetzung steigt. Wenn der Reviewer etwas \u00e4ndert, wird der Text wieder als Review markiert.<\/p>\n\n\n\n<h2 class=\"wp-block-heading\">Wie kann ich helfen?<\/h2>\n\n\n\n<p>Wenn du bei der \u00dcbersetzung von Mods helfen willst, kontaktiere uns im entsprechenden <a rel=\"noreferrer noopener\" aria-label=\"thread @ World of Gothic (opens in a new tab)\" href=\"https:\/\/forum.worldofplayers.de\/forum\/threads\/1500538-Modifikations-%C3%9Cbersetzungen-Hilfe-geboten-und-gesucht\" target=\"_blank\">Thread @ World of Gothic<\/a>.<\/p>\n","protected":false},"excerpt":{"rendered":"<div class=\"entry-summary\">\nEinleitung Seit Jahren gibt es zahlreiche Modifikationen in verschiedenen Sprachen, die h\u00e4ufigsten darunter sind Deutsch, Polnisch und Russisch. Und viele dieser Mods sind nur in einer der Sprachen verf\u00fcgbar, weil das \u00dcbersetzen von Mods schwierig und zeitaufw\u00e4ndig ist, besonders f\u00fcr&hellip;\n<\/div>\n<div class=\"link-more\"><a href=\"https:\/\/clockwork-origins.com\/de\/spine-tutorial-translating-modifications\/\" class=\"more-link\"><span class=\"screen-reader-text\"> &ldquo;Spine Tutorial &#8211; Modifikationen \u00fcbersetzen&rdquo;<\/span> weiterlesen\u00a0&hellip;<\/a><\/div>\n","protected":false},"author":1,"featured_media":0,"parent":0,"menu_order":0,"comment_status":"closed","ping_status":"closed","template":"","meta":{"iawp_total_views":4,"footnotes":""},"tags":[43,42],"class_list":["post-1082","page","type-page","status-publish","hentry","tag-spine","tag-tools","entry"],"yoast_head":"<!-- This site is optimized with the Yoast SEO plugin v27.4 - https:\/\/yoast.com\/product\/yoast-seo-wordpress\/ -->\n<title>Spine Tutorial - Modifikationen \u00fcbersetzen - Clockwork Origins<\/title>\n<meta name=\"robots\" content=\"index, follow, max-snippet:-1, max-image-preview:large, max-video-preview:-1\" \/>\n<link rel=\"canonical\" href=\"https:\/\/clockwork-origins.com\/de\/spine-tutorial-translating-modifications\/\" \/>\n<meta property=\"og:locale\" content=\"de_DE\" \/>\n<meta property=\"og:type\" content=\"article\" \/>\n<meta property=\"og:title\" content=\"Spine Tutorial - Modifikationen \u00fcbersetzen - Clockwork Origins\" \/>\n<meta property=\"og:description\" content=\"Einleitung Seit Jahren gibt es zahlreiche Modifikationen in verschiedenen Sprachen, die h\u00e4ufigsten darunter sind Deutsch, Polnisch und Russisch. Und viele dieser Mods sind nur in einer der Sprachen verf\u00fcgbar, weil das \u00dcbersetzen von Mods schwierig und zeitaufw\u00e4ndig ist, besonders f\u00fcr&hellip; &ldquo;Spine Tutorial &#8211; Modifikationen \u00fcbersetzen&rdquo; weiterlesen\u00a0&hellip;\" \/>\n<meta property=\"og:url\" content=\"https:\/\/clockwork-origins.com\/de\/spine-tutorial-translating-modifications\/\" \/>\n<meta property=\"og:site_name\" content=\"Clockwork Origins\" \/>\n<meta property=\"article:modified_time\" content=\"2019-12-21T12:43:37+00:00\" \/>\n<meta name=\"twitter:card\" content=\"summary_large_image\" \/>\n<meta name=\"twitter:label1\" content=\"Gesch\u00e4tzte Lesezeit\" \/>\n\t<meta name=\"twitter:data1\" content=\"4\u00a0Minuten\" \/>\n<script type=\"application\/ld+json\" class=\"yoast-schema-graph\">{\"@context\":\"https:\\\/\\\/schema.org\",\"@graph\":[{\"@type\":\"WebPage\",\"@id\":\"https:\\\/\\\/clockwork-origins.com\\\/de\\\/spine-tutorial-translating-modifications\\\/\",\"url\":\"https:\\\/\\\/clockwork-origins.com\\\/de\\\/spine-tutorial-translating-modifications\\\/\",\"name\":\"Spine Tutorial - Modifikationen \u00fcbersetzen - Clockwork Origins\",\"isPartOf\":{\"@id\":\"https:\\\/\\\/clockwork-origins.com\\\/#website\"},\"datePublished\":\"2019-12-21T12:15:29+00:00\",\"dateModified\":\"2019-12-21T12:43:37+00:00\",\"breadcrumb\":{\"@id\":\"https:\\\/\\\/clockwork-origins.com\\\/de\\\/spine-tutorial-translating-modifications\\\/#breadcrumb\"},\"inLanguage\":\"de\",\"potentialAction\":[{\"@type\":\"ReadAction\",\"target\":[\"https:\\\/\\\/clockwork-origins.com\\\/de\\\/spine-tutorial-translating-modifications\\\/\"]}]},{\"@type\":\"BreadcrumbList\",\"@id\":\"https:\\\/\\\/clockwork-origins.com\\\/de\\\/spine-tutorial-translating-modifications\\\/#breadcrumb\",\"itemListElement\":[{\"@type\":\"ListItem\",\"position\":1,\"name\":\"Home\",\"item\":\"https:\\\/\\\/clockwork-origins.com\\\/de\\\/\"},{\"@type\":\"ListItem\",\"position\":2,\"name\":\"Spine Tutorial &#8211; Modifikationen \u00fcbersetzen\"}]},{\"@type\":\"WebSite\",\"@id\":\"https:\\\/\\\/clockwork-origins.com\\\/#website\",\"url\":\"https:\\\/\\\/clockwork-origins.com\\\/\",\"name\":\"Clockwork Origins\",\"description\":\"\",\"publisher\":{\"@id\":\"https:\\\/\\\/clockwork-origins.com\\\/#organization\"},\"potentialAction\":[{\"@type\":\"SearchAction\",\"target\":{\"@type\":\"EntryPoint\",\"urlTemplate\":\"https:\\\/\\\/clockwork-origins.com\\\/?s={search_term_string}\"},\"query-input\":{\"@type\":\"PropertyValueSpecification\",\"valueRequired\":true,\"valueName\":\"search_term_string\"}}],\"inLanguage\":\"de\"},{\"@type\":\"Organization\",\"@id\":\"https:\\\/\\\/clockwork-origins.com\\\/#organization\",\"name\":\"Clockwork Origins\",\"url\":\"https:\\\/\\\/clockwork-origins.com\\\/\",\"logo\":{\"@type\":\"ImageObject\",\"inLanguage\":\"de\",\"@id\":\"https:\\\/\\\/clockwork-origins.com\\\/#\\\/schema\\\/logo\\\/image\\\/\",\"url\":\"https:\\\/\\\/clockwork-origins.com\\\/wp-content\\\/uploads\\\/2018\\\/02\\\/cropped-ClockworkOrigins_Icon_256xx-1.png\",\"contentUrl\":\"https:\\\/\\\/clockwork-origins.com\\\/wp-content\\\/uploads\\\/2018\\\/02\\\/cropped-ClockworkOrigins_Icon_256xx-1.png\",\"width\":256,\"height\":256,\"caption\":\"Clockwork Origins\"},\"image\":{\"@id\":\"https:\\\/\\\/clockwork-origins.com\\\/#\\\/schema\\\/logo\\\/image\\\/\"}}]}<\/script>\n<!-- \/ Yoast SEO plugin. -->","yoast_head_json":{"title":"Spine Tutorial - Modifikationen \u00fcbersetzen - Clockwork Origins","robots":{"index":"index","follow":"follow","max-snippet":"max-snippet:-1","max-image-preview":"max-image-preview:large","max-video-preview":"max-video-preview:-1"},"canonical":"https:\/\/clockwork-origins.com\/de\/spine-tutorial-translating-modifications\/","og_locale":"de_DE","og_type":"article","og_title":"Spine Tutorial - Modifikationen \u00fcbersetzen - Clockwork Origins","og_description":"Einleitung Seit Jahren gibt es zahlreiche Modifikationen in verschiedenen Sprachen, die h\u00e4ufigsten darunter sind Deutsch, Polnisch und Russisch. Und viele dieser Mods sind nur in einer der Sprachen verf\u00fcgbar, weil das \u00dcbersetzen von Mods schwierig und zeitaufw\u00e4ndig ist, besonders f\u00fcr&hellip; &ldquo;Spine Tutorial &#8211; Modifikationen \u00fcbersetzen&rdquo; weiterlesen\u00a0&hellip;","og_url":"https:\/\/clockwork-origins.com\/de\/spine-tutorial-translating-modifications\/","og_site_name":"Clockwork Origins","article_modified_time":"2019-12-21T12:43:37+00:00","twitter_card":"summary_large_image","twitter_misc":{"Gesch\u00e4tzte Lesezeit":"4\u00a0Minuten"},"schema":{"@context":"https:\/\/schema.org","@graph":[{"@type":"WebPage","@id":"https:\/\/clockwork-origins.com\/de\/spine-tutorial-translating-modifications\/","url":"https:\/\/clockwork-origins.com\/de\/spine-tutorial-translating-modifications\/","name":"Spine Tutorial - Modifikationen \u00fcbersetzen - Clockwork Origins","isPartOf":{"@id":"https:\/\/clockwork-origins.com\/#website"},"datePublished":"2019-12-21T12:15:29+00:00","dateModified":"2019-12-21T12:43:37+00:00","breadcrumb":{"@id":"https:\/\/clockwork-origins.com\/de\/spine-tutorial-translating-modifications\/#breadcrumb"},"inLanguage":"de","potentialAction":[{"@type":"ReadAction","target":["https:\/\/clockwork-origins.com\/de\/spine-tutorial-translating-modifications\/"]}]},{"@type":"BreadcrumbList","@id":"https:\/\/clockwork-origins.com\/de\/spine-tutorial-translating-modifications\/#breadcrumb","itemListElement":[{"@type":"ListItem","position":1,"name":"Home","item":"https:\/\/clockwork-origins.com\/de\/"},{"@type":"ListItem","position":2,"name":"Spine Tutorial &#8211; Modifikationen \u00fcbersetzen"}]},{"@type":"WebSite","@id":"https:\/\/clockwork-origins.com\/#website","url":"https:\/\/clockwork-origins.com\/","name":"Clockwork Origins","description":"","publisher":{"@id":"https:\/\/clockwork-origins.com\/#organization"},"potentialAction":[{"@type":"SearchAction","target":{"@type":"EntryPoint","urlTemplate":"https:\/\/clockwork-origins.com\/?s={search_term_string}"},"query-input":{"@type":"PropertyValueSpecification","valueRequired":true,"valueName":"search_term_string"}}],"inLanguage":"de"},{"@type":"Organization","@id":"https:\/\/clockwork-origins.com\/#organization","name":"Clockwork Origins","url":"https:\/\/clockwork-origins.com\/","logo":{"@type":"ImageObject","inLanguage":"de","@id":"https:\/\/clockwork-origins.com\/#\/schema\/logo\/image\/","url":"https:\/\/clockwork-origins.com\/wp-content\/uploads\/2018\/02\/cropped-ClockworkOrigins_Icon_256xx-1.png","contentUrl":"https:\/\/clockwork-origins.com\/wp-content\/uploads\/2018\/02\/cropped-ClockworkOrigins_Icon_256xx-1.png","width":256,"height":256,"caption":"Clockwork Origins"},"image":{"@id":"https:\/\/clockwork-origins.com\/#\/schema\/logo\/image\/"}}]}},"_links":{"self":[{"href":"https:\/\/clockwork-origins.com\/de\/wp-json\/wp\/v2\/pages\/1082","targetHints":{"allow":["GET"]}}],"collection":[{"href":"https:\/\/clockwork-origins.com\/de\/wp-json\/wp\/v2\/pages"}],"about":[{"href":"https:\/\/clockwork-origins.com\/de\/wp-json\/wp\/v2\/types\/page"}],"author":[{"embeddable":true,"href":"https:\/\/clockwork-origins.com\/de\/wp-json\/wp\/v2\/users\/1"}],"replies":[{"embeddable":true,"href":"https:\/\/clockwork-origins.com\/de\/wp-json\/wp\/v2\/comments?post=1082"}],"version-history":[{"count":1,"href":"https:\/\/clockwork-origins.com\/de\/wp-json\/wp\/v2\/pages\/1082\/revisions"}],"predecessor-version":[{"id":1083,"href":"https:\/\/clockwork-origins.com\/de\/wp-json\/wp\/v2\/pages\/1082\/revisions\/1083"}],"wp:attachment":[{"href":"https:\/\/clockwork-origins.com\/de\/wp-json\/wp\/v2\/media?parent=1082"}],"wp:term":[{"taxonomy":"post_tag","embeddable":true,"href":"https:\/\/clockwork-origins.com\/de\/wp-json\/wp\/v2\/tags?post=1082"}],"curies":[{"name":"wp","href":"https:\/\/api.w.org\/{rel}","templated":true}]}}