{"id":1104,"date":"2020-01-11T15:59:07","date_gmt":"2020-01-11T14:59:07","guid":{"rendered":"https:\/\/clockwork-origins.com\/spine-tutorial-7-statistics\/"},"modified":"2020-01-11T16:08:25","modified_gmt":"2020-01-11T15:08:25","slug":"spine-tutorial-7-statistics","status":"publish","type":"page","link":"https:\/\/clockwork-origins.com\/de\/spine-tutorial-7-statistics\/","title":{"rendered":"Spine Tutorial 7 &#8211; Statistiken"},"content":{"rendered":"\n<h2 class=\"wp-block-heading\">Voraussetzungen<\/h2>\n\n\n\n<ul class=\"wp-block-list\"><li>Ikarus Script-Paket: <a rel=\"noreferrer noopener\" href=\"https:\/\/forum.worldofplayers.de\/forum\/threads\/1299679-Skriptpaket-Ikarus-4\" target=\"_blank\">Thread @ World of Gothic<\/a><\/li><li>LeGo Script-Paket: <a rel=\"noreferrer noopener\" href=\"https:\/\/forum.worldofplayers.de\/forum\/threads\/1505251-Skriptpaket-LeGo-4\" target=\"_blank\">Thread @ World of Gothic<\/a><\/li><li>Spine Script-Paket: <a rel=\"noreferrer noopener\" href=\"https:\/\/github.com\/BonneCW\/Spine-Scripts\" target=\"_blank\">Download @ GitHub<\/a><\/li><li><a href=\"https:\/\/clockwork-origins.com\/de\/spine-tutorial-1-initialization\/\">Tutorial 1 &#8211; Initialisierung<\/a><\/li><\/ul>\n\n\n\n<h2 class=\"wp-block-heading\">Einleitung<\/h2>\n\n\n\n<p>Dieses Tutorial erkl\u00e4rt wie man \u00fcber Spine eigene Statistiken erfassen kann. Diese k\u00f6nnen helfen um zu analysieren, wie die Spieler spielen und sogar beim Balancing helfen.<\/p>\n\n\n\n<h2 class=\"wp-block-heading\">Statistiken erfassen<\/h2>\n\n\n\n<p>Um Statistiken zu erfassen, musst du zun\u00e4chst das <em>SPINE_MODULE_STATISTICS<\/em> aktivieren. Wenn das erledigt ist, musst du nur noch <em>Spine_UpdateStatistic<\/em> sobald du eine Statistik aktualisieren willst. Es ist besser die Funktion nicht zu h\u00e4ufig aufzurufen, z.B. nur bei Kapitelwechsel. Aber das h\u00e4ngt letztlich von den gesammelten Statistiken ab.<\/p>\n\n\n\n<p><em>Spine_UpdateStatistics<\/em> erwartet vier Parameter. Grunds\u00e4tzlich ist das nur ein Tuepl an Werten, die so wie du willst benutzt werden k\u00f6nnen, um die Statistiken zu gruppieren. Du kannst auch, wenn du die Trennung nicht brauchst, Standardwerte nutzen.<\/p>\n\n\n\n<p>Der erste Parameter ist ein Identifier, z.B. das aktuelle Kapitel des Spielers. Der zweite Wert kann z.B. die Gilde sein, w\u00e4hrend der dritte ein string ist und als weiterer Identifier benutzt wird. Und der vierte ist der eigentliche Wert der Statistik. Ein Beispiel zur Nutzung findet sich in der <em>Spine_Statistics_UserDefined.d<\/em>. In <a href=\"https:\/\/clockwork-origins.com\/de\/xeres-return\/\">Xeres&#8216; R\u00fcckkehr<\/a> haben wir die Statistiken benutzt, um die Skills\/Attribute der Spieler f\u00fcr verschiedene Kapitel-\/Gilden-Kombinationen zu ermitteln.<\/p>\n\n\n\n<h2 class=\"wp-block-heading\">Einsehen der Statistiken<\/h2>\n\n\n\n<p>Um die Statistiken einzusehen, \u00f6ffne den Management-Dialog im Spine-Client und wechsle in den Tab <em>Eigene Statistiken<\/em>. Dort kannst du die verschiedenen Identifier ausw\u00e4hlen und die Ergebnisse betrachten.<\/p>\n","protected":false},"excerpt":{"rendered":"<div class=\"entry-summary\">\nVoraussetzungen Ikarus Script-Paket: Thread @ World of Gothic LeGo Script-Paket: Thread @ World of Gothic Spine Script-Paket: Download @ GitHub Tutorial 1 &#8211; Initialisierung Einleitung Dieses Tutorial erkl\u00e4rt wie man \u00fcber Spine eigene Statistiken erfassen kann. Diese k\u00f6nnen helfen um&hellip;\n<\/div>\n<div class=\"link-more\"><a href=\"https:\/\/clockwork-origins.com\/de\/spine-tutorial-7-statistics\/\" class=\"more-link\"><span class=\"screen-reader-text\"> &ldquo;Spine Tutorial 7 &#8211; Statistiken&rdquo;<\/span> weiterlesen\u00a0&hellip;<\/a><\/div>\n","protected":false},"author":1,"featured_media":0,"parent":0,"menu_order":0,"comment_status":"closed","ping_status":"closed","template":"","meta":{"iawp_total_views":4,"footnotes":""},"tags":[43,42],"class_list":["post-1104","page","type-page","status-publish","hentry","tag-spine","tag-tools","entry"],"yoast_head":"<!-- This site is optimized with the Yoast SEO plugin v27.5 - https:\/\/yoast.com\/product\/yoast-seo-wordpress\/ -->\n<title>Spine Tutorial 7 - Statistiken - Clockwork Origins<\/title>\n<meta name=\"robots\" content=\"index, follow, max-snippet:-1, max-image-preview:large, max-video-preview:-1\" \/>\n<link rel=\"canonical\" href=\"https:\/\/clockwork-origins.com\/de\/spine-tutorial-7-statistics\/\" \/>\n<meta property=\"og:locale\" content=\"de_DE\" \/>\n<meta property=\"og:type\" content=\"article\" \/>\n<meta property=\"og:title\" content=\"Spine Tutorial 7 - Statistiken - Clockwork Origins\" \/>\n<meta property=\"og:description\" content=\"Voraussetzungen Ikarus Script-Paket: Thread @ World of Gothic LeGo Script-Paket: Thread @ World of Gothic Spine Script-Paket: Download @ GitHub Tutorial 1 &#8211; Initialisierung Einleitung Dieses Tutorial erkl\u00e4rt wie man \u00fcber Spine eigene Statistiken erfassen kann. Diese k\u00f6nnen helfen um&hellip; &ldquo;Spine Tutorial 7 &#8211; Statistiken&rdquo; weiterlesen\u00a0&hellip;\" \/>\n<meta property=\"og:url\" content=\"https:\/\/clockwork-origins.com\/de\/spine-tutorial-7-statistics\/\" \/>\n<meta property=\"og:site_name\" content=\"Clockwork Origins\" \/>\n<meta property=\"article:modified_time\" content=\"2020-01-11T15:08:25+00:00\" \/>\n<meta name=\"twitter:card\" content=\"summary_large_image\" \/>\n<meta name=\"twitter:label1\" content=\"Gesch\u00e4tzte Lesezeit\" \/>\n\t<meta name=\"twitter:data1\" content=\"1\u00a0Minute\" \/>\n<script type=\"application\/ld+json\" class=\"yoast-schema-graph\">{\"@context\":\"https:\\\/\\\/schema.org\",\"@graph\":[{\"@type\":\"WebPage\",\"@id\":\"https:\\\/\\\/clockwork-origins.com\\\/de\\\/spine-tutorial-7-statistics\\\/\",\"url\":\"https:\\\/\\\/clockwork-origins.com\\\/de\\\/spine-tutorial-7-statistics\\\/\",\"name\":\"Spine Tutorial 7 - Statistiken - Clockwork Origins\",\"isPartOf\":{\"@id\":\"https:\\\/\\\/clockwork-origins.com\\\/#website\"},\"datePublished\":\"2020-01-11T14:59:07+00:00\",\"dateModified\":\"2020-01-11T15:08:25+00:00\",\"breadcrumb\":{\"@id\":\"https:\\\/\\\/clockwork-origins.com\\\/de\\\/spine-tutorial-7-statistics\\\/#breadcrumb\"},\"inLanguage\":\"de\",\"potentialAction\":[{\"@type\":\"ReadAction\",\"target\":[\"https:\\\/\\\/clockwork-origins.com\\\/de\\\/spine-tutorial-7-statistics\\\/\"]}]},{\"@type\":\"BreadcrumbList\",\"@id\":\"https:\\\/\\\/clockwork-origins.com\\\/de\\\/spine-tutorial-7-statistics\\\/#breadcrumb\",\"itemListElement\":[{\"@type\":\"ListItem\",\"position\":1,\"name\":\"Home\",\"item\":\"https:\\\/\\\/clockwork-origins.com\\\/de\\\/\"},{\"@type\":\"ListItem\",\"position\":2,\"name\":\"Spine Tutorial 7 &#8211; Statistiken\"}]},{\"@type\":\"WebSite\",\"@id\":\"https:\\\/\\\/clockwork-origins.com\\\/#website\",\"url\":\"https:\\\/\\\/clockwork-origins.com\\\/\",\"name\":\"Clockwork Origins\",\"description\":\"\",\"publisher\":{\"@id\":\"https:\\\/\\\/clockwork-origins.com\\\/#organization\"},\"potentialAction\":[{\"@type\":\"SearchAction\",\"target\":{\"@type\":\"EntryPoint\",\"urlTemplate\":\"https:\\\/\\\/clockwork-origins.com\\\/?s={search_term_string}\"},\"query-input\":{\"@type\":\"PropertyValueSpecification\",\"valueRequired\":true,\"valueName\":\"search_term_string\"}}],\"inLanguage\":\"de\"},{\"@type\":\"Organization\",\"@id\":\"https:\\\/\\\/clockwork-origins.com\\\/#organization\",\"name\":\"Clockwork Origins\",\"url\":\"https:\\\/\\\/clockwork-origins.com\\\/\",\"logo\":{\"@type\":\"ImageObject\",\"inLanguage\":\"de\",\"@id\":\"https:\\\/\\\/clockwork-origins.com\\\/#\\\/schema\\\/logo\\\/image\\\/\",\"url\":\"https:\\\/\\\/clockwork-origins.com\\\/wp-content\\\/uploads\\\/2018\\\/02\\\/cropped-ClockworkOrigins_Icon_256xx-1.png\",\"contentUrl\":\"https:\\\/\\\/clockwork-origins.com\\\/wp-content\\\/uploads\\\/2018\\\/02\\\/cropped-ClockworkOrigins_Icon_256xx-1.png\",\"width\":256,\"height\":256,\"caption\":\"Clockwork Origins\"},\"image\":{\"@id\":\"https:\\\/\\\/clockwork-origins.com\\\/#\\\/schema\\\/logo\\\/image\\\/\"}}]}<\/script>\n<!-- \/ Yoast SEO plugin. -->","yoast_head_json":{"title":"Spine Tutorial 7 - Statistiken - Clockwork Origins","robots":{"index":"index","follow":"follow","max-snippet":"max-snippet:-1","max-image-preview":"max-image-preview:large","max-video-preview":"max-video-preview:-1"},"canonical":"https:\/\/clockwork-origins.com\/de\/spine-tutorial-7-statistics\/","og_locale":"de_DE","og_type":"article","og_title":"Spine Tutorial 7 - Statistiken - Clockwork Origins","og_description":"Voraussetzungen Ikarus Script-Paket: Thread @ World of Gothic LeGo Script-Paket: Thread @ World of Gothic Spine Script-Paket: Download @ GitHub Tutorial 1 &#8211; Initialisierung Einleitung Dieses Tutorial erkl\u00e4rt wie man \u00fcber Spine eigene Statistiken erfassen kann. Diese k\u00f6nnen helfen um&hellip; &ldquo;Spine Tutorial 7 &#8211; Statistiken&rdquo; weiterlesen\u00a0&hellip;","og_url":"https:\/\/clockwork-origins.com\/de\/spine-tutorial-7-statistics\/","og_site_name":"Clockwork Origins","article_modified_time":"2020-01-11T15:08:25+00:00","twitter_card":"summary_large_image","twitter_misc":{"Gesch\u00e4tzte Lesezeit":"1\u00a0Minute"},"schema":{"@context":"https:\/\/schema.org","@graph":[{"@type":"WebPage","@id":"https:\/\/clockwork-origins.com\/de\/spine-tutorial-7-statistics\/","url":"https:\/\/clockwork-origins.com\/de\/spine-tutorial-7-statistics\/","name":"Spine Tutorial 7 - Statistiken - Clockwork Origins","isPartOf":{"@id":"https:\/\/clockwork-origins.com\/#website"},"datePublished":"2020-01-11T14:59:07+00:00","dateModified":"2020-01-11T15:08:25+00:00","breadcrumb":{"@id":"https:\/\/clockwork-origins.com\/de\/spine-tutorial-7-statistics\/#breadcrumb"},"inLanguage":"de","potentialAction":[{"@type":"ReadAction","target":["https:\/\/clockwork-origins.com\/de\/spine-tutorial-7-statistics\/"]}]},{"@type":"BreadcrumbList","@id":"https:\/\/clockwork-origins.com\/de\/spine-tutorial-7-statistics\/#breadcrumb","itemListElement":[{"@type":"ListItem","position":1,"name":"Home","item":"https:\/\/clockwork-origins.com\/de\/"},{"@type":"ListItem","position":2,"name":"Spine Tutorial 7 &#8211; Statistiken"}]},{"@type":"WebSite","@id":"https:\/\/clockwork-origins.com\/#website","url":"https:\/\/clockwork-origins.com\/","name":"Clockwork Origins","description":"","publisher":{"@id":"https:\/\/clockwork-origins.com\/#organization"},"potentialAction":[{"@type":"SearchAction","target":{"@type":"EntryPoint","urlTemplate":"https:\/\/clockwork-origins.com\/?s={search_term_string}"},"query-input":{"@type":"PropertyValueSpecification","valueRequired":true,"valueName":"search_term_string"}}],"inLanguage":"de"},{"@type":"Organization","@id":"https:\/\/clockwork-origins.com\/#organization","name":"Clockwork Origins","url":"https:\/\/clockwork-origins.com\/","logo":{"@type":"ImageObject","inLanguage":"de","@id":"https:\/\/clockwork-origins.com\/#\/schema\/logo\/image\/","url":"https:\/\/clockwork-origins.com\/wp-content\/uploads\/2018\/02\/cropped-ClockworkOrigins_Icon_256xx-1.png","contentUrl":"https:\/\/clockwork-origins.com\/wp-content\/uploads\/2018\/02\/cropped-ClockworkOrigins_Icon_256xx-1.png","width":256,"height":256,"caption":"Clockwork Origins"},"image":{"@id":"https:\/\/clockwork-origins.com\/#\/schema\/logo\/image\/"}}]}},"_links":{"self":[{"href":"https:\/\/clockwork-origins.com\/de\/wp-json\/wp\/v2\/pages\/1104","targetHints":{"allow":["GET"]}}],"collection":[{"href":"https:\/\/clockwork-origins.com\/de\/wp-json\/wp\/v2\/pages"}],"about":[{"href":"https:\/\/clockwork-origins.com\/de\/wp-json\/wp\/v2\/types\/page"}],"author":[{"embeddable":true,"href":"https:\/\/clockwork-origins.com\/de\/wp-json\/wp\/v2\/users\/1"}],"replies":[{"embeddable":true,"href":"https:\/\/clockwork-origins.com\/de\/wp-json\/wp\/v2\/comments?post=1104"}],"version-history":[{"count":1,"href":"https:\/\/clockwork-origins.com\/de\/wp-json\/wp\/v2\/pages\/1104\/revisions"}],"predecessor-version":[{"id":1105,"href":"https:\/\/clockwork-origins.com\/de\/wp-json\/wp\/v2\/pages\/1104\/revisions\/1105"}],"wp:attachment":[{"href":"https:\/\/clockwork-origins.com\/de\/wp-json\/wp\/v2\/media?parent=1104"}],"wp:term":[{"taxonomy":"post_tag","embeddable":true,"href":"https:\/\/clockwork-origins.com\/de\/wp-json\/wp\/v2\/tags?post=1104"}],"curies":[{"name":"wp","href":"https:\/\/api.w.org\/{rel}","templated":true}]}}