{"id":1413,"date":"2020-05-25T12:21:34","date_gmt":"2020-05-25T10:21:34","guid":{"rendered":"https:\/\/clockwork-origins.com\/spine-tutorial-spine-cfg\/"},"modified":"2020-05-25T12:27:15","modified_gmt":"2020-05-25T10:27:15","slug":"spine-tutorial-spine-cfg","status":"publish","type":"page","link":"https:\/\/clockwork-origins.com\/de\/spine-tutorial-spine-cfg\/","title":{"rendered":"Spine Tutorial &#8211; spine.cfg"},"content":{"rendered":"\n<h2 class=\"wp-block-heading\">Einleitung<\/h2>\n\n\n\n<p>Die spine.cfg ist eine ini-Datei, die im Hauptverzeichnis des Spiels platziert wird und reforderlich ist, damit das Spiel mit Spine funktioniert. Sie enth\u00e4lt die grundlegende Konfiguration wie das Executable, um das Spiel auszuf\u00fchren.<\/p>\n\n\n\n<h2 class=\"wp-block-heading\">INFO<\/h2>\n\n\n\n<p>Im Moment gibt es nur die <em>INFO<\/em> Sektion, die die grundlegende Konfiguration enth\u00e4lt.<\/p>\n\n\n\n<h3 class=\"wp-block-heading\">Executable<\/h3>\n\n\n\n<p>Das Executable, das gestartet werden soll. Relativer Pfad zum Projekt-\/Download-Ordner.<\/p>\n\n\n\n<h3 class=\"wp-block-heading\">Title<\/h3>\n\n\n\n<p>Der Name des Spiels, so wie er in der Bibliothek angezeigt wird.<\/p>\n\n\n\n<p>Zus\u00e4tzlich kannst du Title_&lt;Language> angeben f\u00fcr \u00fcbersetzte Titel. Wenn verf\u00fcgbar wird der sprachspezifische Titel genutzt, ansonsten wird der Standard-Titel genommen.<\/p>\n\n\n\n<h3 class=\"wp-block-heading\">Icon<\/h3>\n\n\n\n<p>Das Icon, das in der Bibliothek angezeigt wird. Relativer Pfad zum Projekt-\/Download-Ordner.<\/p>\n\n\n\n<h2 class=\"wp-block-heading\">Beispiel<\/h2>\n\n\n\n<p>Und hier ist eine Beispiel-spine.cfg, die wir f\u00fcr unsere Tri6: Infinite Demo nutzen.<\/p>\n\n\n\n<pre class=\"wp-block-code\"><code>&#91;INFO]\nTitle=Tri6: Infinite Demo\nIcon=Icon.png\nExecutable=Tri6 Infinite Demo.exe<\/code><\/pre>\n","protected":false},"excerpt":{"rendered":"<div class=\"entry-summary\">\nEinleitung Die spine.cfg ist eine ini-Datei, die im Hauptverzeichnis des Spiels platziert wird und reforderlich ist, damit das Spiel mit Spine funktioniert. Sie enth\u00e4lt die grundlegende Konfiguration wie das Executable, um das Spiel auszuf\u00fchren. INFO Im Moment gibt es nur&hellip;\n<\/div>\n<div class=\"link-more\"><a href=\"https:\/\/clockwork-origins.com\/de\/spine-tutorial-spine-cfg\/\" class=\"more-link\"><span class=\"screen-reader-text\"> &ldquo;Spine Tutorial &#8211; spine.cfg&rdquo;<\/span> weiterlesen\u00a0&hellip;<\/a><\/div>\n","protected":false},"author":1,"featured_media":0,"parent":0,"menu_order":0,"comment_status":"closed","ping_status":"closed","template":"","meta":{"iawp_total_views":2,"footnotes":""},"tags":[51,50],"class_list":["post-1413","page","type-page","status-publish","hentry","tag-spine-de","tag-tools-de","entry"],"yoast_head":"<!-- This site is optimized with the Yoast SEO plugin v27.3 - https:\/\/yoast.com\/product\/yoast-seo-wordpress\/ -->\n<title>Spine Tutorial - spine.cfg - Clockwork Origins<\/title>\n<meta name=\"robots\" content=\"index, follow, max-snippet:-1, max-image-preview:large, max-video-preview:-1\" \/>\n<link rel=\"canonical\" href=\"https:\/\/clockwork-origins.com\/de\/spine-tutorial-spine-cfg\/\" \/>\n<meta property=\"og:locale\" content=\"de_DE\" \/>\n<meta property=\"og:type\" content=\"article\" \/>\n<meta property=\"og:title\" content=\"Spine Tutorial - spine.cfg - Clockwork Origins\" \/>\n<meta property=\"og:description\" content=\"Einleitung Die spine.cfg ist eine ini-Datei, die im Hauptverzeichnis des Spiels platziert wird und reforderlich ist, damit das Spiel mit Spine funktioniert. Sie enth\u00e4lt die grundlegende Konfiguration wie das Executable, um das Spiel auszuf\u00fchren. INFO Im Moment gibt es nur&hellip; &ldquo;Spine Tutorial &#8211; spine.cfg&rdquo; weiterlesen\u00a0&hellip;\" \/>\n<meta property=\"og:url\" content=\"https:\/\/clockwork-origins.com\/de\/spine-tutorial-spine-cfg\/\" \/>\n<meta property=\"og:site_name\" content=\"Clockwork Origins\" \/>\n<meta property=\"article:modified_time\" content=\"2020-05-25T10:27:15+00:00\" \/>\n<meta name=\"twitter:card\" content=\"summary_large_image\" \/>\n<meta name=\"twitter:label1\" content=\"Gesch\u00e4tzte Lesezeit\" \/>\n\t<meta name=\"twitter:data1\" content=\"1\u00a0Minute\" \/>\n<script type=\"application\/ld+json\" class=\"yoast-schema-graph\">{\"@context\":\"https:\\\/\\\/schema.org\",\"@graph\":[{\"@type\":\"WebPage\",\"@id\":\"https:\\\/\\\/clockwork-origins.com\\\/de\\\/spine-tutorial-spine-cfg\\\/\",\"url\":\"https:\\\/\\\/clockwork-origins.com\\\/de\\\/spine-tutorial-spine-cfg\\\/\",\"name\":\"Spine Tutorial - spine.cfg - Clockwork Origins\",\"isPartOf\":{\"@id\":\"https:\\\/\\\/clockwork-origins.com\\\/#website\"},\"datePublished\":\"2020-05-25T10:21:34+00:00\",\"dateModified\":\"2020-05-25T10:27:15+00:00\",\"breadcrumb\":{\"@id\":\"https:\\\/\\\/clockwork-origins.com\\\/de\\\/spine-tutorial-spine-cfg\\\/#breadcrumb\"},\"inLanguage\":\"de\",\"potentialAction\":[{\"@type\":\"ReadAction\",\"target\":[\"https:\\\/\\\/clockwork-origins.com\\\/de\\\/spine-tutorial-spine-cfg\\\/\"]}]},{\"@type\":\"BreadcrumbList\",\"@id\":\"https:\\\/\\\/clockwork-origins.com\\\/de\\\/spine-tutorial-spine-cfg\\\/#breadcrumb\",\"itemListElement\":[{\"@type\":\"ListItem\",\"position\":1,\"name\":\"Home\",\"item\":\"https:\\\/\\\/clockwork-origins.com\\\/de\\\/\"},{\"@type\":\"ListItem\",\"position\":2,\"name\":\"Spine Tutorial &#8211; spine.cfg\"}]},{\"@type\":\"WebSite\",\"@id\":\"https:\\\/\\\/clockwork-origins.com\\\/#website\",\"url\":\"https:\\\/\\\/clockwork-origins.com\\\/\",\"name\":\"Clockwork Origins\",\"description\":\"\",\"publisher\":{\"@id\":\"https:\\\/\\\/clockwork-origins.com\\\/#organization\"},\"potentialAction\":[{\"@type\":\"SearchAction\",\"target\":{\"@type\":\"EntryPoint\",\"urlTemplate\":\"https:\\\/\\\/clockwork-origins.com\\\/?s={search_term_string}\"},\"query-input\":{\"@type\":\"PropertyValueSpecification\",\"valueRequired\":true,\"valueName\":\"search_term_string\"}}],\"inLanguage\":\"de\"},{\"@type\":\"Organization\",\"@id\":\"https:\\\/\\\/clockwork-origins.com\\\/#organization\",\"name\":\"Clockwork Origins\",\"url\":\"https:\\\/\\\/clockwork-origins.com\\\/\",\"logo\":{\"@type\":\"ImageObject\",\"inLanguage\":\"de\",\"@id\":\"https:\\\/\\\/clockwork-origins.com\\\/#\\\/schema\\\/logo\\\/image\\\/\",\"url\":\"https:\\\/\\\/clockwork-origins.com\\\/wp-content\\\/uploads\\\/2018\\\/02\\\/cropped-ClockworkOrigins_Icon_256xx-1.png\",\"contentUrl\":\"https:\\\/\\\/clockwork-origins.com\\\/wp-content\\\/uploads\\\/2018\\\/02\\\/cropped-ClockworkOrigins_Icon_256xx-1.png\",\"width\":256,\"height\":256,\"caption\":\"Clockwork Origins\"},\"image\":{\"@id\":\"https:\\\/\\\/clockwork-origins.com\\\/#\\\/schema\\\/logo\\\/image\\\/\"}}]}<\/script>\n<!-- \/ Yoast SEO plugin. -->","yoast_head_json":{"title":"Spine Tutorial - spine.cfg - Clockwork Origins","robots":{"index":"index","follow":"follow","max-snippet":"max-snippet:-1","max-image-preview":"max-image-preview:large","max-video-preview":"max-video-preview:-1"},"canonical":"https:\/\/clockwork-origins.com\/de\/spine-tutorial-spine-cfg\/","og_locale":"de_DE","og_type":"article","og_title":"Spine Tutorial - spine.cfg - Clockwork Origins","og_description":"Einleitung Die spine.cfg ist eine ini-Datei, die im Hauptverzeichnis des Spiels platziert wird und reforderlich ist, damit das Spiel mit Spine funktioniert. Sie enth\u00e4lt die grundlegende Konfiguration wie das Executable, um das Spiel auszuf\u00fchren. INFO Im Moment gibt es nur&hellip; &ldquo;Spine Tutorial &#8211; spine.cfg&rdquo; weiterlesen\u00a0&hellip;","og_url":"https:\/\/clockwork-origins.com\/de\/spine-tutorial-spine-cfg\/","og_site_name":"Clockwork Origins","article_modified_time":"2020-05-25T10:27:15+00:00","twitter_card":"summary_large_image","twitter_misc":{"Gesch\u00e4tzte Lesezeit":"1\u00a0Minute"},"schema":{"@context":"https:\/\/schema.org","@graph":[{"@type":"WebPage","@id":"https:\/\/clockwork-origins.com\/de\/spine-tutorial-spine-cfg\/","url":"https:\/\/clockwork-origins.com\/de\/spine-tutorial-spine-cfg\/","name":"Spine Tutorial - spine.cfg - Clockwork Origins","isPartOf":{"@id":"https:\/\/clockwork-origins.com\/#website"},"datePublished":"2020-05-25T10:21:34+00:00","dateModified":"2020-05-25T10:27:15+00:00","breadcrumb":{"@id":"https:\/\/clockwork-origins.com\/de\/spine-tutorial-spine-cfg\/#breadcrumb"},"inLanguage":"de","potentialAction":[{"@type":"ReadAction","target":["https:\/\/clockwork-origins.com\/de\/spine-tutorial-spine-cfg\/"]}]},{"@type":"BreadcrumbList","@id":"https:\/\/clockwork-origins.com\/de\/spine-tutorial-spine-cfg\/#breadcrumb","itemListElement":[{"@type":"ListItem","position":1,"name":"Home","item":"https:\/\/clockwork-origins.com\/de\/"},{"@type":"ListItem","position":2,"name":"Spine Tutorial &#8211; spine.cfg"}]},{"@type":"WebSite","@id":"https:\/\/clockwork-origins.com\/#website","url":"https:\/\/clockwork-origins.com\/","name":"Clockwork Origins","description":"","publisher":{"@id":"https:\/\/clockwork-origins.com\/#organization"},"potentialAction":[{"@type":"SearchAction","target":{"@type":"EntryPoint","urlTemplate":"https:\/\/clockwork-origins.com\/?s={search_term_string}"},"query-input":{"@type":"PropertyValueSpecification","valueRequired":true,"valueName":"search_term_string"}}],"inLanguage":"de"},{"@type":"Organization","@id":"https:\/\/clockwork-origins.com\/#organization","name":"Clockwork Origins","url":"https:\/\/clockwork-origins.com\/","logo":{"@type":"ImageObject","inLanguage":"de","@id":"https:\/\/clockwork-origins.com\/#\/schema\/logo\/image\/","url":"https:\/\/clockwork-origins.com\/wp-content\/uploads\/2018\/02\/cropped-ClockworkOrigins_Icon_256xx-1.png","contentUrl":"https:\/\/clockwork-origins.com\/wp-content\/uploads\/2018\/02\/cropped-ClockworkOrigins_Icon_256xx-1.png","width":256,"height":256,"caption":"Clockwork Origins"},"image":{"@id":"https:\/\/clockwork-origins.com\/#\/schema\/logo\/image\/"}}]}},"_links":{"self":[{"href":"https:\/\/clockwork-origins.com\/de\/wp-json\/wp\/v2\/pages\/1413","targetHints":{"allow":["GET"]}}],"collection":[{"href":"https:\/\/clockwork-origins.com\/de\/wp-json\/wp\/v2\/pages"}],"about":[{"href":"https:\/\/clockwork-origins.com\/de\/wp-json\/wp\/v2\/types\/page"}],"author":[{"embeddable":true,"href":"https:\/\/clockwork-origins.com\/de\/wp-json\/wp\/v2\/users\/1"}],"replies":[{"embeddable":true,"href":"https:\/\/clockwork-origins.com\/de\/wp-json\/wp\/v2\/comments?post=1413"}],"version-history":[{"count":1,"href":"https:\/\/clockwork-origins.com\/de\/wp-json\/wp\/v2\/pages\/1413\/revisions"}],"predecessor-version":[{"id":1414,"href":"https:\/\/clockwork-origins.com\/de\/wp-json\/wp\/v2\/pages\/1413\/revisions\/1414"}],"wp:attachment":[{"href":"https:\/\/clockwork-origins.com\/de\/wp-json\/wp\/v2\/media?parent=1413"}],"wp:term":[{"taxonomy":"post_tag","embeddable":true,"href":"https:\/\/clockwork-origins.com\/de\/wp-json\/wp\/v2\/tags?post=1413"}],"curies":[{"name":"wp","href":"https:\/\/api.w.org\/{rel}","templated":true}]}}