{"id":1742,"date":"2021-04-18T13:53:02","date_gmt":"2021-04-18T11:53:02","guid":{"rendered":"https:\/\/clockwork-origins.com\/spine-tutorial-getting-started\/"},"modified":"2021-04-18T13:59:02","modified_gmt":"2021-04-18T11:59:02","slug":"spine-tutorial-getting-started","status":"publish","type":"page","link":"https:\/\/clockwork-origins.com\/de\/spine-tutorial-getting-started\/","title":{"rendered":"Spine Tutorial &#8211; Getting started"},"content":{"rendered":"\n<h2 class=\"wp-block-heading\">Einleitung<\/h2>\n\n\n\n<p>Diese Tutorial erkl\u00e4rt, wie man Spine f\u00fcr die Entwicklung von Gothic 1 &amp; 2 Modifikationen nutzen kann. Andere Projekte werden aktuell im Entwicklermodus nicht unterst\u00fctzt.<\/p>\n\n\n\n<h2 class=\"wp-block-heading\">Entwicklerfeatures aktivieren<\/h2>\n\n\n\n<p>Standardm\u00e4\u00dfig sind alle Entwicklerfeatures von Spine deaktiviert. Das wurde gemacht um normale Spieler nicht mit Optionen zu verwirren, die sie niemals brauchen werden.<\/p>\n\n\n\n<p>Um die Entwicklerfeatures zu aktivieren, \u00f6ffne die Einstellungen, hake Entwicklermodus an und starte Spine neu. Du wirst jetzt im Men\u00fc einen neuen Eintrag namens &#8222;Entwickler&#8220; sehen, der ein paar Entwicklerfeatures enth\u00e4lt.<\/p>\n\n\n\n<h2 class=\"wp-block-heading\">Entwicklermodus<\/h2>\n\n\n\n<p>Entweder \u00fcbe die Einstellungen, \u00fcbers Men\u00fc oder den Shortcut Strg + D kannst du in den Entwicklermodus und wieder zur\u00fcck in den Spielmodus wechseln. Im Entwicklermodus erh\u00e4ltst du ein paar zus\u00e4tzliche Optionen beim Starten von Mods wie Script-Kompilierung, zSpy usw. und au\u00dferdem kann der Spacer gestartet werden.<\/p>\n\n\n\n<p>W\u00e4hrend du im Entwicklermodus bist wirst du nur Mods sehen, die manuell installiert wurden (ini-Datei im System-Ordner). Alles, was \u00fcber die Datenbank geladen wurde, wird ausgeblendet.<\/p>\n\n\n\n<p>Weil das Modden deiner Gothic-Installation die Kompatibilit\u00e4t zu anderen Mods zerst\u00f6ren wird solltest du auf jeden Fall andere Gothic-Installationen f\u00fcr Mod-Projekte verwenden. Spine unterst\u00fctzt bis zu 10 Modding-Ordner, zwischen denen ganz einfach mit Strg + 0-9 gewechselt werden kann.<\/p>\n","protected":false},"excerpt":{"rendered":"<div class=\"entry-summary\">\nEinleitung Diese Tutorial erkl\u00e4rt, wie man Spine f\u00fcr die Entwicklung von Gothic 1 &amp; 2 Modifikationen nutzen kann. Andere Projekte werden aktuell im Entwicklermodus nicht unterst\u00fctzt. Entwicklerfeatures aktivieren Standardm\u00e4\u00dfig sind alle Entwicklerfeatures von Spine deaktiviert. Das wurde gemacht um normale&hellip;\n<\/div>\n<div class=\"link-more\"><a href=\"https:\/\/clockwork-origins.com\/de\/spine-tutorial-getting-started\/\" class=\"more-link\"><span class=\"screen-reader-text\"> &ldquo;Spine Tutorial &#8211; Getting started&rdquo;<\/span> weiterlesen\u00a0&hellip;<\/a><\/div>\n","protected":false},"author":1,"featured_media":0,"parent":0,"menu_order":0,"comment_status":"closed","ping_status":"closed","template":"","meta":{"iawp_total_views":16,"footnotes":""},"tags":[],"class_list":["post-1742","page","type-page","status-publish","hentry","entry"],"yoast_head":"<!-- This site is optimized with the Yoast SEO plugin v27.4 - https:\/\/yoast.com\/product\/yoast-seo-wordpress\/ -->\n<title>Spine Tutorial - Getting started - Clockwork Origins<\/title>\n<meta name=\"robots\" content=\"index, follow, max-snippet:-1, max-image-preview:large, max-video-preview:-1\" \/>\n<link rel=\"canonical\" href=\"https:\/\/clockwork-origins.com\/de\/spine-tutorial-getting-started\/\" \/>\n<meta property=\"og:locale\" content=\"de_DE\" \/>\n<meta property=\"og:type\" content=\"article\" \/>\n<meta property=\"og:title\" content=\"Spine Tutorial - Getting started - Clockwork Origins\" \/>\n<meta property=\"og:description\" content=\"Einleitung Diese Tutorial erkl\u00e4rt, wie man Spine f\u00fcr die Entwicklung von Gothic 1 &amp; 2 Modifikationen nutzen kann. Andere Projekte werden aktuell im Entwicklermodus nicht unterst\u00fctzt. Entwicklerfeatures aktivieren Standardm\u00e4\u00dfig sind alle Entwicklerfeatures von Spine deaktiviert. Das wurde gemacht um normale&hellip; &ldquo;Spine Tutorial &#8211; Getting started&rdquo; weiterlesen\u00a0&hellip;\" \/>\n<meta property=\"og:url\" content=\"https:\/\/clockwork-origins.com\/de\/spine-tutorial-getting-started\/\" \/>\n<meta property=\"og:site_name\" content=\"Clockwork Origins\" \/>\n<meta property=\"article:modified_time\" content=\"2021-04-18T11:59:02+00:00\" \/>\n<meta name=\"twitter:card\" content=\"summary_large_image\" \/>\n<meta name=\"twitter:label1\" content=\"Gesch\u00e4tzte Lesezeit\" \/>\n\t<meta name=\"twitter:data1\" content=\"1\u00a0Minute\" \/>\n<script type=\"application\/ld+json\" class=\"yoast-schema-graph\">{\"@context\":\"https:\\\/\\\/schema.org\",\"@graph\":[{\"@type\":\"WebPage\",\"@id\":\"https:\\\/\\\/clockwork-origins.com\\\/de\\\/spine-tutorial-getting-started\\\/\",\"url\":\"https:\\\/\\\/clockwork-origins.com\\\/de\\\/spine-tutorial-getting-started\\\/\",\"name\":\"Spine Tutorial - Getting started - Clockwork Origins\",\"isPartOf\":{\"@id\":\"https:\\\/\\\/clockwork-origins.com\\\/#website\"},\"datePublished\":\"2021-04-18T11:53:02+00:00\",\"dateModified\":\"2021-04-18T11:59:02+00:00\",\"breadcrumb\":{\"@id\":\"https:\\\/\\\/clockwork-origins.com\\\/de\\\/spine-tutorial-getting-started\\\/#breadcrumb\"},\"inLanguage\":\"de\",\"potentialAction\":[{\"@type\":\"ReadAction\",\"target\":[\"https:\\\/\\\/clockwork-origins.com\\\/de\\\/spine-tutorial-getting-started\\\/\"]}]},{\"@type\":\"BreadcrumbList\",\"@id\":\"https:\\\/\\\/clockwork-origins.com\\\/de\\\/spine-tutorial-getting-started\\\/#breadcrumb\",\"itemListElement\":[{\"@type\":\"ListItem\",\"position\":1,\"name\":\"Home\",\"item\":\"https:\\\/\\\/clockwork-origins.com\\\/de\\\/\"},{\"@type\":\"ListItem\",\"position\":2,\"name\":\"Spine Tutorial &#8211; Getting started\"}]},{\"@type\":\"WebSite\",\"@id\":\"https:\\\/\\\/clockwork-origins.com\\\/#website\",\"url\":\"https:\\\/\\\/clockwork-origins.com\\\/\",\"name\":\"Clockwork Origins\",\"description\":\"\",\"publisher\":{\"@id\":\"https:\\\/\\\/clockwork-origins.com\\\/#organization\"},\"potentialAction\":[{\"@type\":\"SearchAction\",\"target\":{\"@type\":\"EntryPoint\",\"urlTemplate\":\"https:\\\/\\\/clockwork-origins.com\\\/?s={search_term_string}\"},\"query-input\":{\"@type\":\"PropertyValueSpecification\",\"valueRequired\":true,\"valueName\":\"search_term_string\"}}],\"inLanguage\":\"de\"},{\"@type\":\"Organization\",\"@id\":\"https:\\\/\\\/clockwork-origins.com\\\/#organization\",\"name\":\"Clockwork Origins\",\"url\":\"https:\\\/\\\/clockwork-origins.com\\\/\",\"logo\":{\"@type\":\"ImageObject\",\"inLanguage\":\"de\",\"@id\":\"https:\\\/\\\/clockwork-origins.com\\\/#\\\/schema\\\/logo\\\/image\\\/\",\"url\":\"https:\\\/\\\/clockwork-origins.com\\\/wp-content\\\/uploads\\\/2018\\\/02\\\/cropped-ClockworkOrigins_Icon_256xx-1.png\",\"contentUrl\":\"https:\\\/\\\/clockwork-origins.com\\\/wp-content\\\/uploads\\\/2018\\\/02\\\/cropped-ClockworkOrigins_Icon_256xx-1.png\",\"width\":256,\"height\":256,\"caption\":\"Clockwork Origins\"},\"image\":{\"@id\":\"https:\\\/\\\/clockwork-origins.com\\\/#\\\/schema\\\/logo\\\/image\\\/\"}}]}<\/script>\n<!-- \/ Yoast SEO plugin. -->","yoast_head_json":{"title":"Spine Tutorial - Getting started - Clockwork Origins","robots":{"index":"index","follow":"follow","max-snippet":"max-snippet:-1","max-image-preview":"max-image-preview:large","max-video-preview":"max-video-preview:-1"},"canonical":"https:\/\/clockwork-origins.com\/de\/spine-tutorial-getting-started\/","og_locale":"de_DE","og_type":"article","og_title":"Spine Tutorial - Getting started - Clockwork Origins","og_description":"Einleitung Diese Tutorial erkl\u00e4rt, wie man Spine f\u00fcr die Entwicklung von Gothic 1 &amp; 2 Modifikationen nutzen kann. Andere Projekte werden aktuell im Entwicklermodus nicht unterst\u00fctzt. Entwicklerfeatures aktivieren Standardm\u00e4\u00dfig sind alle Entwicklerfeatures von Spine deaktiviert. Das wurde gemacht um normale&hellip; &ldquo;Spine Tutorial &#8211; Getting started&rdquo; weiterlesen\u00a0&hellip;","og_url":"https:\/\/clockwork-origins.com\/de\/spine-tutorial-getting-started\/","og_site_name":"Clockwork Origins","article_modified_time":"2021-04-18T11:59:02+00:00","twitter_card":"summary_large_image","twitter_misc":{"Gesch\u00e4tzte Lesezeit":"1\u00a0Minute"},"schema":{"@context":"https:\/\/schema.org","@graph":[{"@type":"WebPage","@id":"https:\/\/clockwork-origins.com\/de\/spine-tutorial-getting-started\/","url":"https:\/\/clockwork-origins.com\/de\/spine-tutorial-getting-started\/","name":"Spine Tutorial - Getting started - Clockwork Origins","isPartOf":{"@id":"https:\/\/clockwork-origins.com\/#website"},"datePublished":"2021-04-18T11:53:02+00:00","dateModified":"2021-04-18T11:59:02+00:00","breadcrumb":{"@id":"https:\/\/clockwork-origins.com\/de\/spine-tutorial-getting-started\/#breadcrumb"},"inLanguage":"de","potentialAction":[{"@type":"ReadAction","target":["https:\/\/clockwork-origins.com\/de\/spine-tutorial-getting-started\/"]}]},{"@type":"BreadcrumbList","@id":"https:\/\/clockwork-origins.com\/de\/spine-tutorial-getting-started\/#breadcrumb","itemListElement":[{"@type":"ListItem","position":1,"name":"Home","item":"https:\/\/clockwork-origins.com\/de\/"},{"@type":"ListItem","position":2,"name":"Spine Tutorial &#8211; Getting started"}]},{"@type":"WebSite","@id":"https:\/\/clockwork-origins.com\/#website","url":"https:\/\/clockwork-origins.com\/","name":"Clockwork Origins","description":"","publisher":{"@id":"https:\/\/clockwork-origins.com\/#organization"},"potentialAction":[{"@type":"SearchAction","target":{"@type":"EntryPoint","urlTemplate":"https:\/\/clockwork-origins.com\/?s={search_term_string}"},"query-input":{"@type":"PropertyValueSpecification","valueRequired":true,"valueName":"search_term_string"}}],"inLanguage":"de"},{"@type":"Organization","@id":"https:\/\/clockwork-origins.com\/#organization","name":"Clockwork Origins","url":"https:\/\/clockwork-origins.com\/","logo":{"@type":"ImageObject","inLanguage":"de","@id":"https:\/\/clockwork-origins.com\/#\/schema\/logo\/image\/","url":"https:\/\/clockwork-origins.com\/wp-content\/uploads\/2018\/02\/cropped-ClockworkOrigins_Icon_256xx-1.png","contentUrl":"https:\/\/clockwork-origins.com\/wp-content\/uploads\/2018\/02\/cropped-ClockworkOrigins_Icon_256xx-1.png","width":256,"height":256,"caption":"Clockwork Origins"},"image":{"@id":"https:\/\/clockwork-origins.com\/#\/schema\/logo\/image\/"}}]}},"_links":{"self":[{"href":"https:\/\/clockwork-origins.com\/de\/wp-json\/wp\/v2\/pages\/1742","targetHints":{"allow":["GET"]}}],"collection":[{"href":"https:\/\/clockwork-origins.com\/de\/wp-json\/wp\/v2\/pages"}],"about":[{"href":"https:\/\/clockwork-origins.com\/de\/wp-json\/wp\/v2\/types\/page"}],"author":[{"embeddable":true,"href":"https:\/\/clockwork-origins.com\/de\/wp-json\/wp\/v2\/users\/1"}],"replies":[{"embeddable":true,"href":"https:\/\/clockwork-origins.com\/de\/wp-json\/wp\/v2\/comments?post=1742"}],"version-history":[{"count":1,"href":"https:\/\/clockwork-origins.com\/de\/wp-json\/wp\/v2\/pages\/1742\/revisions"}],"predecessor-version":[{"id":1744,"href":"https:\/\/clockwork-origins.com\/de\/wp-json\/wp\/v2\/pages\/1742\/revisions\/1744"}],"wp:attachment":[{"href":"https:\/\/clockwork-origins.com\/de\/wp-json\/wp\/v2\/media?parent=1742"}],"wp:term":[{"taxonomy":"post_tag","embeddable":true,"href":"https:\/\/clockwork-origins.com\/de\/wp-json\/wp\/v2\/tags?post=1742"}],"curies":[{"name":"wp","href":"https:\/\/api.w.org\/{rel}","templated":true}]}}