{"id":295,"date":"2018-08-07T22:36:59","date_gmt":"2018-08-07T20:36:59","guid":{"rendered":"https:\/\/clockwork-origins.com\/?page_id=295"},"modified":"2019-12-15T21:00:06","modified_gmt":"2019-12-15T20:00:06","slug":"kontakt","status":"publish","type":"page","link":"https:\/\/clockwork-origins.com\/de\/kontakt\/","title":{"rendered":"Kontakt"},"content":{"rendered":"\n<p>Wenn du uns wegen eines Problems, einer Frage oder auch einer Presseanfrage kontaktieren willst, findest du hier die verschiedenen Optionen, um uns zu erreichen.<\/p>\n\n\n\n<h2 class=\"wp-block-heading\">Allgemeiner Kontakt<\/h2>\n\n\n\n<p>Du kannst uns \u00fcber unsere allgemeine Kontakt-E-Mail-Adresse erreichen. Wir antworten in der Regel innerhalb von 24 Stunden.<\/p>\n\n\n\n<p>E-Mail: <a href=\"mailto:contact@clockwork-origins.com\">contact@clockwork-origins.com<\/a><\/p>\n\n\n\n<p>Du kannst uns ebenfalls \u00fcber unseren Discord-Server kontaktieren. Entweder per privater Nachricht oder \u00fcber den jeweiligen Kanal. Wir haben Kan\u00e4le f\u00fcr alle unsere Projekte auf unserem Server. Die Antwortzeiten sind in der Regel sehr kurz und im Falle von Problemen k\u00f6nnen manchmal auch die anderen Nutzer helfen.<\/p>\n\n\n\n<p>Discord:  <a rel=\"noreferrer noopener\" href=\"https:\/\/discord.gg\/bwnuXq9\" target=\"_blank\">https:\/\/discord.gg\/bwnuXq9<\/a> <\/p>\n","protected":false},"excerpt":{"rendered":"<div class=\"entry-summary\">\nWenn du uns wegen eines Problems, einer Frage oder auch einer Presseanfrage kontaktieren willst, findest du hier die verschiedenen Optionen, um uns zu erreichen. Allgemeiner Kontakt Du kannst uns \u00fcber unsere allgemeine Kontakt-E-Mail-Adresse erreichen. Wir antworten in der Regel innerhalb&hellip;\n<\/div>\n<div class=\"link-more\"><a href=\"https:\/\/clockwork-origins.com\/de\/kontakt\/\" class=\"more-link\"><span class=\"screen-reader-text\"> &ldquo;Kontakt&rdquo;<\/span> weiterlesen\u00a0&hellip;<\/a><\/div>\n","protected":false},"author":1,"featured_media":0,"parent":0,"menu_order":0,"comment_status":"closed","ping_status":"closed","template":"","meta":{"iawp_total_views":0,"footnotes":""},"tags":[],"class_list":["post-295","page","type-page","status-publish","hentry","entry"],"yoast_head":"<!-- This site is optimized with the Yoast SEO plugin v27.3 - https:\/\/yoast.com\/product\/yoast-seo-wordpress\/ -->\n<title>Kontakt - Clockwork Origins<\/title>\n<meta name=\"robots\" content=\"index, follow, max-snippet:-1, max-image-preview:large, max-video-preview:-1\" \/>\n<link rel=\"canonical\" href=\"https:\/\/clockwork-origins.com\/de\/kontakt\/\" \/>\n<meta property=\"og:locale\" content=\"de_DE\" \/>\n<meta property=\"og:type\" content=\"article\" \/>\n<meta property=\"og:title\" content=\"Kontakt - Clockwork Origins\" \/>\n<meta property=\"og:description\" content=\"Wenn du uns wegen eines Problems, einer Frage oder auch einer Presseanfrage kontaktieren willst, findest du hier die verschiedenen Optionen, um uns zu erreichen. Allgemeiner Kontakt Du kannst uns \u00fcber unsere allgemeine Kontakt-E-Mail-Adresse erreichen. Wir antworten in der Regel innerhalb&hellip; &ldquo;Kontakt&rdquo; weiterlesen\u00a0&hellip;\" \/>\n<meta property=\"og:url\" content=\"https:\/\/clockwork-origins.com\/de\/kontakt\/\" \/>\n<meta property=\"og:site_name\" content=\"Clockwork Origins\" \/>\n<meta property=\"article:modified_time\" content=\"2019-12-15T20:00:06+00:00\" \/>\n<meta name=\"twitter:card\" content=\"summary_large_image\" \/>\n<meta name=\"twitter:label1\" content=\"Gesch\u00e4tzte Lesezeit\" \/>\n\t<meta name=\"twitter:data1\" content=\"1\u00a0Minute\" \/>\n<script type=\"application\/ld+json\" class=\"yoast-schema-graph\">{\"@context\":\"https:\\\/\\\/schema.org\",\"@graph\":[{\"@type\":\"WebPage\",\"@id\":\"https:\\\/\\\/clockwork-origins.com\\\/de\\\/kontakt\\\/\",\"url\":\"https:\\\/\\\/clockwork-origins.com\\\/de\\\/kontakt\\\/\",\"name\":\"Kontakt - Clockwork Origins\",\"isPartOf\":{\"@id\":\"https:\\\/\\\/clockwork-origins.com\\\/#website\"},\"datePublished\":\"2018-08-07T20:36:59+00:00\",\"dateModified\":\"2019-12-15T20:00:06+00:00\",\"breadcrumb\":{\"@id\":\"https:\\\/\\\/clockwork-origins.com\\\/de\\\/kontakt\\\/#breadcrumb\"},\"inLanguage\":\"de\",\"potentialAction\":[{\"@type\":\"ReadAction\",\"target\":[\"https:\\\/\\\/clockwork-origins.com\\\/de\\\/kontakt\\\/\"]}]},{\"@type\":\"BreadcrumbList\",\"@id\":\"https:\\\/\\\/clockwork-origins.com\\\/de\\\/kontakt\\\/#breadcrumb\",\"itemListElement\":[{\"@type\":\"ListItem\",\"position\":1,\"name\":\"Home\",\"item\":\"https:\\\/\\\/clockwork-origins.com\\\/de\\\/\"},{\"@type\":\"ListItem\",\"position\":2,\"name\":\"Kontakt\"}]},{\"@type\":\"WebSite\",\"@id\":\"https:\\\/\\\/clockwork-origins.com\\\/#website\",\"url\":\"https:\\\/\\\/clockwork-origins.com\\\/\",\"name\":\"Clockwork Origins\",\"description\":\"\",\"publisher\":{\"@id\":\"https:\\\/\\\/clockwork-origins.com\\\/#organization\"},\"potentialAction\":[{\"@type\":\"SearchAction\",\"target\":{\"@type\":\"EntryPoint\",\"urlTemplate\":\"https:\\\/\\\/clockwork-origins.com\\\/?s={search_term_string}\"},\"query-input\":{\"@type\":\"PropertyValueSpecification\",\"valueRequired\":true,\"valueName\":\"search_term_string\"}}],\"inLanguage\":\"de\"},{\"@type\":\"Organization\",\"@id\":\"https:\\\/\\\/clockwork-origins.com\\\/#organization\",\"name\":\"Clockwork Origins\",\"url\":\"https:\\\/\\\/clockwork-origins.com\\\/\",\"logo\":{\"@type\":\"ImageObject\",\"inLanguage\":\"de\",\"@id\":\"https:\\\/\\\/clockwork-origins.com\\\/#\\\/schema\\\/logo\\\/image\\\/\",\"url\":\"https:\\\/\\\/clockwork-origins.com\\\/wp-content\\\/uploads\\\/2018\\\/02\\\/cropped-ClockworkOrigins_Icon_256xx-1.png\",\"contentUrl\":\"https:\\\/\\\/clockwork-origins.com\\\/wp-content\\\/uploads\\\/2018\\\/02\\\/cropped-ClockworkOrigins_Icon_256xx-1.png\",\"width\":256,\"height\":256,\"caption\":\"Clockwork Origins\"},\"image\":{\"@id\":\"https:\\\/\\\/clockwork-origins.com\\\/#\\\/schema\\\/logo\\\/image\\\/\"}}]}<\/script>\n<!-- \/ Yoast SEO plugin. -->","yoast_head_json":{"title":"Kontakt - Clockwork Origins","robots":{"index":"index","follow":"follow","max-snippet":"max-snippet:-1","max-image-preview":"max-image-preview:large","max-video-preview":"max-video-preview:-1"},"canonical":"https:\/\/clockwork-origins.com\/de\/kontakt\/","og_locale":"de_DE","og_type":"article","og_title":"Kontakt - Clockwork Origins","og_description":"Wenn du uns wegen eines Problems, einer Frage oder auch einer Presseanfrage kontaktieren willst, findest du hier die verschiedenen Optionen, um uns zu erreichen. Allgemeiner Kontakt Du kannst uns \u00fcber unsere allgemeine Kontakt-E-Mail-Adresse erreichen. Wir antworten in der Regel innerhalb&hellip; &ldquo;Kontakt&rdquo; weiterlesen\u00a0&hellip;","og_url":"https:\/\/clockwork-origins.com\/de\/kontakt\/","og_site_name":"Clockwork Origins","article_modified_time":"2019-12-15T20:00:06+00:00","twitter_card":"summary_large_image","twitter_misc":{"Gesch\u00e4tzte Lesezeit":"1\u00a0Minute"},"schema":{"@context":"https:\/\/schema.org","@graph":[{"@type":"WebPage","@id":"https:\/\/clockwork-origins.com\/de\/kontakt\/","url":"https:\/\/clockwork-origins.com\/de\/kontakt\/","name":"Kontakt - Clockwork Origins","isPartOf":{"@id":"https:\/\/clockwork-origins.com\/#website"},"datePublished":"2018-08-07T20:36:59+00:00","dateModified":"2019-12-15T20:00:06+00:00","breadcrumb":{"@id":"https:\/\/clockwork-origins.com\/de\/kontakt\/#breadcrumb"},"inLanguage":"de","potentialAction":[{"@type":"ReadAction","target":["https:\/\/clockwork-origins.com\/de\/kontakt\/"]}]},{"@type":"BreadcrumbList","@id":"https:\/\/clockwork-origins.com\/de\/kontakt\/#breadcrumb","itemListElement":[{"@type":"ListItem","position":1,"name":"Home","item":"https:\/\/clockwork-origins.com\/de\/"},{"@type":"ListItem","position":2,"name":"Kontakt"}]},{"@type":"WebSite","@id":"https:\/\/clockwork-origins.com\/#website","url":"https:\/\/clockwork-origins.com\/","name":"Clockwork Origins","description":"","publisher":{"@id":"https:\/\/clockwork-origins.com\/#organization"},"potentialAction":[{"@type":"SearchAction","target":{"@type":"EntryPoint","urlTemplate":"https:\/\/clockwork-origins.com\/?s={search_term_string}"},"query-input":{"@type":"PropertyValueSpecification","valueRequired":true,"valueName":"search_term_string"}}],"inLanguage":"de"},{"@type":"Organization","@id":"https:\/\/clockwork-origins.com\/#organization","name":"Clockwork Origins","url":"https:\/\/clockwork-origins.com\/","logo":{"@type":"ImageObject","inLanguage":"de","@id":"https:\/\/clockwork-origins.com\/#\/schema\/logo\/image\/","url":"https:\/\/clockwork-origins.com\/wp-content\/uploads\/2018\/02\/cropped-ClockworkOrigins_Icon_256xx-1.png","contentUrl":"https:\/\/clockwork-origins.com\/wp-content\/uploads\/2018\/02\/cropped-ClockworkOrigins_Icon_256xx-1.png","width":256,"height":256,"caption":"Clockwork Origins"},"image":{"@id":"https:\/\/clockwork-origins.com\/#\/schema\/logo\/image\/"}}]}},"_links":{"self":[{"href":"https:\/\/clockwork-origins.com\/de\/wp-json\/wp\/v2\/pages\/295","targetHints":{"allow":["GET"]}}],"collection":[{"href":"https:\/\/clockwork-origins.com\/de\/wp-json\/wp\/v2\/pages"}],"about":[{"href":"https:\/\/clockwork-origins.com\/de\/wp-json\/wp\/v2\/types\/page"}],"author":[{"embeddable":true,"href":"https:\/\/clockwork-origins.com\/de\/wp-json\/wp\/v2\/users\/1"}],"replies":[{"embeddable":true,"href":"https:\/\/clockwork-origins.com\/de\/wp-json\/wp\/v2\/comments?post=295"}],"version-history":[{"count":3,"href":"https:\/\/clockwork-origins.com\/de\/wp-json\/wp\/v2\/pages\/295\/revisions"}],"predecessor-version":[{"id":1019,"href":"https:\/\/clockwork-origins.com\/de\/wp-json\/wp\/v2\/pages\/295\/revisions\/1019"}],"wp:attachment":[{"href":"https:\/\/clockwork-origins.com\/de\/wp-json\/wp\/v2\/media?parent=295"}],"wp:term":[{"taxonomy":"post_tag","embeddable":true,"href":"https:\/\/clockwork-origins.com\/de\/wp-json\/wp\/v2\/tags?post=295"}],"curies":[{"name":"wp","href":"https:\/\/api.w.org\/{rel}","templated":true}]}}