{"id":307,"date":"2018-08-07T22:57:03","date_gmt":"2018-08-07T20:57:03","guid":{"rendered":"https:\/\/clockwork-origins.com\/?page_id=307"},"modified":"2024-01-25T10:12:33","modified_gmt":"2024-01-25T09:12:33","slug":"jobs","status":"publish","type":"page","link":"https:\/\/clockwork-origins.com\/de\/jobs\/","title":{"rendered":"Jobs"},"content":{"rendered":"\n<p><em>Clockwork Origins ist ein junges Studio f\u00fcr Spieleentwicklung mit Sitz in Erlangen. Gegr\u00fcndet 2018, haben wir mit unseren Tower-Defense-Spielen Elemental War und dem Funracer Tri6: Infinite weltweit und auf verschiedensten Plattformen (u.a. PC, Playstation, Xbox, Nintendo Switch) Erfolge erzielt. Unser Ziel f\u00fcr die kommenden Jahre ist weiteres Wachstum, um auch Projekte in anspruchsvollen Genres (z.B. RPG) umsetzen zu k\u00f6nnen. Wir w\u00fcrden uns freuen, wenn du Teil der Erfolgsstory wirst!<\/em><\/p>\n\n\n\n<p>Zur Zeit arbeiten wir an <a href=\"https:\/\/cyber-td.com\" target=\"_blank\" rel=\"noreferrer noopener\">CyberTD<\/a> und werden bald mit dem Prototyp von Tri6: Arena anfangen, dem Nachfolger zu unserem Fun Rancer <a href=\"https:\/\/tri6game.com\" target=\"_blank\" rel=\"noreferrer noopener\">Tri6: Infinite<\/a>.<\/p>\n\n\n\n<p>Wir vergeben aktuell folgende Stellen:<\/p>\n\n\n\n<p><em>Keine freien Stellen verf\u00fcgbar.<\/em><\/p>\n","protected":false},"excerpt":{"rendered":"<div class=\"entry-summary\">\nClockwork Origins ist ein junges Studio f\u00fcr Spieleentwicklung mit Sitz in Erlangen. Gegr\u00fcndet 2018, haben wir mit unseren Tower-Defense-Spielen Elemental War und dem Funracer Tri6: Infinite weltweit und auf verschiedensten Plattformen (u.a. PC, Playstation, Xbox, Nintendo Switch) Erfolge erzielt. Unser&hellip;\n<\/div>\n<div class=\"link-more\"><a href=\"https:\/\/clockwork-origins.com\/de\/jobs\/\" class=\"more-link\"><span class=\"screen-reader-text\"> &ldquo;Jobs&rdquo;<\/span> weiterlesen\u00a0&hellip;<\/a><\/div>\n","protected":false},"author":1,"featured_media":0,"parent":0,"menu_order":0,"comment_status":"closed","ping_status":"closed","template":"","meta":{"iawp_total_views":1,"footnotes":""},"tags":[],"class_list":["post-307","page","type-page","status-publish","hentry","entry"],"yoast_head":"<!-- This site is optimized with the Yoast SEO plugin v27.4 - https:\/\/yoast.com\/product\/yoast-seo-wordpress\/ -->\n<title>Jobs - Clockwork Origins<\/title>\n<meta name=\"robots\" content=\"index, follow, max-snippet:-1, max-image-preview:large, max-video-preview:-1\" \/>\n<link rel=\"canonical\" href=\"https:\/\/clockwork-origins.com\/de\/jobs\/\" \/>\n<meta property=\"og:locale\" content=\"de_DE\" \/>\n<meta property=\"og:type\" content=\"article\" \/>\n<meta property=\"og:title\" content=\"Jobs - Clockwork Origins\" \/>\n<meta property=\"og:description\" content=\"Clockwork Origins ist ein junges Studio f\u00fcr Spieleentwicklung mit Sitz in Erlangen. Gegr\u00fcndet 2018, haben wir mit unseren Tower-Defense-Spielen Elemental War und dem Funracer Tri6: Infinite weltweit und auf verschiedensten Plattformen (u.a. PC, Playstation, Xbox, Nintendo Switch) Erfolge erzielt. Unser&hellip; &ldquo;Jobs&rdquo; weiterlesen\u00a0&hellip;\" \/>\n<meta property=\"og:url\" content=\"https:\/\/clockwork-origins.com\/de\/jobs\/\" \/>\n<meta property=\"og:site_name\" content=\"Clockwork Origins\" \/>\n<meta property=\"article:modified_time\" content=\"2024-01-25T09:12:33+00:00\" \/>\n<meta name=\"twitter:card\" content=\"summary_large_image\" \/>\n<meta name=\"twitter:label1\" content=\"Gesch\u00e4tzte Lesezeit\" \/>\n\t<meta name=\"twitter:data1\" content=\"1\u00a0Minute\" \/>\n<script type=\"application\/ld+json\" class=\"yoast-schema-graph\">{\"@context\":\"https:\\\/\\\/schema.org\",\"@graph\":[{\"@type\":\"WebPage\",\"@id\":\"https:\\\/\\\/clockwork-origins.com\\\/de\\\/jobs\\\/\",\"url\":\"https:\\\/\\\/clockwork-origins.com\\\/de\\\/jobs\\\/\",\"name\":\"Jobs - Clockwork Origins\",\"isPartOf\":{\"@id\":\"https:\\\/\\\/clockwork-origins.com\\\/#website\"},\"datePublished\":\"2018-08-07T20:57:03+00:00\",\"dateModified\":\"2024-01-25T09:12:33+00:00\",\"breadcrumb\":{\"@id\":\"https:\\\/\\\/clockwork-origins.com\\\/de\\\/jobs\\\/#breadcrumb\"},\"inLanguage\":\"de\",\"potentialAction\":[{\"@type\":\"ReadAction\",\"target\":[\"https:\\\/\\\/clockwork-origins.com\\\/de\\\/jobs\\\/\"]}]},{\"@type\":\"BreadcrumbList\",\"@id\":\"https:\\\/\\\/clockwork-origins.com\\\/de\\\/jobs\\\/#breadcrumb\",\"itemListElement\":[{\"@type\":\"ListItem\",\"position\":1,\"name\":\"Home\",\"item\":\"https:\\\/\\\/clockwork-origins.com\\\/de\\\/\"},{\"@type\":\"ListItem\",\"position\":2,\"name\":\"Jobs\"}]},{\"@type\":\"WebSite\",\"@id\":\"https:\\\/\\\/clockwork-origins.com\\\/#website\",\"url\":\"https:\\\/\\\/clockwork-origins.com\\\/\",\"name\":\"Clockwork Origins\",\"description\":\"\",\"publisher\":{\"@id\":\"https:\\\/\\\/clockwork-origins.com\\\/#organization\"},\"potentialAction\":[{\"@type\":\"SearchAction\",\"target\":{\"@type\":\"EntryPoint\",\"urlTemplate\":\"https:\\\/\\\/clockwork-origins.com\\\/?s={search_term_string}\"},\"query-input\":{\"@type\":\"PropertyValueSpecification\",\"valueRequired\":true,\"valueName\":\"search_term_string\"}}],\"inLanguage\":\"de\"},{\"@type\":\"Organization\",\"@id\":\"https:\\\/\\\/clockwork-origins.com\\\/#organization\",\"name\":\"Clockwork Origins\",\"url\":\"https:\\\/\\\/clockwork-origins.com\\\/\",\"logo\":{\"@type\":\"ImageObject\",\"inLanguage\":\"de\",\"@id\":\"https:\\\/\\\/clockwork-origins.com\\\/#\\\/schema\\\/logo\\\/image\\\/\",\"url\":\"https:\\\/\\\/clockwork-origins.com\\\/wp-content\\\/uploads\\\/2018\\\/02\\\/cropped-ClockworkOrigins_Icon_256xx-1.png\",\"contentUrl\":\"https:\\\/\\\/clockwork-origins.com\\\/wp-content\\\/uploads\\\/2018\\\/02\\\/cropped-ClockworkOrigins_Icon_256xx-1.png\",\"width\":256,\"height\":256,\"caption\":\"Clockwork Origins\"},\"image\":{\"@id\":\"https:\\\/\\\/clockwork-origins.com\\\/#\\\/schema\\\/logo\\\/image\\\/\"}}]}<\/script>\n<!-- \/ Yoast SEO plugin. -->","yoast_head_json":{"title":"Jobs - Clockwork Origins","robots":{"index":"index","follow":"follow","max-snippet":"max-snippet:-1","max-image-preview":"max-image-preview:large","max-video-preview":"max-video-preview:-1"},"canonical":"https:\/\/clockwork-origins.com\/de\/jobs\/","og_locale":"de_DE","og_type":"article","og_title":"Jobs - Clockwork Origins","og_description":"Clockwork Origins ist ein junges Studio f\u00fcr Spieleentwicklung mit Sitz in Erlangen. Gegr\u00fcndet 2018, haben wir mit unseren Tower-Defense-Spielen Elemental War und dem Funracer Tri6: Infinite weltweit und auf verschiedensten Plattformen (u.a. PC, Playstation, Xbox, Nintendo Switch) Erfolge erzielt. Unser&hellip; &ldquo;Jobs&rdquo; weiterlesen\u00a0&hellip;","og_url":"https:\/\/clockwork-origins.com\/de\/jobs\/","og_site_name":"Clockwork Origins","article_modified_time":"2024-01-25T09:12:33+00:00","twitter_card":"summary_large_image","twitter_misc":{"Gesch\u00e4tzte Lesezeit":"1\u00a0Minute"},"schema":{"@context":"https:\/\/schema.org","@graph":[{"@type":"WebPage","@id":"https:\/\/clockwork-origins.com\/de\/jobs\/","url":"https:\/\/clockwork-origins.com\/de\/jobs\/","name":"Jobs - Clockwork Origins","isPartOf":{"@id":"https:\/\/clockwork-origins.com\/#website"},"datePublished":"2018-08-07T20:57:03+00:00","dateModified":"2024-01-25T09:12:33+00:00","breadcrumb":{"@id":"https:\/\/clockwork-origins.com\/de\/jobs\/#breadcrumb"},"inLanguage":"de","potentialAction":[{"@type":"ReadAction","target":["https:\/\/clockwork-origins.com\/de\/jobs\/"]}]},{"@type":"BreadcrumbList","@id":"https:\/\/clockwork-origins.com\/de\/jobs\/#breadcrumb","itemListElement":[{"@type":"ListItem","position":1,"name":"Home","item":"https:\/\/clockwork-origins.com\/de\/"},{"@type":"ListItem","position":2,"name":"Jobs"}]},{"@type":"WebSite","@id":"https:\/\/clockwork-origins.com\/#website","url":"https:\/\/clockwork-origins.com\/","name":"Clockwork Origins","description":"","publisher":{"@id":"https:\/\/clockwork-origins.com\/#organization"},"potentialAction":[{"@type":"SearchAction","target":{"@type":"EntryPoint","urlTemplate":"https:\/\/clockwork-origins.com\/?s={search_term_string}"},"query-input":{"@type":"PropertyValueSpecification","valueRequired":true,"valueName":"search_term_string"}}],"inLanguage":"de"},{"@type":"Organization","@id":"https:\/\/clockwork-origins.com\/#organization","name":"Clockwork Origins","url":"https:\/\/clockwork-origins.com\/","logo":{"@type":"ImageObject","inLanguage":"de","@id":"https:\/\/clockwork-origins.com\/#\/schema\/logo\/image\/","url":"https:\/\/clockwork-origins.com\/wp-content\/uploads\/2018\/02\/cropped-ClockworkOrigins_Icon_256xx-1.png","contentUrl":"https:\/\/clockwork-origins.com\/wp-content\/uploads\/2018\/02\/cropped-ClockworkOrigins_Icon_256xx-1.png","width":256,"height":256,"caption":"Clockwork Origins"},"image":{"@id":"https:\/\/clockwork-origins.com\/#\/schema\/logo\/image\/"}}]}},"_links":{"self":[{"href":"https:\/\/clockwork-origins.com\/de\/wp-json\/wp\/v2\/pages\/307","targetHints":{"allow":["GET"]}}],"collection":[{"href":"https:\/\/clockwork-origins.com\/de\/wp-json\/wp\/v2\/pages"}],"about":[{"href":"https:\/\/clockwork-origins.com\/de\/wp-json\/wp\/v2\/types\/page"}],"author":[{"embeddable":true,"href":"https:\/\/clockwork-origins.com\/de\/wp-json\/wp\/v2\/users\/1"}],"replies":[{"embeddable":true,"href":"https:\/\/clockwork-origins.com\/de\/wp-json\/wp\/v2\/comments?post=307"}],"version-history":[{"count":5,"href":"https:\/\/clockwork-origins.com\/de\/wp-json\/wp\/v2\/pages\/307\/revisions"}],"predecessor-version":[{"id":2598,"href":"https:\/\/clockwork-origins.com\/de\/wp-json\/wp\/v2\/pages\/307\/revisions\/2598"}],"wp:attachment":[{"href":"https:\/\/clockwork-origins.com\/de\/wp-json\/wp\/v2\/media?parent=307"}],"wp:term":[{"taxonomy":"post_tag","embeddable":true,"href":"https:\/\/clockwork-origins.com\/de\/wp-json\/wp\/v2\/tags?post=307"}],"curies":[{"name":"wp","href":"https:\/\/api.w.org\/{rel}","templated":true}]}}