{"id":362,"date":"2018-08-13T20:23:37","date_gmt":"2018-08-13T18:23:37","guid":{"rendered":"https:\/\/clockwork-origins.com\/?page_id=362"},"modified":"2020-03-11T18:57:28","modified_gmt":"2020-03-11T17:57:28","slug":"xeres-return","status":"publish","type":"page","link":"https:\/\/clockwork-origins.com\/de\/xeres-return\/","title":{"rendered":"Xeres&#8216; R\u00fcckkehr"},"content":{"rendered":"\n<figure class=\"wp-block-image\"><img fetchpriority=\"high\" decoding=\"async\" width=\"950\" height=\"285\" src=\"https:\/\/clockwork-origins.com\/wp-content\/uploads\/xr_header_small.jpg\" alt=\"\" class=\"wp-image-321\" srcset=\"https:\/\/clockwork-origins.com\/wp-content\/uploads\/xr_header_small.jpg 950w, https:\/\/clockwork-origins.com\/wp-content\/uploads\/xr_header_small-600x180.jpg 600w, https:\/\/clockwork-origins.com\/wp-content\/uploads\/xr_header_small-768x230.jpg 768w, https:\/\/clockwork-origins.com\/wp-content\/uploads\/xr_header_small-300x90.jpg 300w\" sizes=\"(max-width: 950px) 100vw, 950px\" \/><\/figure>\n\n\n\n<p>Xeres&#8216; R\u00fcckkehr ist eine der gr\u00f6\u00dften Modifikationen f\u00fcr das deutsche RPG Gothic II &#8211; Die Nacht des Raben. Sie enth\u00e4lt zahlreiche neue Welten, Gilden, Skills, Monster, hunderte neue, interessante Quests und eine komplett neue Geschichte, die direkt nach Gothic I spielt und eine Alternative zu Gothic II bietet.<\/p>\n\n\n\n<h2 class=\"wp-block-heading\"><strong>Die Vorgeschichte<\/strong>:<\/h2>\n\n\n\n<p>Die Erde bebt in der kuppelumw\u00f6lbten Strafkolonie, als der Schl\u00e4fer zur\u00fcck in seine Dimension geschickt wird. KRUSHAK, wie die Orks ihn nennen, hat sich einige Templer Untertan gemacht, die von Cor Kalom, einem Guru des Sumpflagers, gef\u00fchrt werden. Sie haben sich in ihrer von Visionen gepr\u00e4gten Verblendung in den Tempel unter der Orkstadt aufgemacht, um ihren Meister, den Schl\u00e4fer, zu erwecken.<br>Doch ein Mann, getrieben vom Willen, aus dem magischen Gef\u00e4ngnis zu entkommen, verfolgt die Fanatiker. An gef\u00e4hrlichen Fallen, Horden von Untoten und m\u00e4chtigen Schamanen vorbei bahnt er sich seinen Weg, \u00fcberlebt nur dank der magischen Energie seiner Waffe und R\u00fcstung. Schlie\u00dflich stellt er sich dem Schl\u00e4fer zum Kampf: Mit gr\u00f6\u00dfter M\u00fche gelingt es ihm, die Herzen des Erzd\u00e4monen zu durchsto\u00dfen und KRUSHAK zur\u00fcck in seine Dimension zu verbannen. Durch dessen Verschwinden wird die Kraft der magischen Kuppel aufgehoben, und die Gefangenen k\u00f6nnen in die Freiheit entkommen. Doch gleichzeitig st\u00fcrzt der Schl\u00e4fertempel in sich zusammen, und jener, der die Aufhebung der Barriere und die Verbannung des Schl\u00e4fer herbeigef\u00fchrt hat, wird von den Tr\u00fcmmern begraben. Eine tiefe Schw\u00e4rze umf\u00e4ngt ihn.<\/p>\n\n\n\n<h2 class=\"wp-block-heading\"><strong>Der Anfang:<\/strong><\/h2>\n\n\n\n<p>Wochen vergehen. Der D\u00e4monenbeschw\u00f6rer Xardas bleibt nicht unt\u00e4tig, l\u00e4sst seine untoten Diener sowohl fieberhaft als auch erfolglos nach seinem Sch\u00fctzling suchen. Doch aus den Ruinen des Tempels ist alles Leben gewichen. Resigniert gibt Xardas auf. Der Auserw\u00e4hlte soll er gewesen sein? Wohl eher nicht.<br>Und trotzdem erwacht der Held wieder, wie durch ein Wunder. Sein Blick kl\u00e4rt sich nicht ganz, auch seine anderen Sinne scheinen beeintr\u00e4chtigt. Die Folgesch\u00e4den seines unfreiwilligen Begr\u00e4bnis scheinen immens. Wenigstens keine Schmerzen. Langsam atmet er ein und aus, sodass der Staub auf dem Boden aufgewirbelt wird. Seltsam, das Atmen verschafft ihm keinerlei Befriedigung. Beunruhigt bewegt er die Finger der linken Hand, dann den Arm, dann die Beine. Schutt rieselt von seinem R\u00fccken, die schweren Steine poltern erst nach einem kr\u00e4ftigen Ruck zu Boden. Trotz einer merkw\u00fcrdigen Gef\u00fchllosigkeit kann er problemlos aufstehen. Woher kommt blo\u00df dieses taube Gef\u00fchl? Er zieht sich den Handschuh aus. Als er die fauligen Fleischfetzen von seiner Hand herabh\u00e4ngen sieht, unter denen die wei\u00dfen Knochen im tr\u00fcben Licht deutlich hervorstechen, beginnt er zu verstehen, unter welchen Umst\u00e4nden er aus der Ohnmacht zur\u00fcckgekehrt ist. Doch dies ist nur die erste unangenehme \u00dcberraschung, die ihn erwartet. Die zweite ist Cor Kaloms Geist.<br>&#8222;Wen haben wir denn hier? Gut siehst du aus.&#8220; Er st\u00f6\u00dft ein h\u00e4misches Meckern aus. &#8222;Das ist die richtige Bestrafung f\u00fcr deinen Frevel!&#8220; Er hebt die Hand und zeigt dem Namenlosen die R\u00fcckseite seines Mittelfingers.<br>&#8222;Dir ist es auch nicht besser ergangen &#8230;&#8220; entgegnet unser Held.<br>Die wabernde Gestalt zuckt zur\u00fcck. &#8222;Was, wie?! Du sprichst? Dein Geist hat deinen K\u00f6rper nicht verlassen?&#8220; Er \u00fcberlegt. &#8222;Nun, es wird nichts daran \u00e4ndern, dass der Schl\u00e4fertempel deine letzte Ruhest\u00e4tte sein wird. Es gibt keinen Weg mehr hinaus! Nein, nein!&#8220; Seine Stimme wird lauter, wie Rabengekr\u00e4chze hallt sie durch die verlassene Halle.<br>&#8222;Nie wirst du diesen Ort verlassen! Und ich werde dir dabei zusehen, wie deine Eingeweide langsam verfaulen!&#8220; Unter spitzem Gel\u00e4chter schwebt Cor Kalom in die Weiten des Tempels davon.<\/p>\n\n\n\n<p>Weder tot, noch lebend ist der Namenlose nun Gefangener der Tempelruinen. Noch auf der Suche nach seinem alten Leben ahnt er nichts von dem drohenden Unheil au\u00dferhalb seines Gef\u00e4ngnisses: Eine vermummte Gestalt treibt ihr Unwesen auf der beschaulichen Insel Khorinis. Wie ein Pesthauch streift sie durch das Land und vergiftet alle, die ihren Weg kreuzen &#8230;<\/p>\n\n\n\n<h2 class=\"wp-block-heading\"><strong>Features:<\/strong><\/h2>\n\n\n\n<ul class=\"wp-block-list\"><li>Komplett neue Story, welche als alternatives Gothic II anzusehen ist<\/li><li>Neue Locations in den alten Welten und viele neue Gebiete<\/li><li>5 Hauptgilden und 9 Nebengilden, jede mit einer eigenen Gildenstory und teils exklusiven Welten<\/li><li>Neue Items<\/li><li>Neue F\u00e4higkeiten wie Kochen, erweiterte Alchemie, Bergbau usw.<\/li><li>Viele neue und bekannte NPCs<\/li><li>Neue Monster<\/li><li>w\u00e4hlbarer Schwierigkeitsgrad<\/li><li>derzeit zwischen 100 und 200 Stunden Spielzeit f\u00fcr einen Durchgang (je nach Spielweise)<\/li><li>Insgesamt knapp 450 abwechslungsreiche Quests<\/li><li>Viele neue Musikst\u00fccke, die die neuen Gebiete stimmungsvoll untermalen<\/li><li>Zahlreiche neue Features wie Minispiele, neue Skills und kleine Gimmicks<\/li><li>75 Erfolge in Spine<\/li><\/ul>\n\n\n\n<h2 class=\"wp-block-heading\"><strong>Download:<\/strong><\/h2>\n\n\n\n<p>Der Download ist \u00fcber unseren Gothic-Modifikations-Manager&nbsp;<a href=\"\/de\/spine\">Spine<\/a>&nbsp;verf\u00fcgbar.<\/p>\n\n\n\n<h2 class=\"wp-block-heading\"><strong>Screenshots:<\/strong><\/h2>\n\n\n\n<figure class=\"wp-block-gallery columns-3 is-cropped wp-block-gallery-1 is-layout-flex wp-block-gallery-is-layout-flex\"><ul class=\"blocks-gallery-grid\"><li class=\"blocks-gallery-item\"><figure><a href=\"https:\/\/clockwork-origins.com\/wp-content\/uploads\/Loading_NewWorld.jpg\"><img decoding=\"async\" width=\"910\" height=\"512\" src=\"https:\/\/clockwork-origins.com\/wp-content\/uploads\/Loading_NewWorld-910x512.jpg\" alt=\"\" data-id=\"1193\" data-full-url=\"https:\/\/clockwork-origins.com\/wp-content\/uploads\/Loading_NewWorld.jpg\" data-link=\"https:\/\/clockwork-origins.com\/de\/xeres-return\/loading_newworld-2\/\" class=\"wp-image-1193\" srcset=\"https:\/\/clockwork-origins.com\/wp-content\/uploads\/Loading_NewWorld-910x512.jpg 910w, https:\/\/clockwork-origins.com\/wp-content\/uploads\/Loading_NewWorld-533x300.jpg 533w, https:\/\/clockwork-origins.com\/wp-content\/uploads\/Loading_NewWorld-768x432.jpg 768w, https:\/\/clockwork-origins.com\/wp-content\/uploads\/Loading_NewWorld-1536x864.jpg 1536w, https:\/\/clockwork-origins.com\/wp-content\/uploads\/Loading_NewWorld-2048x1152.jpg 2048w, https:\/\/clockwork-origins.com\/wp-content\/uploads\/Loading_NewWorld-1920x1080.jpg 1920w\" sizes=\"(max-width: 910px) 100vw, 910px\" \/><\/a><\/figure><\/li><li class=\"blocks-gallery-item\"><figure><a href=\"https:\/\/clockwork-origins.com\/wp-content\/uploads\/Loading_Halluzination.jpg\"><img decoding=\"async\" width=\"910\" height=\"512\" src=\"https:\/\/clockwork-origins.com\/wp-content\/uploads\/Loading_Halluzination-910x512.jpg\" alt=\"\" data-id=\"1191\" data-full-url=\"https:\/\/clockwork-origins.com\/wp-content\/uploads\/Loading_Halluzination.jpg\" data-link=\"https:\/\/clockwork-origins.com\/de\/xeres-return\/loading_halluzination-2\/\" class=\"wp-image-1191\" srcset=\"https:\/\/clockwork-origins.com\/wp-content\/uploads\/Loading_Halluzination-910x512.jpg 910w, https:\/\/clockwork-origins.com\/wp-content\/uploads\/Loading_Halluzination-533x300.jpg 533w, https:\/\/clockwork-origins.com\/wp-content\/uploads\/Loading_Halluzination-768x432.jpg 768w, https:\/\/clockwork-origins.com\/wp-content\/uploads\/Loading_Halluzination-1536x864.jpg 1536w, https:\/\/clockwork-origins.com\/wp-content\/uploads\/Loading_Halluzination-2048x1152.jpg 2048w, https:\/\/clockwork-origins.com\/wp-content\/uploads\/Loading_Halluzination-1920x1080.jpg 1920w\" sizes=\"(max-width: 910px) 100vw, 910px\" \/><\/a><\/figure><\/li><li class=\"blocks-gallery-item\"><figure><a href=\"https:\/\/clockwork-origins.com\/wp-content\/uploads\/Loading_Eisgebiet.jpg\"><img loading=\"lazy\" decoding=\"async\" width=\"910\" height=\"512\" src=\"https:\/\/clockwork-origins.com\/wp-content\/uploads\/Loading_Eisgebiet-910x512.jpg\" alt=\"\" data-id=\"1189\" data-full-url=\"https:\/\/clockwork-origins.com\/wp-content\/uploads\/Loading_Eisgebiet.jpg\" data-link=\"https:\/\/clockwork-origins.com\/de\/xeres-return\/loading_eisgebiet-2\/\" class=\"wp-image-1189\" srcset=\"https:\/\/clockwork-origins.com\/wp-content\/uploads\/Loading_Eisgebiet-910x512.jpg 910w, https:\/\/clockwork-origins.com\/wp-content\/uploads\/Loading_Eisgebiet-533x300.jpg 533w, https:\/\/clockwork-origins.com\/wp-content\/uploads\/Loading_Eisgebiet-768x432.jpg 768w, https:\/\/clockwork-origins.com\/wp-content\/uploads\/Loading_Eisgebiet-1536x864.jpg 1536w, https:\/\/clockwork-origins.com\/wp-content\/uploads\/Loading_Eisgebiet-2048x1152.jpg 2048w, https:\/\/clockwork-origins.com\/wp-content\/uploads\/Loading_Eisgebiet-1920x1080.jpg 1920w\" sizes=\"(max-width: 910px) 100vw, 910px\" \/><\/a><\/figure><\/li><li class=\"blocks-gallery-item\"><figure><a href=\"https:\/\/clockwork-origins.com\/wp-content\/uploads\/Khorinis_OrlansTaverne.jpg\"><img loading=\"lazy\" decoding=\"async\" width=\"910\" height=\"512\" src=\"https:\/\/clockwork-origins.com\/wp-content\/uploads\/Khorinis_OrlansTaverne-910x512.jpg\" alt=\"\" data-id=\"1187\" data-full-url=\"https:\/\/clockwork-origins.com\/wp-content\/uploads\/Khorinis_OrlansTaverne.jpg\" data-link=\"https:\/\/clockwork-origins.com\/de\/xeres-return\/khorinis_orlanstaverne-2\/\" class=\"wp-image-1187\" srcset=\"https:\/\/clockwork-origins.com\/wp-content\/uploads\/Khorinis_OrlansTaverne-910x512.jpg 910w, https:\/\/clockwork-origins.com\/wp-content\/uploads\/Khorinis_OrlansTaverne-533x300.jpg 533w, https:\/\/clockwork-origins.com\/wp-content\/uploads\/Khorinis_OrlansTaverne-768x432.jpg 768w, https:\/\/clockwork-origins.com\/wp-content\/uploads\/Khorinis_OrlansTaverne-1536x864.jpg 1536w, https:\/\/clockwork-origins.com\/wp-content\/uploads\/Khorinis_OrlansTaverne.jpg 1920w\" sizes=\"(max-width: 910px) 100vw, 910px\" \/><\/a><\/figure><\/li><li class=\"blocks-gallery-item\"><figure><a href=\"https:\/\/clockwork-origins.com\/wp-content\/uploads\/Austauschstelle.jpg\"><img loading=\"lazy\" decoding=\"async\" width=\"910\" height=\"512\" src=\"https:\/\/clockwork-origins.com\/wp-content\/uploads\/Austauschstelle-910x512.jpg\" alt=\"\" data-id=\"1185\" data-full-url=\"https:\/\/clockwork-origins.com\/wp-content\/uploads\/Austauschstelle.jpg\" data-link=\"https:\/\/clockwork-origins.com\/de\/xeres-return\/austauschstelle-2\/\" class=\"wp-image-1185\" srcset=\"https:\/\/clockwork-origins.com\/wp-content\/uploads\/Austauschstelle-910x512.jpg 910w, https:\/\/clockwork-origins.com\/wp-content\/uploads\/Austauschstelle-533x300.jpg 533w, https:\/\/clockwork-origins.com\/wp-content\/uploads\/Austauschstelle-768x432.jpg 768w, https:\/\/clockwork-origins.com\/wp-content\/uploads\/Austauschstelle-1536x864.jpg 1536w, https:\/\/clockwork-origins.com\/wp-content\/uploads\/Austauschstelle.jpg 1920w\" sizes=\"(max-width: 910px) 100vw, 910px\" \/><\/a><\/figure><\/li><li class=\"blocks-gallery-item\"><figure><a href=\"https:\/\/clockwork-origins.com\/wp-content\/uploads\/Minental_SwampCamp_Swamp04.jpg\"><img loading=\"lazy\" decoding=\"async\" width=\"910\" height=\"512\" src=\"https:\/\/clockwork-origins.com\/wp-content\/uploads\/Minental_SwampCamp_Swamp04-910x512.jpg\" alt=\"\" data-id=\"1183\" data-full-url=\"https:\/\/clockwork-origins.com\/wp-content\/uploads\/Minental_SwampCamp_Swamp04.jpg\" data-link=\"https:\/\/clockwork-origins.com\/de\/xeres-return\/minental_swampcamp_swamp04-2\/\" class=\"wp-image-1183\" srcset=\"https:\/\/clockwork-origins.com\/wp-content\/uploads\/Minental_SwampCamp_Swamp04-910x512.jpg 910w, https:\/\/clockwork-origins.com\/wp-content\/uploads\/Minental_SwampCamp_Swamp04-533x300.jpg 533w, https:\/\/clockwork-origins.com\/wp-content\/uploads\/Minental_SwampCamp_Swamp04-768x432.jpg 768w, https:\/\/clockwork-origins.com\/wp-content\/uploads\/Minental_SwampCamp_Swamp04-1536x864.jpg 1536w, https:\/\/clockwork-origins.com\/wp-content\/uploads\/Minental_SwampCamp_Swamp04.jpg 1920w\" sizes=\"(max-width: 910px) 100vw, 910px\" \/><\/a><\/figure><\/li><\/ul><\/figure>\n\n\n\n<h2 class=\"wp-block-heading\"><strong>Preview-Videos von unseren polnischen Freunden:<\/strong><\/h2>\n\n\n\n<figure class=\"wp-block-embed-youtube wp-block-embed is-type-video is-provider-youtube wp-embed-aspect-16-9 wp-has-aspect-ratio\"><div class=\"wp-block-embed__wrapper\">\n<iframe title=\"Gothic 2 Powr\u00f3t Xeresa \u2014 Prezentacja Gelato\" width=\"1200\" height=\"675\" src=\"https:\/\/www.youtube.com\/embed\/_FXdSLWTWXQ?feature=oembed\" frameborder=\"0\" allow=\"accelerometer; autoplay; encrypted-media; gyroscope; picture-in-picture\" allowfullscreen><\/iframe>\n<\/div><\/figure>\n\n\n\n<figure class=\"wp-block-embed-youtube wp-block-embed is-type-video is-provider-youtube wp-embed-aspect-16-9 wp-has-aspect-ratio\"><div class=\"wp-block-embed__wrapper\">\n<iframe title=\"Gothic 2 Powr\u00f3t Xeresa \u2014 Prezentacja Relendel\" width=\"1200\" height=\"675\" src=\"https:\/\/www.youtube.com\/embed\/gYt1IfrtWVk?feature=oembed\" frameborder=\"0\" allow=\"accelerometer; autoplay; encrypted-media; gyroscope; picture-in-picture\" allowfullscreen><\/iframe>\n<\/div><\/figure>\n\n\n\n<figure class=\"wp-block-embed-youtube wp-block-embed is-type-video is-provider-youtube wp-embed-aspect-16-9 wp-has-aspect-ratio\"><div class=\"wp-block-embed__wrapper\">\n<iframe title=\"Gothic 2 Powr\u00f3t Xeresa \u2014 Prezentacja Khorinis\" width=\"1200\" height=\"675\" src=\"https:\/\/www.youtube.com\/embed\/qmCcnA435hc?feature=oembed\" frameborder=\"0\" allow=\"accelerometer; autoplay; encrypted-media; gyroscope; picture-in-picture\" allowfullscreen><\/iframe>\n<\/div><\/figure>\n\n\n\n<figure class=\"wp-block-embed-youtube wp-block-embed is-type-video is-provider-youtube wp-embed-aspect-16-9 wp-has-aspect-ratio\"><div class=\"wp-block-embed__wrapper\">\n<iframe title=\"Gothic 2 Powr\u00f3t Xeresa \u2014 Prezentacja G\u00f3rniczej Doliny\" width=\"1200\" height=\"675\" src=\"https:\/\/www.youtube.com\/embed\/bIDzmjxRWqo?feature=oembed\" frameborder=\"0\" allow=\"accelerometer; autoplay; encrypted-media; gyroscope; picture-in-picture\" allowfullscreen><\/iframe>\n<\/div><\/figure>\n\n\n\n","protected":false},"excerpt":{"rendered":"<div class=\"entry-summary\">\nXeres&#8216; R\u00fcckkehr ist eine der gr\u00f6\u00dften Modifikationen f\u00fcr das deutsche RPG Gothic II &#8211; Die Nacht des Raben. Sie enth\u00e4lt zahlreiche neue Welten, Gilden, Skills, Monster, hunderte neue, interessante Quests und eine komplett neue Geschichte, die direkt nach Gothic I&hellip;\n<\/div>\n<div class=\"link-more\"><a href=\"https:\/\/clockwork-origins.com\/de\/xeres-return\/\" class=\"more-link\"><span class=\"screen-reader-text\"> &ldquo;Xeres&#8216; R\u00fcckkehr&rdquo;<\/span> weiterlesen\u00a0&hellip;<\/a><\/div>\n","protected":false},"author":1,"featured_media":0,"parent":0,"menu_order":0,"comment_status":"closed","ping_status":"closed","template":"","meta":{"iawp_total_views":30,"footnotes":""},"tags":[57],"class_list":["post-362","page","type-page","status-publish","hentry","tag-xeres-return-de","entry"],"yoast_head":"<!-- This site is optimized with the Yoast SEO plugin v27.4 - https:\/\/yoast.com\/product\/yoast-seo-wordpress\/ -->\n<title>Xeres&#039; R\u00fcckkehr - Clockwork Origins<\/title>\n<meta name=\"robots\" content=\"index, follow, max-snippet:-1, max-image-preview:large, max-video-preview:-1\" \/>\n<link rel=\"canonical\" href=\"https:\/\/clockwork-origins.com\/de\/xeres-return\/\" \/>\n<meta property=\"og:locale\" content=\"de_DE\" \/>\n<meta property=\"og:type\" content=\"article\" \/>\n<meta property=\"og:title\" content=\"Xeres&#039; R\u00fcckkehr - Clockwork Origins\" \/>\n<meta property=\"og:description\" content=\"Xeres&#8216; R\u00fcckkehr ist eine der gr\u00f6\u00dften Modifikationen f\u00fcr das deutsche RPG Gothic II &#8211; Die Nacht des Raben. Sie enth\u00e4lt zahlreiche neue Welten, Gilden, Skills, Monster, hunderte neue, interessante Quests und eine komplett neue Geschichte, die direkt nach Gothic I&hellip; &ldquo;Xeres&#8216; R\u00fcckkehr&rdquo; weiterlesen\u00a0&hellip;\" \/>\n<meta property=\"og:url\" content=\"https:\/\/clockwork-origins.com\/de\/xeres-return\/\" \/>\n<meta property=\"og:site_name\" content=\"Clockwork Origins\" \/>\n<meta property=\"article:modified_time\" content=\"2020-03-11T17:57:28+00:00\" \/>\n<meta property=\"og:image\" content=\"https:\/\/clockwork-origins.com\/wp-content\/uploads\/xr_header_small.jpg\" \/>\n<meta name=\"twitter:card\" content=\"summary_large_image\" \/>\n<meta name=\"twitter:label1\" content=\"Gesch\u00e4tzte Lesezeit\" \/>\n\t<meta name=\"twitter:data1\" content=\"4\u00a0Minuten\" \/>\n<script type=\"application\/ld+json\" class=\"yoast-schema-graph\">{\"@context\":\"https:\\\/\\\/schema.org\",\"@graph\":[{\"@type\":\"WebPage\",\"@id\":\"https:\\\/\\\/clockwork-origins.com\\\/de\\\/xeres-return\\\/\",\"url\":\"https:\\\/\\\/clockwork-origins.com\\\/de\\\/xeres-return\\\/\",\"name\":\"Xeres' R\u00fcckkehr - Clockwork Origins\",\"isPartOf\":{\"@id\":\"https:\\\/\\\/clockwork-origins.com\\\/#website\"},\"primaryImageOfPage\":{\"@id\":\"https:\\\/\\\/clockwork-origins.com\\\/de\\\/xeres-return\\\/#primaryimage\"},\"image\":{\"@id\":\"https:\\\/\\\/clockwork-origins.com\\\/de\\\/xeres-return\\\/#primaryimage\"},\"thumbnailUrl\":\"https:\\\/\\\/clockwork-origins.com\\\/wp-content\\\/uploads\\\/xr_header_small.jpg\",\"datePublished\":\"2018-08-13T18:23:37+00:00\",\"dateModified\":\"2020-03-11T17:57:28+00:00\",\"breadcrumb\":{\"@id\":\"https:\\\/\\\/clockwork-origins.com\\\/de\\\/xeres-return\\\/#breadcrumb\"},\"inLanguage\":\"de\",\"potentialAction\":[{\"@type\":\"ReadAction\",\"target\":[\"https:\\\/\\\/clockwork-origins.com\\\/de\\\/xeres-return\\\/\"]}]},{\"@type\":\"ImageObject\",\"inLanguage\":\"de\",\"@id\":\"https:\\\/\\\/clockwork-origins.com\\\/de\\\/xeres-return\\\/#primaryimage\",\"url\":\"https:\\\/\\\/clockwork-origins.com\\\/wp-content\\\/uploads\\\/xr_header_small.jpg\",\"contentUrl\":\"https:\\\/\\\/clockwork-origins.com\\\/wp-content\\\/uploads\\\/xr_header_small.jpg\"},{\"@type\":\"BreadcrumbList\",\"@id\":\"https:\\\/\\\/clockwork-origins.com\\\/de\\\/xeres-return\\\/#breadcrumb\",\"itemListElement\":[{\"@type\":\"ListItem\",\"position\":1,\"name\":\"Home\",\"item\":\"https:\\\/\\\/clockwork-origins.com\\\/de\\\/\"},{\"@type\":\"ListItem\",\"position\":2,\"name\":\"Xeres&#8216; R\u00fcckkehr\"}]},{\"@type\":\"WebSite\",\"@id\":\"https:\\\/\\\/clockwork-origins.com\\\/#website\",\"url\":\"https:\\\/\\\/clockwork-origins.com\\\/\",\"name\":\"Clockwork Origins\",\"description\":\"\",\"publisher\":{\"@id\":\"https:\\\/\\\/clockwork-origins.com\\\/#organization\"},\"potentialAction\":[{\"@type\":\"SearchAction\",\"target\":{\"@type\":\"EntryPoint\",\"urlTemplate\":\"https:\\\/\\\/clockwork-origins.com\\\/?s={search_term_string}\"},\"query-input\":{\"@type\":\"PropertyValueSpecification\",\"valueRequired\":true,\"valueName\":\"search_term_string\"}}],\"inLanguage\":\"de\"},{\"@type\":\"Organization\",\"@id\":\"https:\\\/\\\/clockwork-origins.com\\\/#organization\",\"name\":\"Clockwork Origins\",\"url\":\"https:\\\/\\\/clockwork-origins.com\\\/\",\"logo\":{\"@type\":\"ImageObject\",\"inLanguage\":\"de\",\"@id\":\"https:\\\/\\\/clockwork-origins.com\\\/#\\\/schema\\\/logo\\\/image\\\/\",\"url\":\"https:\\\/\\\/clockwork-origins.com\\\/wp-content\\\/uploads\\\/2018\\\/02\\\/cropped-ClockworkOrigins_Icon_256xx-1.png\",\"contentUrl\":\"https:\\\/\\\/clockwork-origins.com\\\/wp-content\\\/uploads\\\/2018\\\/02\\\/cropped-ClockworkOrigins_Icon_256xx-1.png\",\"width\":256,\"height\":256,\"caption\":\"Clockwork Origins\"},\"image\":{\"@id\":\"https:\\\/\\\/clockwork-origins.com\\\/#\\\/schema\\\/logo\\\/image\\\/\"}}]}<\/script>\n<!-- \/ Yoast SEO plugin. -->","yoast_head_json":{"title":"Xeres' R\u00fcckkehr - Clockwork Origins","robots":{"index":"index","follow":"follow","max-snippet":"max-snippet:-1","max-image-preview":"max-image-preview:large","max-video-preview":"max-video-preview:-1"},"canonical":"https:\/\/clockwork-origins.com\/de\/xeres-return\/","og_locale":"de_DE","og_type":"article","og_title":"Xeres' R\u00fcckkehr - Clockwork Origins","og_description":"Xeres&#8216; R\u00fcckkehr ist eine der gr\u00f6\u00dften Modifikationen f\u00fcr das deutsche RPG Gothic II &#8211; Die Nacht des Raben. Sie enth\u00e4lt zahlreiche neue Welten, Gilden, Skills, Monster, hunderte neue, interessante Quests und eine komplett neue Geschichte, die direkt nach Gothic I&hellip; &ldquo;Xeres&#8216; R\u00fcckkehr&rdquo; weiterlesen\u00a0&hellip;","og_url":"https:\/\/clockwork-origins.com\/de\/xeres-return\/","og_site_name":"Clockwork Origins","article_modified_time":"2020-03-11T17:57:28+00:00","og_image":[{"url":"https:\/\/clockwork-origins.com\/wp-content\/uploads\/xr_header_small.jpg","type":"","width":"","height":""}],"twitter_card":"summary_large_image","twitter_misc":{"Gesch\u00e4tzte Lesezeit":"4\u00a0Minuten"},"schema":{"@context":"https:\/\/schema.org","@graph":[{"@type":"WebPage","@id":"https:\/\/clockwork-origins.com\/de\/xeres-return\/","url":"https:\/\/clockwork-origins.com\/de\/xeres-return\/","name":"Xeres' R\u00fcckkehr - Clockwork Origins","isPartOf":{"@id":"https:\/\/clockwork-origins.com\/#website"},"primaryImageOfPage":{"@id":"https:\/\/clockwork-origins.com\/de\/xeres-return\/#primaryimage"},"image":{"@id":"https:\/\/clockwork-origins.com\/de\/xeres-return\/#primaryimage"},"thumbnailUrl":"https:\/\/clockwork-origins.com\/wp-content\/uploads\/xr_header_small.jpg","datePublished":"2018-08-13T18:23:37+00:00","dateModified":"2020-03-11T17:57:28+00:00","breadcrumb":{"@id":"https:\/\/clockwork-origins.com\/de\/xeres-return\/#breadcrumb"},"inLanguage":"de","potentialAction":[{"@type":"ReadAction","target":["https:\/\/clockwork-origins.com\/de\/xeres-return\/"]}]},{"@type":"ImageObject","inLanguage":"de","@id":"https:\/\/clockwork-origins.com\/de\/xeres-return\/#primaryimage","url":"https:\/\/clockwork-origins.com\/wp-content\/uploads\/xr_header_small.jpg","contentUrl":"https:\/\/clockwork-origins.com\/wp-content\/uploads\/xr_header_small.jpg"},{"@type":"BreadcrumbList","@id":"https:\/\/clockwork-origins.com\/de\/xeres-return\/#breadcrumb","itemListElement":[{"@type":"ListItem","position":1,"name":"Home","item":"https:\/\/clockwork-origins.com\/de\/"},{"@type":"ListItem","position":2,"name":"Xeres&#8216; R\u00fcckkehr"}]},{"@type":"WebSite","@id":"https:\/\/clockwork-origins.com\/#website","url":"https:\/\/clockwork-origins.com\/","name":"Clockwork Origins","description":"","publisher":{"@id":"https:\/\/clockwork-origins.com\/#organization"},"potentialAction":[{"@type":"SearchAction","target":{"@type":"EntryPoint","urlTemplate":"https:\/\/clockwork-origins.com\/?s={search_term_string}"},"query-input":{"@type":"PropertyValueSpecification","valueRequired":true,"valueName":"search_term_string"}}],"inLanguage":"de"},{"@type":"Organization","@id":"https:\/\/clockwork-origins.com\/#organization","name":"Clockwork Origins","url":"https:\/\/clockwork-origins.com\/","logo":{"@type":"ImageObject","inLanguage":"de","@id":"https:\/\/clockwork-origins.com\/#\/schema\/logo\/image\/","url":"https:\/\/clockwork-origins.com\/wp-content\/uploads\/2018\/02\/cropped-ClockworkOrigins_Icon_256xx-1.png","contentUrl":"https:\/\/clockwork-origins.com\/wp-content\/uploads\/2018\/02\/cropped-ClockworkOrigins_Icon_256xx-1.png","width":256,"height":256,"caption":"Clockwork Origins"},"image":{"@id":"https:\/\/clockwork-origins.com\/#\/schema\/logo\/image\/"}}]}},"_links":{"self":[{"href":"https:\/\/clockwork-origins.com\/de\/wp-json\/wp\/v2\/pages\/362","targetHints":{"allow":["GET"]}}],"collection":[{"href":"https:\/\/clockwork-origins.com\/de\/wp-json\/wp\/v2\/pages"}],"about":[{"href":"https:\/\/clockwork-origins.com\/de\/wp-json\/wp\/v2\/types\/page"}],"author":[{"embeddable":true,"href":"https:\/\/clockwork-origins.com\/de\/wp-json\/wp\/v2\/users\/1"}],"replies":[{"embeddable":true,"href":"https:\/\/clockwork-origins.com\/de\/wp-json\/wp\/v2\/comments?post=362"}],"version-history":[{"count":10,"href":"https:\/\/clockwork-origins.com\/de\/wp-json\/wp\/v2\/pages\/362\/revisions"}],"predecessor-version":[{"id":1197,"href":"https:\/\/clockwork-origins.com\/de\/wp-json\/wp\/v2\/pages\/362\/revisions\/1197"}],"wp:attachment":[{"href":"https:\/\/clockwork-origins.com\/de\/wp-json\/wp\/v2\/media?parent=362"}],"wp:term":[{"taxonomy":"post_tag","embeddable":true,"href":"https:\/\/clockwork-origins.com\/de\/wp-json\/wp\/v2\/tags?post=362"}],"curies":[{"name":"wp","href":"https:\/\/api.w.org\/{rel}","templated":true}]}}