{"id":371,"date":"2018-08-15T21:05:27","date_gmt":"2018-08-15T19:05:27","guid":{"rendered":"https:\/\/clockwork-origins.com\/?page_id=371"},"modified":"2024-02-21T10:49:34","modified_gmt":"2024-02-21T09:49:34","slug":"spiele","status":"publish","type":"page","link":"https:\/\/clockwork-origins.com\/de\/spiele\/","title":{"rendered":"Spiele"},"content":{"rendered":"\n<p>Bei Clockwork Origins entwickeln wir nur Spiele, die wir selbst spielen wollen. Aufgrund unserer langen Zeit als Entwickler von Gothic-Modifikationen haben wir viel Erfahrung mit Gro\u00dfprojekten und verschiedenen Genres, die wir jetzt in die Entwicklung unserer eigenen Spiele stecken.<\/p>\n\n\n<p><img fetchpriority=\"high\" decoding=\"async\" src=\"https:\/\/clockwork-origins.com\/wp-content\/uploads\/PS_HeroArt_3840x2160-910x512.jpg\" sizes=\"(max-width: 910px) 100vw, 910px\" srcset=\"https:\/\/clockwork-origins.com\/wp-content\/uploads\/PS_HeroArt_3840x2160-910x512.jpg 910w, https:\/\/clockwork-origins.com\/wp-content\/uploads\/PS_HeroArt_3840x2160-533x300.jpg 533w, https:\/\/clockwork-origins.com\/wp-content\/uploads\/PS_HeroArt_3840x2160-768x432.jpg 768w, https:\/\/clockwork-origins.com\/wp-content\/uploads\/PS_HeroArt_3840x2160-1536x864.jpg 1536w, https:\/\/clockwork-origins.com\/wp-content\/uploads\/PS_HeroArt_3840x2160-2048x1152.jpg 2048w, https:\/\/clockwork-origins.com\/wp-content\/uploads\/PS_HeroArt_3840x2160-1920x1080.jpg 1920w\" alt=\"\" width=\"910\" height=\"512\" \/><\/p>\n<p>Schaffst du es, den Cyberspace zu retten? Der Kern des Cyberspace wird von mutierten Viren bedroht und droht zu kollabieren. Deine Aufgabe ist es, dich den str\u00f6menden Virenhorden zu stellen und deine Verteidigung so abzustimmen, dass kein Virus den Kern erreicht. Aber keine Sorge \u2013 zahlreiche Upgrades und eine Killerdrohne mit gespaltener Pers\u00f6nlichkeit stehen dir (mehr oder weniger) hilfreich zur Seite!<\/p>\n<p>CyberTD erscheint f\u00fcr PC (Windows, Linux, Mac), Xbox One, Xbox Series X|S, Nintendo Switch, PlayStation 4 und PlayStation 5 in 2023.<\/p>\n<p>Lies mehr dazu auf <a href=\"https:\/\/cyber-td.com\" target=\"_blank\" rel=\"noopener\">cyber-td.com<\/a>.<\/p>\n<p><img decoding=\"async\" src=\"https:\/\/clockwork-origins.com\/wp-content\/uploads\/elemental_war_logov2_720p-1024x728.png\" sizes=\"(max-width: 720px) 100vw, 720px\" srcset=\"https:\/\/clockwork-origins.com\/wp-content\/uploads\/elemental_war_logov2_720p-1024x728.png 1024w, https:\/\/clockwork-origins.com\/wp-content\/uploads\/elemental_war_logov2_720p-300x213.png 300w, https:\/\/clockwork-origins.com\/wp-content\/uploads\/elemental_war_logov2_720p-768x546.png 768w, https:\/\/clockwork-origins.com\/wp-content\/uploads\/elemental_war_logov2_720p.png 1280w\" alt=\"\" width=\"720\" height=\"512\" \/><\/p>\n<p>Elemental War ist ein 3D Tower-Defense-Game, das mit der Unity-Engine erstellt wird. Es bietet 7 Szenarien, zahlreiche Maps, ungef\u00e4hr 50 Items und Monsterf\u00e4higkeiten und 3 verschiedene Spielmodi. Das Herzst\u00fcck der Spielmodi ist der Heldenmodus, welcher Roguelike-Gameplay mit zuf\u00e4llig generierten Maps, Wellen und Items bietet, welche durch Quests freigeschaltet werden k\u00f6nnen. Zus\u00e4tzlich bietet es noch einen Multiplayer, Co-op und einen Map-Editor, um dich zu besch\u00e4ftigen. Elemental War wurde urspr\u00fcnglich im Sommer 2010 als Gothic 2 Modifikation ver\u00f6ffentlicht, aber die neue Version bietet sehr viel mehr Inhalt und Qualit\u00e4t als jemals als Modifikation m\u00f6glich gewesen w\u00e4re.<\/p>\n<p>Elemental War ist seit dem 19. Juli 2019 \u00fcber Steam, itch.io und Kartridge f\u00fcr Linux, OS X und Windows verf\u00fcgbar. Die Xbox-Version folgte im Dezember 2020 und die PlayStation-Version im Mai 2021.<\/p>\n<p>Lies mehr dazu auf\u00a0<a href=\"https:\/\/elemental-war.com\/de\">elemental-war.com<\/a>.<\/p>\n<p><img decoding=\"async\" src=\"https:\/\/clockwork-origins.com\/wp-content\/uploads\/EW2_CoverArt_Original_v2_small-910x512.jpg\" sizes=\"(max-width: 910px) 100vw, 910px\" srcset=\"https:\/\/clockwork-origins.com\/wp-content\/uploads\/EW2_CoverArt_Original_v2_small-910x512.jpg 910w, https:\/\/clockwork-origins.com\/wp-content\/uploads\/EW2_CoverArt_Original_v2_small-533x300.jpg 533w, https:\/\/clockwork-origins.com\/wp-content\/uploads\/EW2_CoverArt_Original_v2_small-768x432.jpg 768w, https:\/\/clockwork-origins.com\/wp-content\/uploads\/EW2_CoverArt_Original_v2_small-1536x864.jpg 1536w, https:\/\/clockwork-origins.com\/wp-content\/uploads\/EW2_CoverArt_Original_v2_small-2048x1152.jpg 2048w, https:\/\/clockwork-origins.com\/wp-content\/uploads\/EW2_CoverArt_Original_v2_small-1920x1080.jpg 1920w\" alt=\"\" width=\"910\" height=\"512\" \/><\/p>\n<p>Elemental War 2 nimmt die besten Teile des ersten Elemental-War-Spiels und verbessert diese noch weiter. Neue Items und Quests, handgebaute Maps in drei einzigartigen Umgebungen (Wald, Eis und W\u00fcste), ein Coop-Modus und nat\u00fcrlich wieder globale Leaderboards, um sich untereinander zu vergleichen, warten darauf erkundet zu werden.<\/p>\n<p>Elemental War 2 ist \u00fcber Steam f\u00fcr Windows, Linux und Mac erschienen und ebenfalls f\u00fcr Xbox One, Xbox Series X|S sowie PlayStation 4 und 5 erh\u00e4ltlich.<\/p>\n<p>Lies mehr dazu auf <a href=\"https:\/\/elemental-war.com\/de\/elemental-war-2\" target=\"_blank\" rel=\"noopener\">elemental-war.com<\/a>.<\/p>\n<p><img loading=\"lazy\" decoding=\"async\" src=\"https:\/\/clockwork-origins.com\/wp-content\/uploads\/rsa_logo_dark_half-1024x292.png\" sizes=\"(max-width: 1024px) 100vw, 1024px\" srcset=\"https:\/\/clockwork-origins.com\/wp-content\/uploads\/rsa_logo_dark_half-1024x292.png 1024w, https:\/\/clockwork-origins.com\/wp-content\/uploads\/rsa_logo_dark_half-600x171.png 600w, https:\/\/clockwork-origins.com\/wp-content\/uploads\/rsa_logo_dark_half-768x219.png 768w\" alt=\"\" width=\"1024\" height=\"292\" \/><\/p>\n<p>Red Skies: Ascension ist ein post-apokalyptisches RPG mit rundenbasiertem Kampfsystem. Mit anpassbaren Robotern k\u00e4mpfst du gegen andere Roboter und Mutanten, w\u00e4hrend du einer spannenden Geschichte mit glaubhaften Charakteren in diesem postapokalyptischen Szenario folgst. Dein einziges Ziel ist es die Erde mithilfe eines selbstgebauten Luftschiffes zu verlassen.<\/p>\n<p>Lies mehr auf <a href=\"https:\/\/redskiesgame.com\" target=\"_blank\" rel=\"noopener\">redskiesgame.com<\/a>.<\/p>\n<p><img loading=\"lazy\" decoding=\"async\" src=\"https:\/\/clockwork-origins.com\/wp-content\/uploads\/Tri6Logo_dirt-1024x576.png\" sizes=\"(max-width: 910px) 100vw, 910px\" srcset=\"https:\/\/clockwork-origins.com\/wp-content\/uploads\/Tri6Logo_dirt-1024x576.png 1024w, https:\/\/clockwork-origins.com\/wp-content\/uploads\/Tri6Logo_dirt-300x169.png 300w, https:\/\/clockwork-origins.com\/wp-content\/uploads\/Tri6Logo_dirt-768x432.png 768w, https:\/\/clockwork-origins.com\/wp-content\/uploads\/Tri6Logo_dirt.png 1920w\" alt=\"\" width=\"910\" height=\"512\" \/><\/p>\n<p>Tri6 ist ein Arcade-Arena-Racer mit Fokus auf schnelle Multiplayer-Action. Angefangen hat das Projekt als Demo f\u00fcr die eigene <a href=\"https:\/\/github.com\/ClockworkOrigins\/i6engine\">i6engine<\/a>, l\u00e4uft mittlerweile aber in der Unity-Engine. Es bietet lokalen und Online-Multiplayer und auch einen Splitscreen-Modus f\u00fcr bis zu vier Spieler. In Tri6 steuerst du ein Fahrzeug im Stile von Tron, das eine Mauer hinter sich erstellt. Au\u00dferdem bietet es einige aktive und passive Powerups, um deine Gegner zu besiegen.<\/p>\n<p>Es gibt bisher noch kein Releasedatum. Zielplattformen sind Linux, Windows, Xbox, PlayStation und Switch.<\/p>\n<p><img loading=\"lazy\" decoding=\"async\" src=\"https:\/\/clockwork-origins.com\/wp-content\/uploads\/tri6infinite_announcementcapsule_800x450.jpg\" sizes=\"(max-width: 800px) 100vw, 800px\" srcset=\"https:\/\/clockwork-origins.com\/wp-content\/uploads\/tri6infinite_announcementcapsule_800x450.jpg 800w, https:\/\/clockwork-origins.com\/wp-content\/uploads\/tri6infinite_announcementcapsule_800x450-533x300.jpg 533w, https:\/\/clockwork-origins.com\/wp-content\/uploads\/tri6infinite_announcementcapsule_800x450-768x432.jpg 768w\" alt=\"\" width=\"800\" height=\"450\" \/><\/p>\n<p>Tri6: Infinite ist ein schneller Endlos-Runner im Tri6-Universum. Weiche den Hindernissen so lange wie m\u00f6glich mithilfe deiner Fahrfertigkeiten und verschiedenen Powerups aus, schlage die Top-Scores und schalte neue Fahrzeuge und Powerups frei.<\/p>\n<p>Tri6: Infinite gibt es auf Steam (Windows, Linux, Mac), itch.io (Windows, Linux, Mac), Kartridge (Windows, Mac), Microsoft Store (Windows, Xbox) und im Google Play Store (Android). Eine Switch- und PlayStation-Version folgte 2021.<\/p>\n<p>Lies mehr auf <a href=\"https:\/\/tri6game.com\/de\" target=\"_blank\" rel=\"noopener\">tri6game.com<\/a>.<\/p>\n<h2 class=\"display-posts-title\">Letzte News<\/h2>\n<div class=\"display-posts-listing image-left\"><div class=\"listing-item\"><a class=\"image\" href=\"https:\/\/clockwork-origins.com\/de\/tri6-infinite-2-launch-date-announcement-prepare-for-may-6th\/\"><img loading=\"lazy\" decoding=\"async\" width=\"300\" height=\"150\" src=\"https:\/\/clockwork-origins.com\/wp-content\/uploads\/Tri62_Cover_Small-300x150.jpg\" class=\"attachment-thumbnail size-thumbnail wp-post-image\" alt=\"\" \/><\/a> <a class=\"title\" href=\"https:\/\/clockwork-origins.com\/de\/tri6-infinite-2-launch-date-announcement-prepare-for-may-6th\/\">Tri6: Infinite 2 Launch Date Announcement \u2013 Prepare for May 6th<\/a> <span class=\"date\">26. April 2026<\/span> <span class=\"excerpt-dash\">-<\/span> <span class=\"excerpt\"><div class=\"entry-summary\">\nTri6: Infinite 2 will launch on May 6th on Steam, Xbox and PlayStation.\n<\/div><div class=\"link-more\"><a href=\"https:\/\/clockwork-origins.com\/de\/tri6-infinite-2-launch-date-announcement-prepare-for-may-6th\/\" class=\"more-link\"><span class=\"screen-reader-text\"> &ldquo;Tri6: Infinite 2 Launch Date Announcement \u2013 Prepare for May 6th&rdquo;<\/span> weiterlesen\u00a0&hellip;<\/a><\/div><\/span><\/div><div class=\"listing-item\"><a class=\"image\" href=\"https:\/\/clockwork-origins.com\/de\/tri6-infinite-2-announced-futuristic-arcade-racing-returns\/\"><img loading=\"lazy\" decoding=\"async\" width=\"300\" height=\"150\" src=\"https:\/\/clockwork-origins.com\/wp-content\/uploads\/Tri62_Cover_Small-300x150.jpg\" class=\"attachment-thumbnail size-thumbnail wp-post-image\" alt=\"\" \/><\/a> <a class=\"title\" href=\"https:\/\/clockwork-origins.com\/de\/tri6-infinite-2-announced-futuristic-arcade-racing-returns\/\">Tri6: Infinite 2 Announced \u2013 Futuristic Arcade Racing Returns<\/a> <span class=\"date\">14. Dezember 2025<\/span> <span class=\"excerpt-dash\">-<\/span> <span class=\"excerpt\"><div class=\"entry-summary\">\nTri6: Infinite 2 is officially announced. The futuristic arcade racer returns with procedurally generated tracks, smarter AI, new vehicles, weekly challenges, and a refreshed visual style. Wishlist now on Steam, Xbox and PlayStation.\n<\/div><div class=\"link-more\"><a href=\"https:\/\/clockwork-origins.com\/de\/tri6-infinite-2-announced-futuristic-arcade-racing-returns\/\" class=\"more-link\"><span class=\"screen-reader-text\"> &ldquo;Tri6: Infinite 2 Announced \u2013 Futuristic Arcade Racing Returns&rdquo;<\/span> weiterlesen\u00a0&hellip;<\/a><\/div><\/span><\/div><div class=\"listing-item\"><a class=\"image\" href=\"https:\/\/clockwork-origins.com\/de\/cybertd-1-4-0\/\"><img loading=\"lazy\" decoding=\"async\" width=\"300\" height=\"150\" src=\"https:\/\/clockwork-origins.com\/wp-content\/uploads\/PS_HeroArt_3840x2160-300x150.jpg\" class=\"attachment-thumbnail size-thumbnail wp-post-image\" alt=\"\" \/><\/a> <a class=\"title\" href=\"https:\/\/clockwork-origins.com\/de\/cybertd-1-4-0\/\">CyberTD 1.4.0<\/a> <span class=\"date\">8. September 2025<\/span> <span class=\"excerpt-dash\">-<\/span> <span class=\"excerpt\"><div class=\"entry-summary\">\nA little new update for you!\n<\/div><div class=\"link-more\"><a href=\"https:\/\/clockwork-origins.com\/de\/cybertd-1-4-0\/\" class=\"more-link\"><span class=\"screen-reader-text\"> &ldquo;CyberTD 1.4.0&rdquo;<\/span> weiterlesen\u00a0&hellip;<\/a><\/div><\/span><\/div><div class=\"listing-item\"><a class=\"image\" href=\"https:\/\/clockwork-origins.com\/de\/elemental-war-2-1-1-9\/\"><img loading=\"lazy\" decoding=\"async\" width=\"300\" height=\"150\" src=\"https:\/\/clockwork-origins.com\/wp-content\/uploads\/EW2_CoverArt_Original_v2_small-300x150.jpg\" class=\"attachment-thumbnail size-thumbnail wp-post-image\" alt=\"\" \/><\/a> <a class=\"title\" href=\"https:\/\/clockwork-origins.com\/de\/elemental-war-2-1-1-9\/\">Elemental War 2 1.1.9<\/a> <span class=\"date\">7. September 2025<\/span> <span class=\"excerpt-dash\">-<\/span> <span class=\"excerpt\"><div class=\"entry-summary\">\nElemental War 2 gets a new patch with a few small bugfixes.\n<\/div><div class=\"link-more\"><a href=\"https:\/\/clockwork-origins.com\/de\/elemental-war-2-1-1-9\/\" class=\"more-link\"><span class=\"screen-reader-text\"> &ldquo;Elemental War 2 1.1.9&rdquo;<\/span> weiterlesen\u00a0&hellip;<\/a><\/div><\/span><\/div><div class=\"listing-item\"><a class=\"image\" href=\"https:\/\/clockwork-origins.com\/de\/elemental-war-1-11-4\/\"><img loading=\"lazy\" decoding=\"async\" width=\"300\" height=\"150\" src=\"https:\/\/clockwork-origins.com\/wp-content\/uploads\/Cover_16-9-300x150.jpg\" class=\"attachment-thumbnail size-thumbnail wp-post-image\" alt=\"\" \/><\/a> <a class=\"title\" href=\"https:\/\/clockwork-origins.com\/de\/elemental-war-1-11-4\/\">Elemental War 1.11.4<\/a> <span class=\"date\">30. August 2025<\/span> <span class=\"excerpt-dash\">-<\/span> <span class=\"excerpt\"><div class=\"entry-summary\">\nA new patch for Elemental War is out fixing a few small issues!\n<\/div><div class=\"link-more\"><a href=\"https:\/\/clockwork-origins.com\/de\/elemental-war-1-11-4\/\" class=\"more-link\"><span class=\"screen-reader-text\"> &ldquo;Elemental War 1.11.4&rdquo;<\/span> weiterlesen\u00a0&hellip;<\/a><\/div><\/span><\/div><\/div>","protected":false},"excerpt":{"rendered":"<div class=\"entry-summary\">\nBei Clockwork Origins entwickeln wir nur Spiele, die wir selbst spielen wollen. Aufgrund unserer langen Zeit als Entwickler von Gothic-Modifikationen haben wir viel Erfahrung mit Gro\u00dfprojekten und verschiedenen Genres, die wir jetzt in die Entwicklung unserer eigenen Spiele stecken. Schaffst&hellip;\n<\/div>\n<div class=\"link-more\"><a href=\"https:\/\/clockwork-origins.com\/de\/elemental-war-1-11-4\/\" class=\"more-link\"><span class=\"screen-reader-text\"> &ldquo;Elemental War 1.11.4&rdquo;<\/span> weiterlesen\u00a0&hellip;<\/a><\/div>\n","protected":false},"author":1,"featured_media":0,"parent":0,"menu_order":0,"comment_status":"closed","ping_status":"closed","template":"","meta":{"iawp_total_views":0,"footnotes":""},"tags":[27,28,54,53,30,48,41,49,45],"class_list":["post-371","page","type-page","status-publish","hentry","tag-elemental-war","tag-elemental-war-de","tag-red-skies-ascension-de","tag-red-skies-ascension","tag-spiele","tag-tri6-de","tag-tri6","tag-tri6-infinite-de","tag-tri6-infinite","entry"],"yoast_head":"<!-- This site is optimized with the Yoast SEO plugin v27.5 - https:\/\/yoast.com\/product\/yoast-seo-wordpress\/ -->\n<title>Spiele - Clockwork Origins<\/title>\n<meta name=\"robots\" content=\"index, follow, max-snippet:-1, max-image-preview:large, max-video-preview:-1\" \/>\n<link rel=\"canonical\" href=\"https:\/\/clockwork-origins.com\/de\/spiele\/\" \/>\n<meta property=\"og:locale\" content=\"de_DE\" \/>\n<meta property=\"og:type\" content=\"article\" \/>\n<meta property=\"og:title\" content=\"Spiele - Clockwork Origins\" \/>\n<meta property=\"og:description\" content=\"Bei Clockwork Origins entwickeln wir nur Spiele, die wir selbst spielen wollen. Aufgrund unserer langen Zeit als Entwickler von Gothic-Modifikationen haben wir viel Erfahrung mit Gro\u00dfprojekten und verschiedenen Genres, die wir jetzt in die Entwicklung unserer eigenen Spiele stecken. Schaffst&hellip; &ldquo;Elemental War 1.11.4&rdquo; weiterlesen\u00a0&hellip;\" \/>\n<meta property=\"og:url\" content=\"https:\/\/clockwork-origins.com\/de\/spiele\/\" \/>\n<meta property=\"og:site_name\" content=\"Clockwork Origins\" \/>\n<meta property=\"article:modified_time\" content=\"2024-02-21T09:49:34+00:00\" \/>\n<meta property=\"og:image\" content=\"https:\/\/clockwork-origins.com\/wp-content\/uploads\/PS_HeroArt_3840x2160-910x512.jpg\" \/>\n<meta name=\"twitter:card\" content=\"summary_large_image\" \/>\n<meta name=\"twitter:label1\" content=\"Gesch\u00e4tzte Lesezeit\" \/>\n\t<meta name=\"twitter:data1\" content=\"4\u00a0Minuten\" \/>\n<script type=\"application\/ld+json\" class=\"yoast-schema-graph\">{\"@context\":\"https:\\\/\\\/schema.org\",\"@graph\":[{\"@type\":\"WebPage\",\"@id\":\"https:\\\/\\\/clockwork-origins.com\\\/de\\\/spiele\\\/\",\"url\":\"https:\\\/\\\/clockwork-origins.com\\\/de\\\/spiele\\\/\",\"name\":\"Spiele - Clockwork Origins\",\"isPartOf\":{\"@id\":\"https:\\\/\\\/clockwork-origins.com\\\/#website\"},\"primaryImageOfPage\":{\"@id\":\"https:\\\/\\\/clockwork-origins.com\\\/de\\\/spiele\\\/#primaryimage\"},\"image\":{\"@id\":\"https:\\\/\\\/clockwork-origins.com\\\/de\\\/spiele\\\/#primaryimage\"},\"thumbnailUrl\":\"https:\\\/\\\/clockwork-origins.com\\\/wp-content\\\/uploads\\\/PS_HeroArt_3840x2160-910x512.jpg\",\"datePublished\":\"2018-08-15T19:05:27+00:00\",\"dateModified\":\"2024-02-21T09:49:34+00:00\",\"breadcrumb\":{\"@id\":\"https:\\\/\\\/clockwork-origins.com\\\/de\\\/spiele\\\/#breadcrumb\"},\"inLanguage\":\"de\",\"potentialAction\":[{\"@type\":\"ReadAction\",\"target\":[\"https:\\\/\\\/clockwork-origins.com\\\/de\\\/spiele\\\/\"]}]},{\"@type\":\"ImageObject\",\"inLanguage\":\"de\",\"@id\":\"https:\\\/\\\/clockwork-origins.com\\\/de\\\/spiele\\\/#primaryimage\",\"url\":\"https:\\\/\\\/clockwork-origins.com\\\/wp-content\\\/uploads\\\/PS_HeroArt_3840x2160-910x512.jpg\",\"contentUrl\":\"https:\\\/\\\/clockwork-origins.com\\\/wp-content\\\/uploads\\\/PS_HeroArt_3840x2160-910x512.jpg\"},{\"@type\":\"BreadcrumbList\",\"@id\":\"https:\\\/\\\/clockwork-origins.com\\\/de\\\/spiele\\\/#breadcrumb\",\"itemListElement\":[{\"@type\":\"ListItem\",\"position\":1,\"name\":\"Home\",\"item\":\"https:\\\/\\\/clockwork-origins.com\\\/de\\\/\"},{\"@type\":\"ListItem\",\"position\":2,\"name\":\"Spiele\"}]},{\"@type\":\"WebSite\",\"@id\":\"https:\\\/\\\/clockwork-origins.com\\\/#website\",\"url\":\"https:\\\/\\\/clockwork-origins.com\\\/\",\"name\":\"Clockwork Origins\",\"description\":\"\",\"publisher\":{\"@id\":\"https:\\\/\\\/clockwork-origins.com\\\/#organization\"},\"potentialAction\":[{\"@type\":\"SearchAction\",\"target\":{\"@type\":\"EntryPoint\",\"urlTemplate\":\"https:\\\/\\\/clockwork-origins.com\\\/?s={search_term_string}\"},\"query-input\":{\"@type\":\"PropertyValueSpecification\",\"valueRequired\":true,\"valueName\":\"search_term_string\"}}],\"inLanguage\":\"de\"},{\"@type\":\"Organization\",\"@id\":\"https:\\\/\\\/clockwork-origins.com\\\/#organization\",\"name\":\"Clockwork Origins\",\"url\":\"https:\\\/\\\/clockwork-origins.com\\\/\",\"logo\":{\"@type\":\"ImageObject\",\"inLanguage\":\"de\",\"@id\":\"https:\\\/\\\/clockwork-origins.com\\\/#\\\/schema\\\/logo\\\/image\\\/\",\"url\":\"https:\\\/\\\/clockwork-origins.com\\\/wp-content\\\/uploads\\\/2018\\\/02\\\/cropped-ClockworkOrigins_Icon_256xx-1.png\",\"contentUrl\":\"https:\\\/\\\/clockwork-origins.com\\\/wp-content\\\/uploads\\\/2018\\\/02\\\/cropped-ClockworkOrigins_Icon_256xx-1.png\",\"width\":256,\"height\":256,\"caption\":\"Clockwork Origins\"},\"image\":{\"@id\":\"https:\\\/\\\/clockwork-origins.com\\\/#\\\/schema\\\/logo\\\/image\\\/\"}}]}<\/script>\n<!-- \/ Yoast SEO plugin. -->","yoast_head_json":{"title":"Spiele - Clockwork Origins","robots":{"index":"index","follow":"follow","max-snippet":"max-snippet:-1","max-image-preview":"max-image-preview:large","max-video-preview":"max-video-preview:-1"},"canonical":"https:\/\/clockwork-origins.com\/de\/spiele\/","og_locale":"de_DE","og_type":"article","og_title":"Spiele - Clockwork Origins","og_description":"Bei Clockwork Origins entwickeln wir nur Spiele, die wir selbst spielen wollen. Aufgrund unserer langen Zeit als Entwickler von Gothic-Modifikationen haben wir viel Erfahrung mit Gro\u00dfprojekten und verschiedenen Genres, die wir jetzt in die Entwicklung unserer eigenen Spiele stecken. Schaffst&hellip; &ldquo;Elemental War 1.11.4&rdquo; weiterlesen\u00a0&hellip;","og_url":"https:\/\/clockwork-origins.com\/de\/spiele\/","og_site_name":"Clockwork Origins","article_modified_time":"2024-02-21T09:49:34+00:00","og_image":[{"url":"https:\/\/clockwork-origins.com\/wp-content\/uploads\/PS_HeroArt_3840x2160-910x512.jpg","type":"","width":"","height":""}],"twitter_card":"summary_large_image","twitter_misc":{"Gesch\u00e4tzte Lesezeit":"4\u00a0Minuten"},"schema":{"@context":"https:\/\/schema.org","@graph":[{"@type":"WebPage","@id":"https:\/\/clockwork-origins.com\/de\/spiele\/","url":"https:\/\/clockwork-origins.com\/de\/spiele\/","name":"Spiele - Clockwork Origins","isPartOf":{"@id":"https:\/\/clockwork-origins.com\/#website"},"primaryImageOfPage":{"@id":"https:\/\/clockwork-origins.com\/de\/spiele\/#primaryimage"},"image":{"@id":"https:\/\/clockwork-origins.com\/de\/spiele\/#primaryimage"},"thumbnailUrl":"https:\/\/clockwork-origins.com\/wp-content\/uploads\/PS_HeroArt_3840x2160-910x512.jpg","datePublished":"2018-08-15T19:05:27+00:00","dateModified":"2024-02-21T09:49:34+00:00","breadcrumb":{"@id":"https:\/\/clockwork-origins.com\/de\/spiele\/#breadcrumb"},"inLanguage":"de","potentialAction":[{"@type":"ReadAction","target":["https:\/\/clockwork-origins.com\/de\/spiele\/"]}]},{"@type":"ImageObject","inLanguage":"de","@id":"https:\/\/clockwork-origins.com\/de\/spiele\/#primaryimage","url":"https:\/\/clockwork-origins.com\/wp-content\/uploads\/PS_HeroArt_3840x2160-910x512.jpg","contentUrl":"https:\/\/clockwork-origins.com\/wp-content\/uploads\/PS_HeroArt_3840x2160-910x512.jpg"},{"@type":"BreadcrumbList","@id":"https:\/\/clockwork-origins.com\/de\/spiele\/#breadcrumb","itemListElement":[{"@type":"ListItem","position":1,"name":"Home","item":"https:\/\/clockwork-origins.com\/de\/"},{"@type":"ListItem","position":2,"name":"Spiele"}]},{"@type":"WebSite","@id":"https:\/\/clockwork-origins.com\/#website","url":"https:\/\/clockwork-origins.com\/","name":"Clockwork Origins","description":"","publisher":{"@id":"https:\/\/clockwork-origins.com\/#organization"},"potentialAction":[{"@type":"SearchAction","target":{"@type":"EntryPoint","urlTemplate":"https:\/\/clockwork-origins.com\/?s={search_term_string}"},"query-input":{"@type":"PropertyValueSpecification","valueRequired":true,"valueName":"search_term_string"}}],"inLanguage":"de"},{"@type":"Organization","@id":"https:\/\/clockwork-origins.com\/#organization","name":"Clockwork Origins","url":"https:\/\/clockwork-origins.com\/","logo":{"@type":"ImageObject","inLanguage":"de","@id":"https:\/\/clockwork-origins.com\/#\/schema\/logo\/image\/","url":"https:\/\/clockwork-origins.com\/wp-content\/uploads\/2018\/02\/cropped-ClockworkOrigins_Icon_256xx-1.png","contentUrl":"https:\/\/clockwork-origins.com\/wp-content\/uploads\/2018\/02\/cropped-ClockworkOrigins_Icon_256xx-1.png","width":256,"height":256,"caption":"Clockwork Origins"},"image":{"@id":"https:\/\/clockwork-origins.com\/#\/schema\/logo\/image\/"}}]}},"_links":{"self":[{"href":"https:\/\/clockwork-origins.com\/de\/wp-json\/wp\/v2\/pages\/371","targetHints":{"allow":["GET"]}}],"collection":[{"href":"https:\/\/clockwork-origins.com\/de\/wp-json\/wp\/v2\/pages"}],"about":[{"href":"https:\/\/clockwork-origins.com\/de\/wp-json\/wp\/v2\/types\/page"}],"author":[{"embeddable":true,"href":"https:\/\/clockwork-origins.com\/de\/wp-json\/wp\/v2\/users\/1"}],"replies":[{"embeddable":true,"href":"https:\/\/clockwork-origins.com\/de\/wp-json\/wp\/v2\/comments?post=371"}],"version-history":[{"count":36,"href":"https:\/\/clockwork-origins.com\/de\/wp-json\/wp\/v2\/pages\/371\/revisions"}],"predecessor-version":[{"id":2618,"href":"https:\/\/clockwork-origins.com\/de\/wp-json\/wp\/v2\/pages\/371\/revisions\/2618"}],"wp:attachment":[{"href":"https:\/\/clockwork-origins.com\/de\/wp-json\/wp\/v2\/media?parent=371"}],"wp:term":[{"taxonomy":"post_tag","embeddable":true,"href":"https:\/\/clockwork-origins.com\/de\/wp-json\/wp\/v2\/tags?post=371"}],"curies":[{"name":"wp","href":"https:\/\/api.w.org\/{rel}","templated":true}]}}