{"id":887,"date":"2019-10-28T11:11:59","date_gmt":"2019-10-28T10:11:59","guid":{"rendered":"https:\/\/clockwork-origins.com\/spine-tutorials\/"},"modified":"2021-04-18T14:00:21","modified_gmt":"2021-04-18T12:00:21","slug":"spine-tutorials","status":"publish","type":"page","link":"https:\/\/clockwork-origins.com\/de\/spine-tutorials\/","title":{"rendered":"Spine Tutorials"},"content":{"rendered":"\n<p>Du bist ein Entwickler und willst deine Modifikationen auf Spine ver\u00f6ffentlichen und Spines Funktionalit\u00e4ten nutzen und wei\u00dft nicht, wie du anfangen sollst? Dann ist hier genau der richtige Ort f\u00fcr dich!<\/p>\n\n\n\n<p>Wir haben einige Tutorials. Wenn du irgendwas vermisst, kontaktiere uns gern via <a href=\"https:\/\/clockwork-origins.com\/de\/kontakt\/\">Mail<\/a> oder auf unserem <a rel=\"noreferrer noopener\" aria-label=\"Discord (opens in a new tab)\" href=\"https:\/\/discord.gg\/bwnuXq9\" target=\"_blank\">Discord<\/a>.<\/p>\n\n\n\n<h2 class=\"wp-block-heading\">Allgemeine Informationen<\/h2>\n\n\n\n<p><a href=\"https:\/\/clockwork-origins.com\/de\/spine-tutorial-getting-started\/\">Getting started<\/a><\/p>\n\n\n\n<p><a href=\"https:\/\/clockwork-origins.com\/de\/spine-tutorial-publishing-on-spine\/\">Ver\u00f6ffentlichen auf Spine<\/a><\/p>\n\n\n\n<p><a href=\"https:\/\/clockwork-origins.com\/de\/spine-tutorial-translating-modifications\/\">Modifikationen \u00fcbersetzen<\/a><\/p>\n\n\n\n<h2 class=\"wp-block-heading\">Benutzung der Spine-API<\/h2>\n\n\n\n<p><a href=\"https:\/\/clockwork-origins.com\/de\/spine-tutorial-1-initialization\/\">Initialisierung<\/a><\/p>\n\n\n\n<p><a href=\"https:\/\/clockwork-origins.com\/de\/spine-tutorial-2-achievements\/\">Erfolge<\/a><\/p>\n\n\n\n<p><a href=\"https:\/\/clockwork-origins.com\/de\/spine-tutorial-3-scores\/\">Scores<\/a><\/p>\n\n\n\n<p><a href=\"https:\/\/clockwork-origins.com\/de\/spine-tutorial-4-overall-saves\/\">Overall Saves<\/a><\/p>\n\n\n\n<p><a href=\"https:\/\/clockwork-origins.com\/de\/spine-tutorial-5-multiplayer\/\">Multiplayer<\/a><\/p>\n\n\n\n<p><a href=\"https:\/\/clockwork-origins.com\/de\/spine-tutorial-6-friends\/\">Freunde<\/a><\/p>\n\n\n\n<p><a href=\"https:\/\/clockwork-origins.com\/de\/spine-tutorial-7-statistics\/\">Statistiken<\/a><\/p>\n\n\n\n<h2 class=\"wp-block-heading\">Andere Spine-Features<\/h2>\n\n\n\n<p><a href=\"https:\/\/clockwork-origins.com\/de\/spine-tutorial-tool-cfg\/\">tool.cfg<\/a><\/p>\n\n\n\n<p><a href=\"https:\/\/clockwork-origins.com\/de\/spine-tutorial-spine-cfg\/\">spine.cfg<\/a><\/p>\n","protected":false},"excerpt":{"rendered":"<div class=\"entry-summary\">\nDu bist ein Entwickler und willst deine Modifikationen auf Spine ver\u00f6ffentlichen und Spines Funktionalit\u00e4ten nutzen und wei\u00dft nicht, wie du anfangen sollst? Dann ist hier genau der richtige Ort f\u00fcr dich! Wir haben einige Tutorials. Wenn du irgendwas vermisst, kontaktiere&hellip;\n<\/div>\n<div class=\"link-more\"><a href=\"https:\/\/clockwork-origins.com\/de\/spine-tutorials\/\" class=\"more-link\"><span class=\"screen-reader-text\"> &ldquo;Spine Tutorials&rdquo;<\/span> weiterlesen\u00a0&hellip;<\/a><\/div>\n","protected":false},"author":1,"featured_media":0,"parent":0,"menu_order":0,"comment_status":"closed","ping_status":"closed","template":"","meta":{"iawp_total_views":46,"footnotes":""},"tags":[51,43,42,50],"class_list":["post-887","page","type-page","status-publish","hentry","tag-spine-de","tag-spine","tag-tools","tag-tools-de","entry"],"yoast_head":"<!-- This site is optimized with the Yoast SEO plugin v27.4 - https:\/\/yoast.com\/product\/yoast-seo-wordpress\/ -->\n<title>Spine Tutorials - Clockwork Origins<\/title>\n<meta name=\"robots\" content=\"index, follow, max-snippet:-1, max-image-preview:large, max-video-preview:-1\" \/>\n<link rel=\"canonical\" href=\"https:\/\/clockwork-origins.com\/de\/spine-tutorials\/\" \/>\n<meta property=\"og:locale\" content=\"de_DE\" \/>\n<meta property=\"og:type\" content=\"article\" \/>\n<meta property=\"og:title\" content=\"Spine Tutorials - Clockwork Origins\" \/>\n<meta property=\"og:description\" content=\"Du bist ein Entwickler und willst deine Modifikationen auf Spine ver\u00f6ffentlichen und Spines Funktionalit\u00e4ten nutzen und wei\u00dft nicht, wie du anfangen sollst? Dann ist hier genau der richtige Ort f\u00fcr dich! Wir haben einige Tutorials. Wenn du irgendwas vermisst, kontaktiere&hellip; &ldquo;Spine Tutorials&rdquo; weiterlesen\u00a0&hellip;\" \/>\n<meta property=\"og:url\" content=\"https:\/\/clockwork-origins.com\/de\/spine-tutorials\/\" \/>\n<meta property=\"og:site_name\" content=\"Clockwork Origins\" \/>\n<meta property=\"article:modified_time\" content=\"2021-04-18T12:00:21+00:00\" \/>\n<meta name=\"twitter:card\" content=\"summary_large_image\" \/>\n<meta name=\"twitter:label1\" content=\"Gesch\u00e4tzte Lesezeit\" \/>\n\t<meta name=\"twitter:data1\" content=\"1\u00a0Minute\" \/>\n<script type=\"application\/ld+json\" class=\"yoast-schema-graph\">{\"@context\":\"https:\\\/\\\/schema.org\",\"@graph\":[{\"@type\":\"WebPage\",\"@id\":\"https:\\\/\\\/clockwork-origins.com\\\/de\\\/spine-tutorials\\\/\",\"url\":\"https:\\\/\\\/clockwork-origins.com\\\/de\\\/spine-tutorials\\\/\",\"name\":\"Spine Tutorials - Clockwork Origins\",\"isPartOf\":{\"@id\":\"https:\\\/\\\/clockwork-origins.com\\\/#website\"},\"datePublished\":\"2019-10-28T10:11:59+00:00\",\"dateModified\":\"2021-04-18T12:00:21+00:00\",\"breadcrumb\":{\"@id\":\"https:\\\/\\\/clockwork-origins.com\\\/de\\\/spine-tutorials\\\/#breadcrumb\"},\"inLanguage\":\"de\",\"potentialAction\":[{\"@type\":\"ReadAction\",\"target\":[\"https:\\\/\\\/clockwork-origins.com\\\/de\\\/spine-tutorials\\\/\"]}]},{\"@type\":\"BreadcrumbList\",\"@id\":\"https:\\\/\\\/clockwork-origins.com\\\/de\\\/spine-tutorials\\\/#breadcrumb\",\"itemListElement\":[{\"@type\":\"ListItem\",\"position\":1,\"name\":\"Home\",\"item\":\"https:\\\/\\\/clockwork-origins.com\\\/de\\\/\"},{\"@type\":\"ListItem\",\"position\":2,\"name\":\"Spine Tutorials\"}]},{\"@type\":\"WebSite\",\"@id\":\"https:\\\/\\\/clockwork-origins.com\\\/#website\",\"url\":\"https:\\\/\\\/clockwork-origins.com\\\/\",\"name\":\"Clockwork Origins\",\"description\":\"\",\"publisher\":{\"@id\":\"https:\\\/\\\/clockwork-origins.com\\\/#organization\"},\"potentialAction\":[{\"@type\":\"SearchAction\",\"target\":{\"@type\":\"EntryPoint\",\"urlTemplate\":\"https:\\\/\\\/clockwork-origins.com\\\/?s={search_term_string}\"},\"query-input\":{\"@type\":\"PropertyValueSpecification\",\"valueRequired\":true,\"valueName\":\"search_term_string\"}}],\"inLanguage\":\"de\"},{\"@type\":\"Organization\",\"@id\":\"https:\\\/\\\/clockwork-origins.com\\\/#organization\",\"name\":\"Clockwork Origins\",\"url\":\"https:\\\/\\\/clockwork-origins.com\\\/\",\"logo\":{\"@type\":\"ImageObject\",\"inLanguage\":\"de\",\"@id\":\"https:\\\/\\\/clockwork-origins.com\\\/#\\\/schema\\\/logo\\\/image\\\/\",\"url\":\"https:\\\/\\\/clockwork-origins.com\\\/wp-content\\\/uploads\\\/2018\\\/02\\\/cropped-ClockworkOrigins_Icon_256xx-1.png\",\"contentUrl\":\"https:\\\/\\\/clockwork-origins.com\\\/wp-content\\\/uploads\\\/2018\\\/02\\\/cropped-ClockworkOrigins_Icon_256xx-1.png\",\"width\":256,\"height\":256,\"caption\":\"Clockwork Origins\"},\"image\":{\"@id\":\"https:\\\/\\\/clockwork-origins.com\\\/#\\\/schema\\\/logo\\\/image\\\/\"}}]}<\/script>\n<!-- \/ Yoast SEO plugin. -->","yoast_head_json":{"title":"Spine Tutorials - Clockwork Origins","robots":{"index":"index","follow":"follow","max-snippet":"max-snippet:-1","max-image-preview":"max-image-preview:large","max-video-preview":"max-video-preview:-1"},"canonical":"https:\/\/clockwork-origins.com\/de\/spine-tutorials\/","og_locale":"de_DE","og_type":"article","og_title":"Spine Tutorials - Clockwork Origins","og_description":"Du bist ein Entwickler und willst deine Modifikationen auf Spine ver\u00f6ffentlichen und Spines Funktionalit\u00e4ten nutzen und wei\u00dft nicht, wie du anfangen sollst? Dann ist hier genau der richtige Ort f\u00fcr dich! Wir haben einige Tutorials. Wenn du irgendwas vermisst, kontaktiere&hellip; &ldquo;Spine Tutorials&rdquo; weiterlesen\u00a0&hellip;","og_url":"https:\/\/clockwork-origins.com\/de\/spine-tutorials\/","og_site_name":"Clockwork Origins","article_modified_time":"2021-04-18T12:00:21+00:00","twitter_card":"summary_large_image","twitter_misc":{"Gesch\u00e4tzte Lesezeit":"1\u00a0Minute"},"schema":{"@context":"https:\/\/schema.org","@graph":[{"@type":"WebPage","@id":"https:\/\/clockwork-origins.com\/de\/spine-tutorials\/","url":"https:\/\/clockwork-origins.com\/de\/spine-tutorials\/","name":"Spine Tutorials - Clockwork Origins","isPartOf":{"@id":"https:\/\/clockwork-origins.com\/#website"},"datePublished":"2019-10-28T10:11:59+00:00","dateModified":"2021-04-18T12:00:21+00:00","breadcrumb":{"@id":"https:\/\/clockwork-origins.com\/de\/spine-tutorials\/#breadcrumb"},"inLanguage":"de","potentialAction":[{"@type":"ReadAction","target":["https:\/\/clockwork-origins.com\/de\/spine-tutorials\/"]}]},{"@type":"BreadcrumbList","@id":"https:\/\/clockwork-origins.com\/de\/spine-tutorials\/#breadcrumb","itemListElement":[{"@type":"ListItem","position":1,"name":"Home","item":"https:\/\/clockwork-origins.com\/de\/"},{"@type":"ListItem","position":2,"name":"Spine Tutorials"}]},{"@type":"WebSite","@id":"https:\/\/clockwork-origins.com\/#website","url":"https:\/\/clockwork-origins.com\/","name":"Clockwork Origins","description":"","publisher":{"@id":"https:\/\/clockwork-origins.com\/#organization"},"potentialAction":[{"@type":"SearchAction","target":{"@type":"EntryPoint","urlTemplate":"https:\/\/clockwork-origins.com\/?s={search_term_string}"},"query-input":{"@type":"PropertyValueSpecification","valueRequired":true,"valueName":"search_term_string"}}],"inLanguage":"de"},{"@type":"Organization","@id":"https:\/\/clockwork-origins.com\/#organization","name":"Clockwork Origins","url":"https:\/\/clockwork-origins.com\/","logo":{"@type":"ImageObject","inLanguage":"de","@id":"https:\/\/clockwork-origins.com\/#\/schema\/logo\/image\/","url":"https:\/\/clockwork-origins.com\/wp-content\/uploads\/2018\/02\/cropped-ClockworkOrigins_Icon_256xx-1.png","contentUrl":"https:\/\/clockwork-origins.com\/wp-content\/uploads\/2018\/02\/cropped-ClockworkOrigins_Icon_256xx-1.png","width":256,"height":256,"caption":"Clockwork Origins"},"image":{"@id":"https:\/\/clockwork-origins.com\/#\/schema\/logo\/image\/"}}]}},"_links":{"self":[{"href":"https:\/\/clockwork-origins.com\/de\/wp-json\/wp\/v2\/pages\/887","targetHints":{"allow":["GET"]}}],"collection":[{"href":"https:\/\/clockwork-origins.com\/de\/wp-json\/wp\/v2\/pages"}],"about":[{"href":"https:\/\/clockwork-origins.com\/de\/wp-json\/wp\/v2\/types\/page"}],"author":[{"embeddable":true,"href":"https:\/\/clockwork-origins.com\/de\/wp-json\/wp\/v2\/users\/1"}],"replies":[{"embeddable":true,"href":"https:\/\/clockwork-origins.com\/de\/wp-json\/wp\/v2\/comments?post=887"}],"version-history":[{"count":13,"href":"https:\/\/clockwork-origins.com\/de\/wp-json\/wp\/v2\/pages\/887\/revisions"}],"predecessor-version":[{"id":1746,"href":"https:\/\/clockwork-origins.com\/de\/wp-json\/wp\/v2\/pages\/887\/revisions\/1746"}],"wp:attachment":[{"href":"https:\/\/clockwork-origins.com\/de\/wp-json\/wp\/v2\/media?parent=887"}],"wp:term":[{"taxonomy":"post_tag","embeddable":true,"href":"https:\/\/clockwork-origins.com\/de\/wp-json\/wp\/v2\/tags?post=887"}],"curies":[{"name":"wp","href":"https:\/\/api.w.org\/{rel}","templated":true}]}}