{"id":953,"date":"2019-11-04T13:24:40","date_gmt":"2019-11-04T12:24:40","guid":{"rendered":"https:\/\/clockwork-origins.com\/spine-tutorial-4-overall-saves\/"},"modified":"2019-11-04T13:28:27","modified_gmt":"2019-11-04T12:28:27","slug":"spine-tutorial-4-overall-saves","status":"publish","type":"page","link":"https:\/\/clockwork-origins.com\/de\/spine-tutorial-4-overall-saves\/","title":{"rendered":"Spine Tutorial 4 &#8211; Overall Saves"},"content":{"rendered":"\n<h2 class=\"wp-block-heading\">Voraussetzungen<\/h2>\n\n\n\n<ul class=\"wp-block-list\"><li>Ikarus Script-Paket: <a rel=\"noreferrer noopener\" href=\"https:\/\/forum.worldofplayers.de\/forum\/threads\/1299679-Skriptpaket-Ikarus-4\" target=\"_blank\">Thread @ World of Gothic<\/a><\/li><li>LeGo  Script-Paket : <a rel=\"noreferrer noopener\" href=\"https:\/\/forum.worldofplayers.de\/forum\/threads\/1505251-Skriptpaket-LeGo-4\" target=\"_blank\">Thread @ World of Gothic<\/a><\/li><li>Spine  Script-Paket : <a rel=\"noreferrer noopener\" href=\"https:\/\/github.com\/BonneCW\/Spine-Scripts\" target=\"_blank\">Download @ GitHub<\/a><\/li><li><a href=\"https:\/\/clockwork-origins.com\/de\/spine-tutorial-1-initialization\/\">Tutorial 1 &#8211; Initialisierung<\/a><\/li><\/ul>\n\n\n\n<h2 class=\"wp-block-heading\">Einleitung<\/h2>\n\n\n\n<p>Dieses Tutorial befasst sich mit der Bef\u00fcllung und Verwaltung von Savegame-\u00fcbergreifenden Daten. Ben\u00f6tigt wird das Modul <em>SPINE_MODULE_OVERALLSAVE<\/em>. Das kann n\u00fctzlich sein, wenn man beispielsweise Erfolge erstellen m\u00f6chte nach dem Schema &#8222;Spiel mit allen Gilden einmal abgeschlossen&#8220; oder &#8222;x Gegner besiegt&#8220;.<\/p>\n\n\n\n<h2 class=\"wp-block-heading\">Die Funktionen<\/h2>\n\n\n\n<p>Die verschiedenen Funktionen dieses Moduls sollen hier kurz vorgestellt werden.<\/p>\n\n\n\n<h3 class=\"wp-block-heading\">Spine_OverallSaveSetString<\/h3>\n\n\n\n<p>Mit <em>Spine_OverallSaveSetString<\/em> l\u00e4sst sich ein beliebiger String-Wert speichern. Dazu wird ein Schl\u00fcsselwert zum Identifizieren ben\u00f6tigt. Ein Beispiel:<\/p>\n\n\n\n<pre class=\"wp-block-code\"><code>Spine_OverallSaveSetString(\"LastTalkedNpc\", \"Xardas\");<\/code><\/pre>\n\n\n\n<h3 class=\"wp-block-heading\">Spine_OverallSaveGetString<\/h3>\n\n\n\n<p>Mit <em>Spine_OverallSaveSetString<\/em> l\u00e4sst sich ein gespeicherter Wert aus dem Save wieder auslesen. Das bedeutet, dass man mit<\/p>\n\n\n\n<pre class=\"wp-block-code\"><code>Spine_OverallSaveGetString(\"LastTalkedNpc\");<\/code><\/pre>\n\n\n\n<p>den Wert <em>&#8222;Xardas&#8220;<\/em> bekommt, wenn man das Beispiel oben ausgef\u00fchrt hat.<\/p>\n\n\n\n<h3 class=\"wp-block-heading\">Spine_OverallSaveSetInt<\/h3>\n\n\n\n<p>Mit <em>Spine_OverallSaveSetInt<\/em> l\u00e4sst sich ein Integer-Wert, also eine Zahl, speichern. Das funktioniert analog zu den Strings. Das bedeutet, dass man mit<\/p>\n\n\n\n<pre class=\"wp-block-code\"><code>Spine_OverallSaveSetInt(\"MonstersKilled\", 10);<\/code><\/pre>\n\n\n\n<p>die Anzahl an get\u00f6teten Monstern speichern kann.<\/p>\n\n\n\n<h3 class=\"wp-block-heading\">Spine_OverallSaveGetInt<\/h3>\n\n\n\n<p>Mit <em>Spine_OverallSaveGetInt<\/em> l\u00e4sst sich der Wert dann auch genauso einfach wieder auslesen. Das bedeutet, dass man mit<\/p>\n\n\n\n<pre class=\"wp-block-code\"><code>Spine_OverallSaveGetInt(\"MonstersKilled\");<\/code><\/pre>\n\n\n\n<p>den Wert 10 bekommt, wenn man das Beispiel oben ausgef\u00fchrt hat.<\/p>\n","protected":false},"excerpt":{"rendered":"<div class=\"entry-summary\">\nVoraussetzungen Ikarus Script-Paket: Thread @ World of Gothic LeGo Script-Paket : Thread @ World of Gothic Spine Script-Paket : Download @ GitHub Tutorial 1 &#8211; Initialisierung Einleitung Dieses Tutorial befasst sich mit der Bef\u00fcllung und Verwaltung von Savegame-\u00fcbergreifenden Daten. Ben\u00f6tigt&hellip;\n<\/div>\n<div class=\"link-more\"><a href=\"https:\/\/clockwork-origins.com\/de\/spine-tutorial-4-overall-saves\/\" class=\"more-link\"><span class=\"screen-reader-text\"> &ldquo;Spine Tutorial 4 &#8211; Overall Saves&rdquo;<\/span> weiterlesen\u00a0&hellip;<\/a><\/div>\n","protected":false},"author":1,"featured_media":0,"parent":0,"menu_order":0,"comment_status":"closed","ping_status":"closed","template":"","meta":{"iawp_total_views":0,"footnotes":""},"tags":[43,42],"class_list":["post-953","page","type-page","status-publish","hentry","tag-spine","tag-tools","entry"],"yoast_head":"<!-- This site is optimized with the Yoast SEO plugin v27.4 - https:\/\/yoast.com\/product\/yoast-seo-wordpress\/ -->\n<title>Spine Tutorial 4 - Overall Saves - Clockwork Origins<\/title>\n<meta name=\"robots\" content=\"index, follow, max-snippet:-1, max-image-preview:large, max-video-preview:-1\" \/>\n<link rel=\"canonical\" href=\"https:\/\/clockwork-origins.com\/de\/spine-tutorial-4-overall-saves\/\" \/>\n<meta property=\"og:locale\" content=\"de_DE\" \/>\n<meta property=\"og:type\" content=\"article\" \/>\n<meta property=\"og:title\" content=\"Spine Tutorial 4 - Overall Saves - Clockwork Origins\" \/>\n<meta property=\"og:description\" content=\"Voraussetzungen Ikarus Script-Paket: Thread @ World of Gothic LeGo Script-Paket : Thread @ World of Gothic Spine Script-Paket : Download @ GitHub Tutorial 1 &#8211; Initialisierung Einleitung Dieses Tutorial befasst sich mit der Bef\u00fcllung und Verwaltung von Savegame-\u00fcbergreifenden Daten. Ben\u00f6tigt&hellip; &ldquo;Spine Tutorial 4 &#8211; Overall Saves&rdquo; weiterlesen\u00a0&hellip;\" \/>\n<meta property=\"og:url\" content=\"https:\/\/clockwork-origins.com\/de\/spine-tutorial-4-overall-saves\/\" \/>\n<meta property=\"og:site_name\" content=\"Clockwork Origins\" \/>\n<meta property=\"article:modified_time\" content=\"2019-11-04T12:28:27+00:00\" \/>\n<meta name=\"twitter:card\" content=\"summary_large_image\" \/>\n<meta name=\"twitter:label1\" content=\"Gesch\u00e4tzte Lesezeit\" \/>\n\t<meta name=\"twitter:data1\" content=\"1\u00a0Minute\" \/>\n<script type=\"application\/ld+json\" class=\"yoast-schema-graph\">{\"@context\":\"https:\\\/\\\/schema.org\",\"@graph\":[{\"@type\":\"WebPage\",\"@id\":\"https:\\\/\\\/clockwork-origins.com\\\/de\\\/spine-tutorial-4-overall-saves\\\/\",\"url\":\"https:\\\/\\\/clockwork-origins.com\\\/de\\\/spine-tutorial-4-overall-saves\\\/\",\"name\":\"Spine Tutorial 4 - Overall Saves - Clockwork Origins\",\"isPartOf\":{\"@id\":\"https:\\\/\\\/clockwork-origins.com\\\/#website\"},\"datePublished\":\"2019-11-04T12:24:40+00:00\",\"dateModified\":\"2019-11-04T12:28:27+00:00\",\"breadcrumb\":{\"@id\":\"https:\\\/\\\/clockwork-origins.com\\\/de\\\/spine-tutorial-4-overall-saves\\\/#breadcrumb\"},\"inLanguage\":\"de\",\"potentialAction\":[{\"@type\":\"ReadAction\",\"target\":[\"https:\\\/\\\/clockwork-origins.com\\\/de\\\/spine-tutorial-4-overall-saves\\\/\"]}]},{\"@type\":\"BreadcrumbList\",\"@id\":\"https:\\\/\\\/clockwork-origins.com\\\/de\\\/spine-tutorial-4-overall-saves\\\/#breadcrumb\",\"itemListElement\":[{\"@type\":\"ListItem\",\"position\":1,\"name\":\"Home\",\"item\":\"https:\\\/\\\/clockwork-origins.com\\\/de\\\/\"},{\"@type\":\"ListItem\",\"position\":2,\"name\":\"Spine Tutorial 4 &#8211; Overall Saves\"}]},{\"@type\":\"WebSite\",\"@id\":\"https:\\\/\\\/clockwork-origins.com\\\/#website\",\"url\":\"https:\\\/\\\/clockwork-origins.com\\\/\",\"name\":\"Clockwork Origins\",\"description\":\"\",\"publisher\":{\"@id\":\"https:\\\/\\\/clockwork-origins.com\\\/#organization\"},\"potentialAction\":[{\"@type\":\"SearchAction\",\"target\":{\"@type\":\"EntryPoint\",\"urlTemplate\":\"https:\\\/\\\/clockwork-origins.com\\\/?s={search_term_string}\"},\"query-input\":{\"@type\":\"PropertyValueSpecification\",\"valueRequired\":true,\"valueName\":\"search_term_string\"}}],\"inLanguage\":\"de\"},{\"@type\":\"Organization\",\"@id\":\"https:\\\/\\\/clockwork-origins.com\\\/#organization\",\"name\":\"Clockwork Origins\",\"url\":\"https:\\\/\\\/clockwork-origins.com\\\/\",\"logo\":{\"@type\":\"ImageObject\",\"inLanguage\":\"de\",\"@id\":\"https:\\\/\\\/clockwork-origins.com\\\/#\\\/schema\\\/logo\\\/image\\\/\",\"url\":\"https:\\\/\\\/clockwork-origins.com\\\/wp-content\\\/uploads\\\/2018\\\/02\\\/cropped-ClockworkOrigins_Icon_256xx-1.png\",\"contentUrl\":\"https:\\\/\\\/clockwork-origins.com\\\/wp-content\\\/uploads\\\/2018\\\/02\\\/cropped-ClockworkOrigins_Icon_256xx-1.png\",\"width\":256,\"height\":256,\"caption\":\"Clockwork Origins\"},\"image\":{\"@id\":\"https:\\\/\\\/clockwork-origins.com\\\/#\\\/schema\\\/logo\\\/image\\\/\"}}]}<\/script>\n<!-- \/ Yoast SEO plugin. -->","yoast_head_json":{"title":"Spine Tutorial 4 - Overall Saves - Clockwork Origins","robots":{"index":"index","follow":"follow","max-snippet":"max-snippet:-1","max-image-preview":"max-image-preview:large","max-video-preview":"max-video-preview:-1"},"canonical":"https:\/\/clockwork-origins.com\/de\/spine-tutorial-4-overall-saves\/","og_locale":"de_DE","og_type":"article","og_title":"Spine Tutorial 4 - Overall Saves - Clockwork Origins","og_description":"Voraussetzungen Ikarus Script-Paket: Thread @ World of Gothic LeGo Script-Paket : Thread @ World of Gothic Spine Script-Paket : Download @ GitHub Tutorial 1 &#8211; Initialisierung Einleitung Dieses Tutorial befasst sich mit der Bef\u00fcllung und Verwaltung von Savegame-\u00fcbergreifenden Daten. Ben\u00f6tigt&hellip; &ldquo;Spine Tutorial 4 &#8211; Overall Saves&rdquo; weiterlesen\u00a0&hellip;","og_url":"https:\/\/clockwork-origins.com\/de\/spine-tutorial-4-overall-saves\/","og_site_name":"Clockwork Origins","article_modified_time":"2019-11-04T12:28:27+00:00","twitter_card":"summary_large_image","twitter_misc":{"Gesch\u00e4tzte Lesezeit":"1\u00a0Minute"},"schema":{"@context":"https:\/\/schema.org","@graph":[{"@type":"WebPage","@id":"https:\/\/clockwork-origins.com\/de\/spine-tutorial-4-overall-saves\/","url":"https:\/\/clockwork-origins.com\/de\/spine-tutorial-4-overall-saves\/","name":"Spine Tutorial 4 - Overall Saves - Clockwork Origins","isPartOf":{"@id":"https:\/\/clockwork-origins.com\/#website"},"datePublished":"2019-11-04T12:24:40+00:00","dateModified":"2019-11-04T12:28:27+00:00","breadcrumb":{"@id":"https:\/\/clockwork-origins.com\/de\/spine-tutorial-4-overall-saves\/#breadcrumb"},"inLanguage":"de","potentialAction":[{"@type":"ReadAction","target":["https:\/\/clockwork-origins.com\/de\/spine-tutorial-4-overall-saves\/"]}]},{"@type":"BreadcrumbList","@id":"https:\/\/clockwork-origins.com\/de\/spine-tutorial-4-overall-saves\/#breadcrumb","itemListElement":[{"@type":"ListItem","position":1,"name":"Home","item":"https:\/\/clockwork-origins.com\/de\/"},{"@type":"ListItem","position":2,"name":"Spine Tutorial 4 &#8211; Overall Saves"}]},{"@type":"WebSite","@id":"https:\/\/clockwork-origins.com\/#website","url":"https:\/\/clockwork-origins.com\/","name":"Clockwork Origins","description":"","publisher":{"@id":"https:\/\/clockwork-origins.com\/#organization"},"potentialAction":[{"@type":"SearchAction","target":{"@type":"EntryPoint","urlTemplate":"https:\/\/clockwork-origins.com\/?s={search_term_string}"},"query-input":{"@type":"PropertyValueSpecification","valueRequired":true,"valueName":"search_term_string"}}],"inLanguage":"de"},{"@type":"Organization","@id":"https:\/\/clockwork-origins.com\/#organization","name":"Clockwork Origins","url":"https:\/\/clockwork-origins.com\/","logo":{"@type":"ImageObject","inLanguage":"de","@id":"https:\/\/clockwork-origins.com\/#\/schema\/logo\/image\/","url":"https:\/\/clockwork-origins.com\/wp-content\/uploads\/2018\/02\/cropped-ClockworkOrigins_Icon_256xx-1.png","contentUrl":"https:\/\/clockwork-origins.com\/wp-content\/uploads\/2018\/02\/cropped-ClockworkOrigins_Icon_256xx-1.png","width":256,"height":256,"caption":"Clockwork Origins"},"image":{"@id":"https:\/\/clockwork-origins.com\/#\/schema\/logo\/image\/"}}]}},"_links":{"self":[{"href":"https:\/\/clockwork-origins.com\/de\/wp-json\/wp\/v2\/pages\/953","targetHints":{"allow":["GET"]}}],"collection":[{"href":"https:\/\/clockwork-origins.com\/de\/wp-json\/wp\/v2\/pages"}],"about":[{"href":"https:\/\/clockwork-origins.com\/de\/wp-json\/wp\/v2\/types\/page"}],"author":[{"embeddable":true,"href":"https:\/\/clockwork-origins.com\/de\/wp-json\/wp\/v2\/users\/1"}],"replies":[{"embeddable":true,"href":"https:\/\/clockwork-origins.com\/de\/wp-json\/wp\/v2\/comments?post=953"}],"version-history":[{"count":1,"href":"https:\/\/clockwork-origins.com\/de\/wp-json\/wp\/v2\/pages\/953\/revisions"}],"predecessor-version":[{"id":954,"href":"https:\/\/clockwork-origins.com\/de\/wp-json\/wp\/v2\/pages\/953\/revisions\/954"}],"wp:attachment":[{"href":"https:\/\/clockwork-origins.com\/de\/wp-json\/wp\/v2\/media?parent=953"}],"wp:term":[{"taxonomy":"post_tag","embeddable":true,"href":"https:\/\/clockwork-origins.com\/de\/wp-json\/wp\/v2\/tags?post=953"}],"curies":[{"name":"wp","href":"https:\/\/api.w.org\/{rel}","templated":true}]}}